{"id":16,"date":"2023-05-05T13:37:35","date_gmt":"2023-05-05T11:37:35","guid":{"rendered":"https:\/\/berninabrussels.be\/?post_type=product&#038;p=16"},"modified":"2025-11-29T17:08:11","modified_gmt":"2025-11-29T16:08:11","slug":"machine-a-coudre-bernette-b38","status":"publish","type":"product","link":"https:\/\/berninabrussels.be\/?product=machine-a-coudre-bernette-b38","title":{"rendered":"MACHINE \u00c0 COUDRE BERNETTE B38"},"content":{"rendered":"<p>La Bernette 38 est le mod\u00e8le au top dans la s\u00e9rie Bernette. Cette machine \u00e0 coudre \u00e9lectronique offre une vaste gamme de fonctions \u00e0 un prix abordable &#8211; rien n&rsquo;est laiss\u00e9 au hasard.<\/p>\n<p>En tant que mod\u00e8le au top, cette machine \u00e0 coudre poss\u00e8de \u00e9galement un \u00e9clairage LED, un enfile-aiguille et un coupe-fil automatique. Ces fonctions vous permettent de coudre plus rapidement et plus efficacement.<\/p>\n<div class=\"container sm-padding\">\n<div class=\"col-sm-6 col-xs-12\">\n<p>La Bernette 38 est livr\u00e9es avec 8 pieds presseurs (semelles) et une table d&rsquo;extension.<\/p>\n<p>Elle offre 394 points diff\u00e9rents, y compris le point stretch pour des tissus \u00e9lastiques. Cela signifie que vous pouvez cr\u00e9er des T-shirts fantastiques en tissu jersey. Le Bernette 38 a aussi huit boutonni\u00e8res diff\u00e9rentes en 1 phase et trois alphabets. De plus, il a une fonction de m\u00e9moire, via laquelle vous pouvez stocker les combinaisons diverses de\u00a0points et de nouveau y avoir acc\u00e8s\u00a0ult\u00e9rieurement. Le Bernette 38 a un r\u00e9gulateur de vitesse utile, qui peut \u00eatre ajust\u00e9 sur l&rsquo;affichage.<\/p>\n<p>&nbsp;<\/p>\n<\/div>\n<div class=\"col-sm-6 col-xs-12\">\n<div class=\"embed-responsive embed-responsive-16by9\"><\/div>\n<\/div>\n<\/div>\n<div align=\"center\"><iframe src=\"https:\/\/www.youtube.com\/embed\/playlist?list=PLP_mDUnCAVpz_C4brpXNhVYqmwVcSo5DI\" width=\"640\" height=\"360\" frameborder=\"0\" allowfullscreen=\"allowfullscreen\" data-mce-fragment=\"1\"><\/iframe><\/div>\n<p>&nbsp;<\/p>\n<div align=\"center\"><\/div>\n<p>&nbsp;<\/p>\n<div><span style=\"font-size: large;\">Caract\u00e9ristiques de la Bernette b38<\/span><\/div>\n<div><\/div>\n<div><span style=\"font-size: medium;\">\u2022\u00a0Largeur de point : 7mm<\/span><\/div>\n<div><span style=\"font-size: medium;\">\u2022\u00a0394 points au total, y compris 67 points d\u00e9coratifs et 8 boutonni\u00e8res (1\u00e9tape)<\/span><\/div>\n<div><span style=\"font-size: medium;\">\u2022\u00a0Syst\u00e8me de crochet\u00a0\u00c0 chargement horizontal \u00ab Drop-In \u00bb<\/span><\/div>\n<div><span style=\"font-size: medium;\">\u2022\u00a0Longueur du bras\u00a0: 170 mm<\/span><\/div>\n<div><span style=\"font-size: medium;\">\u2022\u00a0Vitesse de couture\u00a0: 820 points \/ minute<br \/>\n\u2022\u00a0Pression de pied presseur r\u00e9glable<br \/>\n\u2022\u00a0Coupe fil automatique<br \/>\n\u2022\u00a0Fonction m\u00e9moire pour le stockage de combinaisons de point ou d\u2019alphabet<br \/>\n\u2022\u00a0Trois alphabets<\/span><\/div>\n<div><\/div>\n<div><\/div>\n<div><span style=\"color: gray; font-size: medium;\"><strong>S\u00e9curit\u00e9 automatique pour la couture avec des aiguilles doubles<\/strong><\/span><\/div>\n<div><\/div>\n<div><span style=\"font-size: medium;\">Quand vous changez d&rsquo;une simple aiguille \u00e0 une aiguille double, le bouton \u00ab aiguille double \u00bb vous aidera \u00e0 adapter votre aiguille au pied presseur pour qu&rsquo;aucune aiguille ne frappe accidentellement le pied presseur. \u00ab\u00a0La s\u00e9curit\u00e9 d&rsquo;aiguille double\u00a0\u00bb limite la largeur de point pour que l&rsquo;aiguille ne frappe pas le pied presseur.<\/span><\/div>\n<div><\/div>\n<div><\/div>\n<div><span style=\"color: gray; font-size: medium;\"><strong>R\u00e9glage de la pression sur le pied\u00a0en fonction de\u00a0la mati\u00e8re<\/strong><br \/>\n<\/span><\/div>\n<div><span style=\"font-size: medium;\">Pour quelques mati\u00e8res, comme les mati\u00e8res l\u00e9g\u00e8res ou des tissus minces, il est recommand\u00e9 d&rsquo;ajuster la pression du pied presseur. Votre Bernette 38 offres cette fonction pratique.<\/span><\/div>\n<div><\/div>\n<div><\/div>\n<div><span style=\"font-size: medium;\"><strong><span style=\"color: gray;\">Coupe fil automatique et fonction point d\u2019arr\u00eat<\/span><\/strong><br \/>\n<\/span><\/div>\n<div><\/div>\n<div><span style=\"font-size: medium;\">Quand vous arrivez \u00e0 la fin d&rsquo;une couture, le fil doit \u00eatre nou\u00e9\u00a0afin de prevenir un\u00a0l&rsquo;efilage de la\u00a0couture. Normalement, vous feriez ceci en faisant\u00a0de rapides marches avant et arri\u00e8re, manuellement. Ceci n&rsquo;est plus n\u00e9cessaire avec le Bernette 38, comme il a une fonction automatique. Choisissez simplement le Bouton d&rsquo;arr\u00eat et la fin de la couture sera li\u00e9e d&rsquo;automatiquement. Quand vous avez fini votre projet de couture, pressez le bouton avec le ciseau et vous pouvez tirer votre travail de sous l&rsquo;aiguille sans devoir utiliser des ciseaux.<\/span><\/div>\n<div><\/div>\n<div><\/div>\n<div><span style=\"color: gray; font-size: medium;\"><strong>Table d&rsquo;extension pour degrands projets de couture (incluse)<\/strong><\/span><\/div>\n<div><\/div>\n<div><span style=\"font-size: medium;\">La table d&rsquo;extension fournie du Bernette 38 est facile \u00e0 attacher et d\u00e9tacher et vous donne plus d&rsquo;espace pour des grands projets de couture comme des v\u00eatements, des \u00e9dredons ou des rideaux.<\/span><\/div>\n<div><\/div>\n<div><\/div>\n<div align=\"center\"><img data-recalc-dims=\"1\" decoding=\"async\" src=\"https:\/\/i0.wp.com\/www.stecker.be\/Images\/ImageDescriptionArticle\/machines\/bernette\/bernette-b38\/affichage-lcd-machine-a-coudre-bernette-b38.jpg?w=1140&#038;ssl=1\" alt=\"Affichage LCD de la machine \u00e0 coudre Bernette b38\" \/>\u00a0\u00a0<img data-recalc-dims=\"1\" decoding=\"async\" src=\"https:\/\/i0.wp.com\/www.stecker.be\/Images\/ImageDescriptionArticle\/machines\/bernette\/bernette-b38\/reglage-pression-pied-machine-a-coudre-bernette-b38.jpg?w=1140&#038;ssl=1\" alt=\"R\u00e9glage de la pression du pied de la machine \u00e0 coudre Bernette b38\" \/><\/div>\n<div><\/div>\n<div><\/div>\n<div><\/div>\n<div><span style=\"font-size: large;\">Points de la Bernette b38<\/span><\/div>\n<div><\/div>\n<div><\/div>\n<div><span style=\"font-size: medium;\">Une vaste gamme de points pour plus de flexibilit\u00e9 dans vos projets de couture<\/span><\/div>\n<div><\/div>\n<div><span style=\"font-size: medium;\">Le Bernette 38 a plus de 394 points diff\u00e9rents, points utiles et stretch, points de reprise et 67 points d\u00e9coratifs, 8 boutonni\u00e8res. Cela signifie que vous \u00eates bien \u00e9quip\u00e9s pour traiter n&rsquo;importe quel projet de couture. Les points de jersey vous permettent de coudre des tissus \u00e9lastiques.<\/span><\/div>\n<div><\/div>\n<div><span style=\"font-size: medium;\">Elle offre aussi une s\u00e9rie enti\u00e8re de points d\u00e9coratif et des points de Quilt, que vous pouvez utiliser pour am\u00e9liorer vos projets de couture<\/span><\/div>\n<div><\/div>\n<div><span style=\"font-size: medium;\">Avec la Bernette 38, il est rapide et facile d&rsquo;inclure des boutonni\u00e8res dans votre projet de couture. Il n&rsquo;est pas n\u00e9cessaire de soulever l&rsquo;aiguille ni de modifier le r\u00e9glage de la machine. Votre machine \u00e0 coudre r\u00e9alisera automatiquement les quatre \u00e9tapes de la boutonni\u00e8re.<\/span><\/div>\n<div><\/div>\n<div><\/div>\n<div align=\"center\"><img data-recalc-dims=\"1\" decoding=\"async\" src=\"https:\/\/i0.wp.com\/www.stecker.be\/Images\/ImageDescriptionArticle\/machines\/bernette\/bernette-b38\/points-couture-machine-a-coudre-bernette-b38.png?w=1140&#038;ssl=1\" alt=\"Points de couture de la machine \u00e0 coudre Bernette b38\" \/><\/div>\n<p>&nbsp;<\/p>\n<h3>Accessoires de la Bernette B38<\/h3>\n<div class=\"heading-divider\"><\/div>\n<div class=\"row irow-xs cards\">\n<div class=\"col-sm-6\"><img data-recalc-dims=\"1\" decoding=\"async\" src=\"https:\/\/i0.wp.com\/www.stecker.be\/Images\/machines\/bernette\/bernette-b38\/accessoires-machine-a-coudre-bernette-b38.jpg?w=1140&#038;ssl=1\" alt=\"Accessoires de la machine \u00e0 coudre Bernette 38\" \/><\/div>\n<div class=\"col-sm-6\">\n<p><strong>8 pieds presseurs (semelles) inclus &#8211; Le bon pied presseur\u00a0chaque application<\/strong><\/p>\n<p>Avec votre Bernette 38 vous obtenez 8 pieds presseurs (semelles) et un\u00a0support de pied presseur stable. Vous pouvez choisir le pied presseur appropri\u00e9 pour ce que vous voulez coudre. Par exemple, vous pouvez choisir le pied\u00a0zigzag pour des points en zigzag, le pied de satin pour vos bourdons et le pied de boutonni\u00e8re pour r\u00e9aliser de belles boutonni\u00e8res.<\/p>\n<p>Avec des pieds appropri\u00e9s, vous pouvez accomplir vos projets de couture rapidement et avec une excellente qualit\u00e9 de point.<\/p>\n<\/div>\n<\/div>\n<table class=\"table table-striped\">\n<tbody>\n<tr>\n<td>1. Pied pour zigzag : A (mont\u00e9 sur la machine)<\/td>\n<td>11. Disque de d\u00e9roulement du fil (X 2) (petit)<\/td>\n<\/tr>\n<tr>\n<td>2. Pied pour surjet : C<\/td>\n<td>12. Second support de bobine de fil<\/td>\n<\/tr>\n<tr>\n<td>3. Pied pour fermeture \u00e0 glissi\u00e8re : E<\/td>\n<td>13. Canettes (X 4) (1 mont\u00e9e sur la machine)<\/td>\n<\/tr>\n<tr>\n<td>4. Pied pour point satin : F&lt; \/td&gt;<\/td>\n<td>14. Tournevis<\/td>\n<\/tr>\n<tr>\n<td>5. Pied pour points invisibles : G<\/td>\n<td>15. Brosse anti-peluches<\/td>\n<\/tr>\n<tr>\n<td>6. Pied pour boutons : T<\/td>\n<td>16. D\u00e9couvit (coupe-boutonni\u00e8re)<\/td>\n<\/tr>\n<tr>\n<td>7. Pied ouvert pour broderie : F2<\/td>\n<td>17. Filet de bobine<\/td>\n<\/tr>\n<tr>\n<td>8. Pied tra\u00eeneau pour boutonni\u00e8re : R<\/td>\n<td>18. Valise rigide<\/td>\n<\/tr>\n<tr>\n<td>9. Assortiment d&rsquo;aiguilles<\/td>\n<td>19. Table rallonge<\/td>\n<\/tr>\n<tr>\n<td>10. Disque de d\u00e9roulement du fil (X 2) (grand) (1 mont\u00e9 sur la machine)<\/td>\n<td><\/td>\n<\/tr>\n<\/tbody>\n<\/table>\n","protected":false},"excerpt":{"rendered":"<h2><span dir=\"auto\">Des fonctionnalit\u00e9s in\u00e9gal\u00e9es pour une couture sans couture<\/span><\/h2>\n<p><span dir=\"auto\">Le mod\u00e8le Bernette se distingue comme l\u2019option la plus compl\u00e8te et la plus polyvalente de sa gamme. Con\u00e7ue pour r\u00e9pondre aux besoins des passionn\u00e9es de couture, elle offre une impressionnante vari\u00e9t\u00e9 de points, permettant de concr\u00e9tiser chaque id\u00e9e cr\u00e9ative. Que vous confectionniez des v\u00eatements, embellissiez votre int\u00e9rieur ou vous lanciez dans la broderie, cette machine \u00e0 coudre offre pr\u00e9cision et fiabilit\u00e9 \u00e0 chaque \u00e9tape.<\/span><\/p>\n","protected":false},"featured_media":18,"comment_status":"open","ping_status":"closed","template":"","meta":{"om_disable_all_campaigns":false,"_monsterinsights_skip_tracking":false,"_monsterinsights_sitenote_active":false,"_monsterinsights_sitenote_note":"","_monsterinsights_sitenote_category":0,"_uf_show_specific_survey":0,"_uf_disable_surveys":false},"product_brand":[],"product_cat":[40,29,16],"product_tag":[],"giftcard-category":[],"class_list":{"0":"post-16","1":"product","2":"type-product","3":"status-publish","4":"has-post-thumbnail","6":"product_cat-electronique","7":"product_cat-machines","8":"product_cat-machines-menageres","10":"first","11":"instock","12":"sale","13":"shipping-taxable","14":"purchasable","15":"product-type-simple"},"aioseo_notices":[],"jetpack_sharing_enabled":true,"_links":{"self":[{"href":"https:\/\/berninabrussels.be\/index.php?rest_route=\/wp\/v2\/product\/16","targetHints":{"allow":["GET"]}}],"collection":[{"href":"https:\/\/berninabrussels.be\/index.php?rest_route=\/wp\/v2\/product"}],"about":[{"href":"https:\/\/berninabrussels.be\/index.php?rest_route=\/wp\/v2\/types\/product"}],"replies":[{"embeddable":true,"href":"https:\/\/berninabrussels.be\/index.php?rest_route=%2Fwp%2Fv2%2Fcomments&post=16"}],"wp:featuredmedia":[{"embeddable":true,"href":"https:\/\/berninabrussels.be\/index.php?rest_route=\/wp\/v2\/media\/18"}],"wp:attachment":[{"href":"https:\/\/berninabrussels.be\/index.php?rest_route=%2Fwp%2Fv2%2Fmedia&parent=16"}],"wp:term":[{"taxonomy":"product_brand","embeddable":true,"href":"https:\/\/berninabrussels.be\/index.php?rest_route=%2Fwp%2Fv2%2Fproduct_brand&post=16"},{"taxonomy":"product_cat","embeddable":true,"href":"https:\/\/berninabrussels.be\/index.php?rest_route=%2Fwp%2Fv2%2Fproduct_cat&post=16"},{"taxonomy":"product_tag","embeddable":true,"href":"https:\/\/berninabrussels.be\/index.php?rest_route=%2Fwp%2Fv2%2Fproduct_tag&post=16"},{"taxonomy":"giftcard-category","embeddable":true,"href":"https:\/\/berninabrussels.be\/index.php?rest_route=%2Fwp%2Fv2%2Fgiftcard-category&post=16"}],"curies":[{"name":"wp","href":"https:\/\/api.w.org\/{rel}","templated":true}]}}