{"id":1582,"date":"2023-05-09T22:41:29","date_gmt":"2023-05-09T20:41:29","guid":{"rendered":"https:\/\/berninabrussels.be\/?post_type=product&#038;p=1582"},"modified":"2023-05-09T22:42:43","modified_gmt":"2023-05-09T20:42:43","slug":"aiguille-super-stretch-hax1sp-sb5","status":"publish","type":"product","link":"https:\/\/berninabrussels.be\/?product=aiguille-super-stretch-hax1sp-sb5","title":{"rendered":"Aiguille Super Stretch HAx1SP (SB5)"},"content":{"rendered":"<h3>Aiguilles Super Stretch Schmetz<\/h3>\n<h4>Syst\u00e8me HAx1 SP<\/h4>\n<p>Aiguille Stretch avec chas \u00e9largi, rainure \u00e9largie et tige renforc\u00e9e ; le rev\u00eatement en chrome augmente la r\u00e9sistance \u00e0 l\u2019usure ; pour les coutures avec fil \u00e9pais et pour \u00e9viter la rupture d\u2018aiguille \u2013 comme solution alternative \u00e0 l\u2019Aiguille Stretch pour les mat\u00e9riaux \u00e9lastiques et les articles \u00e0 mailles tr\u00e8s \u00e9lastiques tel que le Lycra tr\u00e8s fin.<\/p>\n<ul>\n<li><i class=\"fa fa-check fa-fw text-success\"><\/i>\u00a0Article vendu par bo\u00eete de 5 aiguilles<\/li>\n<li><i class=\"fa fa-check fa-fw text-success\"><\/i>\u00a0Grosseur NM : 75<\/li>\n<\/ul>\n","protected":false},"excerpt":{"rendered":"<p>Aiguilles Super Stretch Schmetz Syst\u00e8me HAx1 SP Aiguille Stretch avec chas \u00e9largi, rainure \u00e9largie et tige renforc\u00e9e ; le rev\u00eatement en chrome augmente la r\u00e9sistance \u00e0 l\u2019usure ; pour les coutures avec fil \u00e9pais et pour \u00e9viter la rupture d\u2018aiguille \u2013 comme solution alternative \u00e0 l\u2019Aiguille Stretch pour les mat\u00e9riaux \u00e9lastiques et les articles \u00e0&hellip;<\/p>\n","protected":false},"featured_media":1591,"comment_status":"open","ping_status":"closed","template":"","meta":{"om_disable_all_campaigns":false,"_monsterinsights_skip_tracking":false,"_monsterinsights_sitenote_active":false,"_monsterinsights_sitenote_note":"","_monsterinsights_sitenote_category":0,"_uf_show_specific_survey":0,"_uf_disable_surveys":false},"product_brand":[],"product_cat":[42,112],"product_tag":[],"giftcard-category":[],"class_list":{"0":"post-1582","1":"product","2":"type-product","3":"status-publish","4":"has-post-thumbnail","6":"product_cat-accesoires","7":"product_cat-aiguilles-surjeteuse","9":"first","10":"instock","11":"shipping-taxable","12":"purchasable","13":"product-type-variable"},"aioseo_notices":[],"jetpack_sharing_enabled":true,"_links":{"self":[{"href":"https:\/\/berninabrussels.be\/index.php?rest_route=\/wp\/v2\/product\/1582","targetHints":{"allow":["GET"]}}],"collection":[{"href":"https:\/\/berninabrussels.be\/index.php?rest_route=\/wp\/v2\/product"}],"about":[{"href":"https:\/\/berninabrussels.be\/index.php?rest_route=\/wp\/v2\/types\/product"}],"replies":[{"embeddable":true,"href":"https:\/\/berninabrussels.be\/index.php?rest_route=%2Fwp%2Fv2%2Fcomments&post=1582"}],"wp:featuredmedia":[{"embeddable":true,"href":"https:\/\/berninabrussels.be\/index.php?rest_route=\/wp\/v2\/media\/1591"}],"wp:attachment":[{"href":"https:\/\/berninabrussels.be\/index.php?rest_route=%2Fwp%2Fv2%2Fmedia&parent=1582"}],"wp:term":[{"taxonomy":"product_brand","embeddable":true,"href":"https:\/\/berninabrussels.be\/index.php?rest_route=%2Fwp%2Fv2%2Fproduct_brand&post=1582"},{"taxonomy":"product_cat","embeddable":true,"href":"https:\/\/berninabrussels.be\/index.php?rest_route=%2Fwp%2Fv2%2Fproduct_cat&post=1582"},{"taxonomy":"product_tag","embeddable":true,"href":"https:\/\/berninabrussels.be\/index.php?rest_route=%2Fwp%2Fv2%2Fproduct_tag&post=1582"},{"taxonomy":"giftcard-category","embeddable":true,"href":"https:\/\/berninabrussels.be\/index.php?rest_route=%2Fwp%2Fv2%2Fgiftcard-category&post=1582"}],"curies":[{"name":"wp","href":"https:\/\/api.w.org\/{rel}","templated":true}]}}