{"id":158,"date":"2023-05-05T17:44:16","date_gmt":"2023-05-05T15:44:16","guid":{"rendered":"https:\/\/berninabrussels.be\/?post_type=product&#038;p=158"},"modified":"2025-05-26T01:18:42","modified_gmt":"2025-05-25T23:18:42","slug":"machine-a-coudre-veritas-laura","status":"publish","type":"product","link":"https:\/\/berninabrussels.be\/?product=machine-a-coudre-veritas-laura","title":{"rendered":"MACHINE \u00c0 COUDRE VERITAS LAURA"},"content":{"rendered":"<h2>Puissante, tout simplement<\/h2>\n<p>Qu\u2019il s\u2019agisse de vos premiers pas en couture ou de votre mille et uni\u00e8me projet, la VERITAS Laura est au rendez-vous. Puissante, elle vient \u00e0 bout de tous les supports. Facile \u00e0 utiliser, elle laisse de c\u00f4t\u00e9 le superflu. Du premier point de r\u00e9paration aux plus belles coutures d\u00e9coratives, vous pouvez vous concentrer sur le plaisir de la couture.<\/p>\n","protected":false},"excerpt":{"rendered":"<p>Puissante, tout simplement Qu\u2019il s\u2019agisse de vos premiers pas en couture ou de votre mille et uni\u00e8me projet, la VERITAS Laura est au rendez-vous. Puissante, elle vient \u00e0 bout de tous les supports. Facile \u00e0 utiliser, elle laisse de c\u00f4t\u00e9 le superflu. Du premier point de r\u00e9paration aux plus belles coutures d\u00e9coratives, vous pouvez vous&hellip;<\/p>\n","protected":false},"featured_media":160,"comment_status":"open","ping_status":"closed","template":"","meta":{"om_disable_all_campaigns":false,"_monsterinsights_skip_tracking":false,"_monsterinsights_sitenote_active":false,"_monsterinsights_sitenote_note":"","_monsterinsights_sitenote_category":0,"_uf_show_specific_survey":0,"_uf_disable_surveys":false},"product_brand":[],"product_cat":[29,16,41],"product_tag":[],"giftcard-category":[],"class_list":{"0":"post-158","1":"product","2":"type-product","3":"status-publish","4":"has-post-thumbnail","6":"product_cat-machines","7":"product_cat-machines-menageres","8":"product_cat-mecanique","10":"first","11":"instock","12":"shipping-taxable","13":"purchasable","14":"product-type-simple"},"aioseo_notices":[],"jetpack_sharing_enabled":true,"_links":{"self":[{"href":"https:\/\/berninabrussels.be\/index.php?rest_route=\/wp\/v2\/product\/158","targetHints":{"allow":["GET"]}}],"collection":[{"href":"https:\/\/berninabrussels.be\/index.php?rest_route=\/wp\/v2\/product"}],"about":[{"href":"https:\/\/berninabrussels.be\/index.php?rest_route=\/wp\/v2\/types\/product"}],"replies":[{"embeddable":true,"href":"https:\/\/berninabrussels.be\/index.php?rest_route=%2Fwp%2Fv2%2Fcomments&post=158"}],"wp:featuredmedia":[{"embeddable":true,"href":"https:\/\/berninabrussels.be\/index.php?rest_route=\/wp\/v2\/media\/160"}],"wp:attachment":[{"href":"https:\/\/berninabrussels.be\/index.php?rest_route=%2Fwp%2Fv2%2Fmedia&parent=158"}],"wp:term":[{"taxonomy":"product_brand","embeddable":true,"href":"https:\/\/berninabrussels.be\/index.php?rest_route=%2Fwp%2Fv2%2Fproduct_brand&post=158"},{"taxonomy":"product_cat","embeddable":true,"href":"https:\/\/berninabrussels.be\/index.php?rest_route=%2Fwp%2Fv2%2Fproduct_cat&post=158"},{"taxonomy":"product_tag","embeddable":true,"href":"https:\/\/berninabrussels.be\/index.php?rest_route=%2Fwp%2Fv2%2Fproduct_tag&post=158"},{"taxonomy":"giftcard-category","embeddable":true,"href":"https:\/\/berninabrussels.be\/index.php?rest_route=%2Fwp%2Fv2%2Fgiftcard-category&post=158"}],"curies":[{"name":"wp","href":"https:\/\/api.w.org\/{rel}","templated":true}]}}