{"id":1576,"date":"2023-05-09T22:39:29","date_gmt":"2023-05-09T20:39:29","guid":{"rendered":"https:\/\/berninabrussels.be\/?post_type=product&#038;p=1576"},"modified":"2023-05-09T22:41:21","modified_gmt":"2023-05-09T20:41:21","slug":"aiguille-stretch-jersey-sb5-2","status":"publish","type":"product","link":"https:\/\/berninabrussels.be\/?product=aiguille-stretch-jersey-sb5-2","title":{"rendered":"Aiguille stretch, jersey (SB5)"},"content":{"rendered":"<h3>Syst\u00e8me 130\/705H-S Bo\u00eete de 5 aiguilles STRETCH \/ JERSEY<\/h3>\n<p>Avec pointe \u00e0 bille moyenne ; la forme sp\u00e9ciale du chas et de l\u2019encoche \u00e9vitent des points de manque, particuli\u00e8rement<br \/>\nPour des mati\u00e8res fortement \u00e9lastiques et des tricots \u00e0 maille tr\u00e8s \u00e9lastiques (fine)<\/p>\n<p>Marquage couleur : jaune<\/p>\n<p>Grosseurs d&rsquo;aiguilles NM 65.<\/p>\n","protected":false},"excerpt":{"rendered":"<p>Syst\u00e8me 130\/705H-S Bo\u00eete de 5 aiguilles STRETCH \/ JERSEY Avec pointe \u00e0 bille moyenne ; la forme sp\u00e9ciale du chas et de l\u2019encoche \u00e9vitent des points de manque, particuli\u00e8rement Pour des mati\u00e8res fortement \u00e9lastiques et des tricots \u00e0 maille tr\u00e8s \u00e9lastiques (fine) Marquage couleur : jaune Grosseurs d&rsquo;aiguilles NM 65.<\/p>\n","protected":false},"featured_media":1581,"comment_status":"open","ping_status":"closed","template":"","meta":{"om_disable_all_campaigns":false,"_monsterinsights_skip_tracking":false,"_monsterinsights_sitenote_active":false,"_monsterinsights_sitenote_note":"","_monsterinsights_sitenote_category":0,"_uf_show_specific_survey":0,"_uf_disable_surveys":false},"product_brand":[],"product_cat":[42,112,47],"product_tag":[],"giftcard-category":[],"class_list":{"0":"post-1576","1":"product","2":"type-product","3":"status-publish","4":"has-post-thumbnail","6":"product_cat-accesoires","7":"product_cat-aiguilles-surjeteuse","8":"product_cat-aiguilles","10":"first","11":"instock","12":"shipping-taxable","13":"purchasable","14":"product-type-variable"},"aioseo_notices":[],"jetpack_sharing_enabled":true,"_links":{"self":[{"href":"https:\/\/berninabrussels.be\/index.php?rest_route=\/wp\/v2\/product\/1576","targetHints":{"allow":["GET"]}}],"collection":[{"href":"https:\/\/berninabrussels.be\/index.php?rest_route=\/wp\/v2\/product"}],"about":[{"href":"https:\/\/berninabrussels.be\/index.php?rest_route=\/wp\/v2\/types\/product"}],"replies":[{"embeddable":true,"href":"https:\/\/berninabrussels.be\/index.php?rest_route=%2Fwp%2Fv2%2Fcomments&post=1576"}],"wp:featuredmedia":[{"embeddable":true,"href":"https:\/\/berninabrussels.be\/index.php?rest_route=\/wp\/v2\/media\/1581"}],"wp:attachment":[{"href":"https:\/\/berninabrussels.be\/index.php?rest_route=%2Fwp%2Fv2%2Fmedia&parent=1576"}],"wp:term":[{"taxonomy":"product_brand","embeddable":true,"href":"https:\/\/berninabrussels.be\/index.php?rest_route=%2Fwp%2Fv2%2Fproduct_brand&post=1576"},{"taxonomy":"product_cat","embeddable":true,"href":"https:\/\/berninabrussels.be\/index.php?rest_route=%2Fwp%2Fv2%2Fproduct_cat&post=1576"},{"taxonomy":"product_tag","embeddable":true,"href":"https:\/\/berninabrussels.be\/index.php?rest_route=%2Fwp%2Fv2%2Fproduct_tag&post=1576"},{"taxonomy":"giftcard-category","embeddable":true,"href":"https:\/\/berninabrussels.be\/index.php?rest_route=%2Fwp%2Fv2%2Fgiftcard-category&post=1576"}],"curies":[{"name":"wp","href":"https:\/\/api.w.org\/{rel}","templated":true}]}}