{"id":1538,"date":"2023-05-09T22:27:23","date_gmt":"2023-05-09T20:27:23","guid":{"rendered":"https:\/\/berninabrussels.be\/?post_type=product&#038;p=1538"},"modified":"2023-05-09T22:29:03","modified_gmt":"2023-05-09T20:29:03","slug":"aiguille-wing-sabre-double-sb1","status":"publish","type":"product","link":"https:\/\/berninabrussels.be\/?product=aiguille-wing-sabre-double-sb1","title":{"rendered":"Aiguille Wing (sabre) double (SB1)"},"content":{"rendered":"<h3>Aiguille double Wing (sabre) 130\/705 H ZWIHO Schmetz<\/h3>\n<p>Aiguille pour r\u00e9aliser des ourlets double piq\u00fbre, d\u00e9coration.<\/p>\n<p>Avec une aiguille en forme d&rsquo;aile qui repousse le tissu sur le c\u00f4t\u00e9, vous pouvez r\u00e9aliser des coutures fantaisie et ajour\u00e9es dans du tisage l\u00e9ger.<br \/>\nCette aiguille porte plusieurs noms : Wing, \u00e0 jours, sabre, ail\u00e9e, ajour\u00e9e, lanc\u00e9ol\u00e9e, aiguille \u00e0 oreille,&#8230;<\/p>\n<ul>\n<li><i class=\"fa fa-check fa-fw text-success\"><\/i>\u00a0<b>Tailles d&rsquo;aiguille disponibles :<\/b>\u00a02.5 \/ NM 100.<\/li>\n<li><i class=\"fa fa-check fa-fw text-success\"><\/i>\u00a0<b>NE<\/b>\u00a0&#8211; Distance en mm entre les aiguilles DOUBLES OU TRIPLES. Exemple : 2.5-100 o\u00f9 la mesure de gauche correspond \u00e0 cette distance.<\/li>\n<li><i class=\"fa fa-check fa-fw text-success\"><\/i>\u00a0<b>Rev\u00eatement :<\/b>\u00a0Standard<\/li>\n<li><i class=\"fa fa-check fa-fw text-success\"><\/i>\u00a0<b>Forme de la pointe :<\/b>\u00a0Pointe l\u00e9g\u00e8rement arrondie, aiguille \u00e0 ourlet avec une forme sp\u00e9ciale.<\/li>\n<li><i class=\"fa fa-check fa-fw text-success\"><\/i>\u00a0<b>Marquage couleur :<\/b>\u00a0rouge<\/li>\n<\/ul>\n","protected":false},"excerpt":{"rendered":"<p>Aiguille double Wing (sabre) 130\/705 H ZWIHO Schmetz Aiguille pour r\u00e9aliser des ourlets double piq\u00fbre, d\u00e9coration. Avec une aiguille en forme d&rsquo;aile qui repousse le tissu sur le c\u00f4t\u00e9, vous pouvez r\u00e9aliser des coutures fantaisie et ajour\u00e9es dans du tisage l\u00e9ger. Cette aiguille porte plusieurs noms : Wing, \u00e0 jours, sabre, ail\u00e9e, ajour\u00e9e, lanc\u00e9ol\u00e9e, aiguille&hellip;<\/p>\n","protected":false},"featured_media":1549,"comment_status":"open","ping_status":"closed","template":"","meta":{"om_disable_all_campaigns":false,"_monsterinsights_skip_tracking":false,"_monsterinsights_sitenote_active":false,"_monsterinsights_sitenote_note":"","_monsterinsights_sitenote_category":0,"_uf_show_specific_survey":0,"_uf_disable_surveys":false},"product_brand":[],"product_cat":[42,105,47],"product_tag":[],"giftcard-category":[],"class_list":{"0":"post-1538","1":"product","2":"type-product","3":"status-publish","4":"has-post-thumbnail","6":"product_cat-accesoires","7":"product_cat-aiguille-machine-a-coudre","8":"product_cat-aiguilles","10":"first","11":"instock","12":"shipping-taxable","13":"purchasable","14":"product-type-variable"},"aioseo_notices":[],"jetpack_sharing_enabled":true,"_links":{"self":[{"href":"https:\/\/berninabrussels.be\/index.php?rest_route=\/wp\/v2\/product\/1538","targetHints":{"allow":["GET"]}}],"collection":[{"href":"https:\/\/berninabrussels.be\/index.php?rest_route=\/wp\/v2\/product"}],"about":[{"href":"https:\/\/berninabrussels.be\/index.php?rest_route=\/wp\/v2\/types\/product"}],"replies":[{"embeddable":true,"href":"https:\/\/berninabrussels.be\/index.php?rest_route=%2Fwp%2Fv2%2Fcomments&post=1538"}],"wp:featuredmedia":[{"embeddable":true,"href":"https:\/\/berninabrussels.be\/index.php?rest_route=\/wp\/v2\/media\/1549"}],"wp:attachment":[{"href":"https:\/\/berninabrussels.be\/index.php?rest_route=%2Fwp%2Fv2%2Fmedia&parent=1538"}],"wp:term":[{"taxonomy":"product_brand","embeddable":true,"href":"https:\/\/berninabrussels.be\/index.php?rest_route=%2Fwp%2Fv2%2Fproduct_brand&post=1538"},{"taxonomy":"product_cat","embeddable":true,"href":"https:\/\/berninabrussels.be\/index.php?rest_route=%2Fwp%2Fv2%2Fproduct_cat&post=1538"},{"taxonomy":"product_tag","embeddable":true,"href":"https:\/\/berninabrussels.be\/index.php?rest_route=%2Fwp%2Fv2%2Fproduct_tag&post=1538"},{"taxonomy":"giftcard-category","embeddable":true,"href":"https:\/\/berninabrussels.be\/index.php?rest_route=%2Fwp%2Fv2%2Fgiftcard-category&post=1538"}],"curies":[{"name":"wp","href":"https:\/\/api.w.org\/{rel}","templated":true}]}}