{"id":1521,"date":"2023-05-09T22:22:14","date_gmt":"2023-05-09T20:22:14","guid":{"rendered":"https:\/\/berninabrussels.be\/?post_type=product&#038;p=1521"},"modified":"2023-05-09T22:24:12","modified_gmt":"2023-05-09T20:24:12","slug":"aiguille-wing-sabre-simple-lanceolee","status":"publish","type":"product","link":"https:\/\/berninabrussels.be\/?product=aiguille-wing-sabre-simple-lanceolee","title":{"rendered":"Aiguille Wing (sabre) simple lanc\u00e9ol\u00e9e"},"content":{"rendered":"<h3>Syst\u00e8me 130\/705H WING (Sabre)<\/h3>\n<h4>Ourlet \u00e0 jour, Ajour\u00e9e, fantaisie, lanc\u00e9ol\u00e9e<\/h4>\n<p>Avec une tige en forme d&rsquo;ailes qui repousse le tissu sur le c\u00f4t\u00e9. Pour coutures de fantaisie et ajour\u00e9es dans du tisage l\u00e9ger.<br \/>\nCette aiguille porte plusieurs noms : Wing, \u00e0 jours, sabre, ail\u00e9e, ajour\u00e9e, lanc\u00e9ol\u00e9e, aiguille \u00e0 oreille, &#8230;<\/p>\n<p>Grosseurs d&rsquo;aiguilles : NM 100 et NM 120 (Choisir dans la liste d\u00e9roulante dans le haut)<br \/>\nDisponible \u00e9galement en Aiguilles double Wing<\/p>\n","protected":false},"excerpt":{"rendered":"<p>Syst\u00e8me 130\/705H WING (Sabre) Ourlet \u00e0 jour, Ajour\u00e9e, fantaisie, lanc\u00e9ol\u00e9e Avec une tige en forme d&rsquo;ailes qui repousse le tissu sur le c\u00f4t\u00e9. Pour coutures de fantaisie et ajour\u00e9es dans du tisage l\u00e9ger. Cette aiguille porte plusieurs noms : Wing, \u00e0 jours, sabre, ail\u00e9e, ajour\u00e9e, lanc\u00e9ol\u00e9e, aiguille \u00e0 oreille, &#8230; Grosseurs d&rsquo;aiguilles : NM 100&hellip;<\/p>\n","protected":false},"featured_media":1524,"comment_status":"open","ping_status":"closed","template":"","meta":{"om_disable_all_campaigns":false,"_monsterinsights_skip_tracking":false,"_monsterinsights_sitenote_active":false,"_monsterinsights_sitenote_note":"","_monsterinsights_sitenote_category":0,"_uf_show_specific_survey":0,"_uf_disable_surveys":false},"product_brand":[],"product_cat":[42,105,47],"product_tag":[],"giftcard-category":[],"class_list":{"0":"post-1521","1":"product","2":"type-product","3":"status-publish","4":"has-post-thumbnail","6":"product_cat-accesoires","7":"product_cat-aiguille-machine-a-coudre","8":"product_cat-aiguilles","10":"first","11":"instock","12":"shipping-taxable","13":"purchasable","14":"product-type-variable"},"aioseo_notices":[],"jetpack_sharing_enabled":true,"_links":{"self":[{"href":"https:\/\/berninabrussels.be\/index.php?rest_route=\/wp\/v2\/product\/1521","targetHints":{"allow":["GET"]}}],"collection":[{"href":"https:\/\/berninabrussels.be\/index.php?rest_route=\/wp\/v2\/product"}],"about":[{"href":"https:\/\/berninabrussels.be\/index.php?rest_route=\/wp\/v2\/types\/product"}],"replies":[{"embeddable":true,"href":"https:\/\/berninabrussels.be\/index.php?rest_route=%2Fwp%2Fv2%2Fcomments&post=1521"}],"wp:featuredmedia":[{"embeddable":true,"href":"https:\/\/berninabrussels.be\/index.php?rest_route=\/wp\/v2\/media\/1524"}],"wp:attachment":[{"href":"https:\/\/berninabrussels.be\/index.php?rest_route=%2Fwp%2Fv2%2Fmedia&parent=1521"}],"wp:term":[{"taxonomy":"product_brand","embeddable":true,"href":"https:\/\/berninabrussels.be\/index.php?rest_route=%2Fwp%2Fv2%2Fproduct_brand&post=1521"},{"taxonomy":"product_cat","embeddable":true,"href":"https:\/\/berninabrussels.be\/index.php?rest_route=%2Fwp%2Fv2%2Fproduct_cat&post=1521"},{"taxonomy":"product_tag","embeddable":true,"href":"https:\/\/berninabrussels.be\/index.php?rest_route=%2Fwp%2Fv2%2Fproduct_tag&post=1521"},{"taxonomy":"giftcard-category","embeddable":true,"href":"https:\/\/berninabrussels.be\/index.php?rest_route=%2Fwp%2Fv2%2Fgiftcard-category&post=1521"}],"curies":[{"name":"wp","href":"https:\/\/api.w.org\/{rel}","templated":true}]}}