{"id":1489,"date":"2023-05-09T22:14:58","date_gmt":"2023-05-09T20:14:58","guid":{"rendered":"https:\/\/berninabrussels.be\/?post_type=product&#038;p=1489"},"modified":"2023-05-09T22:16:40","modified_gmt":"2023-05-09T20:16:40","slug":"aiguille-triple-universelle-sb1","status":"publish","type":"product","link":"https:\/\/berninabrussels.be\/?product=aiguille-triple-universelle-sb1","title":{"rendered":"Aiguille triple universelle (SB1)"},"content":{"rendered":"<p><span style=\"font-size: medium;\"><b>Syst\u00e8me 130\/705H DRI Bo\u00eete de 1 aiguille universelle TRIPLE<\/b><br \/>\n<\/span><\/p>\n<div>Avec pointe l\u00e9g\u00e8rement arrondie pour une couture sans probl\u00e8me de nombreuses sortes de mati\u00e8res.<\/p>\n<p>L&rsquo;aiguille Triple est disponible en Universal uniquement. Parce que les aiguilles sont fix\u00e9es dans un bloc de nylon, utiliser \u00e0 des vitesses plus lentes et non pour des p\u00e9riodes prolong\u00e9es.<\/p>\n<div><\/div>\n<div><b>Type d&rsquo;ouvrage possible avec l&rsquo;aiguille double ou triple :\u00a0<\/b><\/div>\n<div>&#8211;\u00a0Utiliser pour couture ancienne et surpiq\u00fbres d\u00e9coratives<br \/>\n&#8211; Pour la d\u00e9coration en 2 ou 3 fils<br \/>\n&#8211; Faire des coutures parall\u00e8les ou de\u00a0jolies nervures\u00a0\u00e0 points droits ou points droits renforc\u00e9s<br \/>\n&#8211; R\u00e9aliser des ourlets double ou triple piq\u00fbre<br \/>\n&#8211; Appliquer un ruban, un biais, un galon ou un \u00e9lastique pour \u00eatre maintenu des 2 c\u00f4t\u00e9s<br \/>\n&#8211; Couture d&rsquo;ornement unis et multicolores<br \/>\n&#8211; Passepoil<\/div>\n<\/div>\n","protected":false},"excerpt":{"rendered":"<p>Syst\u00e8me 130\/705H DRI Bo\u00eete de 1 aiguille universelle TRIPLE Avec pointe l\u00e9g\u00e8rement arrondie pour une couture sans probl\u00e8me de nombreuses sortes de mati\u00e8res. L&rsquo;aiguille Triple est disponible en Universal uniquement. Parce que les aiguilles sont fix\u00e9es dans un bloc de nylon, utiliser \u00e0 des vitesses plus lentes et non pour des p\u00e9riodes prolong\u00e9es. Type d&rsquo;ouvrage&hellip;<\/p>\n","protected":false},"featured_media":1495,"comment_status":"open","ping_status":"closed","template":"","meta":{"om_disable_all_campaigns":false,"_monsterinsights_skip_tracking":false,"_monsterinsights_sitenote_active":false,"_monsterinsights_sitenote_note":"","_monsterinsights_sitenote_category":0,"_uf_show_specific_survey":0,"_uf_disable_surveys":false},"product_brand":[],"product_cat":[42,105,47],"product_tag":[],"giftcard-category":[],"class_list":{"0":"post-1489","1":"product","2":"type-product","3":"status-publish","4":"has-post-thumbnail","6":"product_cat-accesoires","7":"product_cat-aiguille-machine-a-coudre","8":"product_cat-aiguilles","10":"first","11":"instock","12":"shipping-taxable","13":"purchasable","14":"product-type-variable"},"aioseo_notices":[],"jetpack_sharing_enabled":true,"_links":{"self":[{"href":"https:\/\/berninabrussels.be\/index.php?rest_route=\/wp\/v2\/product\/1489","targetHints":{"allow":["GET"]}}],"collection":[{"href":"https:\/\/berninabrussels.be\/index.php?rest_route=\/wp\/v2\/product"}],"about":[{"href":"https:\/\/berninabrussels.be\/index.php?rest_route=\/wp\/v2\/types\/product"}],"replies":[{"embeddable":true,"href":"https:\/\/berninabrussels.be\/index.php?rest_route=%2Fwp%2Fv2%2Fcomments&post=1489"}],"wp:featuredmedia":[{"embeddable":true,"href":"https:\/\/berninabrussels.be\/index.php?rest_route=\/wp\/v2\/media\/1495"}],"wp:attachment":[{"href":"https:\/\/berninabrussels.be\/index.php?rest_route=%2Fwp%2Fv2%2Fmedia&parent=1489"}],"wp:term":[{"taxonomy":"product_brand","embeddable":true,"href":"https:\/\/berninabrussels.be\/index.php?rest_route=%2Fwp%2Fv2%2Fproduct_brand&post=1489"},{"taxonomy":"product_cat","embeddable":true,"href":"https:\/\/berninabrussels.be\/index.php?rest_route=%2Fwp%2Fv2%2Fproduct_cat&post=1489"},{"taxonomy":"product_tag","embeddable":true,"href":"https:\/\/berninabrussels.be\/index.php?rest_route=%2Fwp%2Fv2%2Fproduct_tag&post=1489"},{"taxonomy":"giftcard-category","embeddable":true,"href":"https:\/\/berninabrussels.be\/index.php?rest_route=%2Fwp%2Fv2%2Fgiftcard-category&post=1489"}],"curies":[{"name":"wp","href":"https:\/\/api.w.org\/{rel}","templated":true}]}}