{"id":1484,"date":"2023-05-09T22:12:57","date_gmt":"2023-05-09T20:12:57","guid":{"rendered":"https:\/\/berninabrussels.be\/?post_type=product&#038;p=1484"},"modified":"2023-05-09T22:14:40","modified_gmt":"2023-05-09T20:14:40","slug":"aiguille-topstitch-130n-sb5","status":"publish","type":"product","link":"https:\/\/berninabrussels.be\/?product=aiguille-topstitch-130n-sb5","title":{"rendered":"Aiguille Topstitch 130N (SB5)"},"content":{"rendered":"<p><b><span style=\"font-size: medium;\">Syst\u00e8me 130\/705H Bo\u00eete de 5 aiguilles TOPSTITCH \/ SURPIQUER<\/span><\/b><\/p>\n<div>Chas de l\u2019aiguille particuli\u00e8rement long (2mm dans toutes les grosseurs).<\/p>\n<div><\/div>\n<div>Elles sont n\u00e9cessaires pour le piquage d\u00e9coratif et border en piquant avec plusieurs fil de couture ou des fils \u00e9pais comme les Lanas ou cordonnets.<\/p>\n<div><\/div>\n<div>Marquage couleur : aucun<\/p>\n<div><\/div>\n<div>\n<b>Grosseurs d&rsquo;aiguilles\u00a0NM\u00a0<\/b>(Choisir dans la liste d\u00e9roulante dans le haut)<\/div>\n<div>&#8211; 80.<\/div>\n<div>&#8211; 90.<\/div>\n<div>&#8211; 100.<\/div>\n<\/div>\n<\/div>\n<\/div>\n","protected":false},"excerpt":{"rendered":"<p>Syst\u00e8me 130\/705H Bo\u00eete de 5 aiguilles TOPSTITCH \/ SURPIQUER Chas de l\u2019aiguille particuli\u00e8rement long (2mm dans toutes les grosseurs). Elles sont n\u00e9cessaires pour le piquage d\u00e9coratif et border en piquant avec plusieurs fil de couture ou des fils \u00e9pais comme les Lanas ou cordonnets. Marquage couleur : aucun Grosseurs d&rsquo;aiguilles\u00a0NM\u00a0(Choisir dans la liste d\u00e9roulante dans&hellip;<\/p>\n","protected":false},"featured_media":1488,"comment_status":"open","ping_status":"closed","template":"","meta":{"om_disable_all_campaigns":false,"_monsterinsights_skip_tracking":false,"_monsterinsights_sitenote_active":false,"_monsterinsights_sitenote_note":"","_monsterinsights_sitenote_category":0,"_uf_show_specific_survey":0,"_uf_disable_surveys":false},"product_brand":[],"product_cat":[42,105,47],"product_tag":[],"giftcard-category":[],"class_list":{"0":"post-1484","1":"product","2":"type-product","3":"status-publish","4":"has-post-thumbnail","6":"product_cat-accesoires","7":"product_cat-aiguille-machine-a-coudre","8":"product_cat-aiguilles","10":"first","11":"instock","12":"shipping-taxable","13":"purchasable","14":"product-type-variable"},"aioseo_notices":[],"jetpack_sharing_enabled":true,"_links":{"self":[{"href":"https:\/\/berninabrussels.be\/index.php?rest_route=\/wp\/v2\/product\/1484","targetHints":{"allow":["GET"]}}],"collection":[{"href":"https:\/\/berninabrussels.be\/index.php?rest_route=\/wp\/v2\/product"}],"about":[{"href":"https:\/\/berninabrussels.be\/index.php?rest_route=\/wp\/v2\/types\/product"}],"replies":[{"embeddable":true,"href":"https:\/\/berninabrussels.be\/index.php?rest_route=%2Fwp%2Fv2%2Fcomments&post=1484"}],"wp:featuredmedia":[{"embeddable":true,"href":"https:\/\/berninabrussels.be\/index.php?rest_route=\/wp\/v2\/media\/1488"}],"wp:attachment":[{"href":"https:\/\/berninabrussels.be\/index.php?rest_route=%2Fwp%2Fv2%2Fmedia&parent=1484"}],"wp:term":[{"taxonomy":"product_brand","embeddable":true,"href":"https:\/\/berninabrussels.be\/index.php?rest_route=%2Fwp%2Fv2%2Fproduct_brand&post=1484"},{"taxonomy":"product_cat","embeddable":true,"href":"https:\/\/berninabrussels.be\/index.php?rest_route=%2Fwp%2Fv2%2Fproduct_cat&post=1484"},{"taxonomy":"product_tag","embeddable":true,"href":"https:\/\/berninabrussels.be\/index.php?rest_route=%2Fwp%2Fv2%2Fproduct_tag&post=1484"},{"taxonomy":"giftcard-category","embeddable":true,"href":"https:\/\/berninabrussels.be\/index.php?rest_route=%2Fwp%2Fv2%2Fgiftcard-category&post=1484"}],"curies":[{"name":"wp","href":"https:\/\/api.w.org\/{rel}","templated":true}]}}