{"id":1476,"date":"2023-05-09T22:10:05","date_gmt":"2023-05-09T20:10:05","guid":{"rendered":"https:\/\/berninabrussels.be\/?post_type=product&#038;p=1476"},"modified":"2023-05-09T22:12:49","modified_gmt":"2023-05-09T20:12:49","slug":"aiguille-super-universal-sb5","status":"publish","type":"product","link":"https:\/\/berninabrussels.be\/?product=aiguille-super-universal-sb5","title":{"rendered":"Aiguille super universal (SB5)"},"content":{"rendered":"<h3>Syst\u00e8me 130\/705H-SU &#8211; Bo\u00eete de 5 aiguilles super universelles<\/h3>\n<div><\/div>\n<div>Ces aiguilles sont sp\u00e9cialement con\u00e7ues pour le traitement de mat\u00e9riaux collants tels que le ruban adh\u00e9sif velcro, le non-tiss\u00e9 \u00e0 broder avec un spray adh\u00e9sif et le non-tiss\u00e9 adh\u00e9sif.<br \/>\nId\u00e9al pour la broderie par exemple sur du Filmoplast<\/div>\n<div><\/div>\n<div>Syst\u00e8me d&rsquo;aiguille: 130\/705 H-SU<\/div>\n<div><\/div>\n<div>L&rsquo;aiguille est dot\u00e9e d&rsquo;un rev\u00eatement antiadh\u00e9sif sp\u00e9cial qui emp\u00eache la colle de retenir l&rsquo;aiguille (rev\u00eatement antiadh\u00e9sif)<br \/>\nL&rsquo;aiguille a aussi un grand oeil, une tige \u00e9vid\u00e9e et une forme conique<\/div>\n","protected":false},"excerpt":{"rendered":"<p>Syst\u00e8me 130\/705H-SU &#8211; Bo\u00eete de 5 aiguilles super universelles Ces aiguilles sont sp\u00e9cialement con\u00e7ues pour le traitement de mat\u00e9riaux collants tels que le ruban adh\u00e9sif velcro, le non-tiss\u00e9 \u00e0 broder avec un spray adh\u00e9sif et le non-tiss\u00e9 adh\u00e9sif. Id\u00e9al pour la broderie par exemple sur du Filmoplast Syst\u00e8me d&rsquo;aiguille: 130\/705 H-SU L&rsquo;aiguille est dot\u00e9e d&rsquo;un&hellip;<\/p>\n","protected":false},"featured_media":1483,"comment_status":"open","ping_status":"closed","template":"","meta":{"om_disable_all_campaigns":false,"_monsterinsights_skip_tracking":false,"_monsterinsights_sitenote_active":false,"_monsterinsights_sitenote_note":"","_monsterinsights_sitenote_category":0,"_uf_show_specific_survey":0,"_uf_disable_surveys":false},"product_brand":[],"product_cat":[42,105,47],"product_tag":[],"giftcard-category":[],"class_list":{"0":"post-1476","1":"product","2":"type-product","3":"status-publish","4":"has-post-thumbnail","6":"product_cat-accesoires","7":"product_cat-aiguille-machine-a-coudre","8":"product_cat-aiguilles","10":"first","11":"instock","12":"shipping-taxable","13":"purchasable","14":"product-type-variable"},"aioseo_notices":[],"jetpack_sharing_enabled":true,"_links":{"self":[{"href":"https:\/\/berninabrussels.be\/index.php?rest_route=\/wp\/v2\/product\/1476","targetHints":{"allow":["GET"]}}],"collection":[{"href":"https:\/\/berninabrussels.be\/index.php?rest_route=\/wp\/v2\/product"}],"about":[{"href":"https:\/\/berninabrussels.be\/index.php?rest_route=\/wp\/v2\/types\/product"}],"replies":[{"embeddable":true,"href":"https:\/\/berninabrussels.be\/index.php?rest_route=%2Fwp%2Fv2%2Fcomments&post=1476"}],"wp:featuredmedia":[{"embeddable":true,"href":"https:\/\/berninabrussels.be\/index.php?rest_route=\/wp\/v2\/media\/1483"}],"wp:attachment":[{"href":"https:\/\/berninabrussels.be\/index.php?rest_route=%2Fwp%2Fv2%2Fmedia&parent=1476"}],"wp:term":[{"taxonomy":"product_brand","embeddable":true,"href":"https:\/\/berninabrussels.be\/index.php?rest_route=%2Fwp%2Fv2%2Fproduct_brand&post=1476"},{"taxonomy":"product_cat","embeddable":true,"href":"https:\/\/berninabrussels.be\/index.php?rest_route=%2Fwp%2Fv2%2Fproduct_cat&post=1476"},{"taxonomy":"product_tag","embeddable":true,"href":"https:\/\/berninabrussels.be\/index.php?rest_route=%2Fwp%2Fv2%2Fproduct_tag&post=1476"},{"taxonomy":"giftcard-category","embeddable":true,"href":"https:\/\/berninabrussels.be\/index.php?rest_route=%2Fwp%2Fv2%2Fgiftcard-category&post=1476"}],"curies":[{"name":"wp","href":"https:\/\/api.w.org\/{rel}","templated":true}]}}