{"id":1459,"date":"2023-05-09T22:04:34","date_gmt":"2023-05-09T20:04:34","guid":{"rendered":"https:\/\/berninabrussels.be\/?post_type=product&#038;p=1459"},"modified":"2025-05-25T19:04:13","modified_gmt":"2025-05-25T17:04:13","slug":"aiguille-quilting-patchwork-sb5","status":"publish","type":"product","link":"https:\/\/berninabrussels.be\/?product=aiguille-quilting-patchwork-sb5","title":{"rendered":"Aiguille quilting, patchwork (SB5)"},"content":{"rendered":"<p><b><span style=\"font-size: medium;\">Syst\u00e8me 130\/705H Bo\u00eete de 5 aiguilles QUILTING\u00a0\/ PATCHWORK<\/span><\/b><\/p>\n<div>Avec pointe particuli\u00e8rement fine et pointue\u00a0 qui perfore facilement les couches \u00e9paisses et denses, sans ab\u00eemer la mati\u00e8re.<\/p>\n<div><\/div>\n<div>Pour travaux de piquages comme par exemple Quilting ou Patchwork.<\/p>\n<div><\/div>\n<div>Marquage couleur : vert<\/p>\n<div><b>Grosseurs d&rsquo;aiguilles\u00a0NM\u00a0<\/b>(Choisir dans la liste d\u00e9roulante dans le haut)<\/div>\n<div>&#8211; 75.<\/div>\n<div>&#8211; 90.<\/div>\n<\/div>\n<\/div>\n<\/div>\n","protected":false},"excerpt":{"rendered":"<p>Syst\u00e8me 130\/705H Bo\u00eete de 5 aiguilles QUILTING\u00a0\/ PATCHWORK Avec pointe particuli\u00e8rement fine et pointue\u00a0 qui perfore facilement les couches \u00e9paisses et denses, sans ab\u00eemer la mati\u00e8re. Pour travaux de piquages comme par exemple Quilting ou Patchwork. Marquage couleur : vert Grosseurs d&rsquo;aiguilles\u00a0NM\u00a0(Choisir dans la liste d\u00e9roulante dans le haut) &#8211; 75. &#8211; 90.<\/p>\n","protected":false},"featured_media":1466,"comment_status":"open","ping_status":"closed","template":"","meta":{"om_disable_all_campaigns":false,"_monsterinsights_skip_tracking":false,"_monsterinsights_sitenote_active":false,"_monsterinsights_sitenote_note":"","_monsterinsights_sitenote_category":0,"_uf_show_specific_survey":0,"_uf_disable_surveys":false},"product_brand":[],"product_cat":[42,105,47],"product_tag":[],"giftcard-category":[],"class_list":{"0":"post-1459","1":"product","2":"type-product","3":"status-publish","4":"has-post-thumbnail","6":"product_cat-accesoires","7":"product_cat-aiguille-machine-a-coudre","8":"product_cat-aiguilles","10":"first","11":"instock","12":"shipping-taxable","13":"purchasable","14":"product-type-variable"},"aioseo_notices":[],"jetpack_sharing_enabled":true,"_links":{"self":[{"href":"https:\/\/berninabrussels.be\/index.php?rest_route=\/wp\/v2\/product\/1459","targetHints":{"allow":["GET"]}}],"collection":[{"href":"https:\/\/berninabrussels.be\/index.php?rest_route=\/wp\/v2\/product"}],"about":[{"href":"https:\/\/berninabrussels.be\/index.php?rest_route=\/wp\/v2\/types\/product"}],"replies":[{"embeddable":true,"href":"https:\/\/berninabrussels.be\/index.php?rest_route=%2Fwp%2Fv2%2Fcomments&post=1459"}],"wp:featuredmedia":[{"embeddable":true,"href":"https:\/\/berninabrussels.be\/index.php?rest_route=\/wp\/v2\/media\/1466"}],"wp:attachment":[{"href":"https:\/\/berninabrussels.be\/index.php?rest_route=%2Fwp%2Fv2%2Fmedia&parent=1459"}],"wp:term":[{"taxonomy":"product_brand","embeddable":true,"href":"https:\/\/berninabrussels.be\/index.php?rest_route=%2Fwp%2Fv2%2Fproduct_brand&post=1459"},{"taxonomy":"product_cat","embeddable":true,"href":"https:\/\/berninabrussels.be\/index.php?rest_route=%2Fwp%2Fv2%2Fproduct_cat&post=1459"},{"taxonomy":"product_tag","embeddable":true,"href":"https:\/\/berninabrussels.be\/index.php?rest_route=%2Fwp%2Fv2%2Fproduct_tag&post=1459"},{"taxonomy":"giftcard-category","embeddable":true,"href":"https:\/\/berninabrussels.be\/index.php?rest_route=%2Fwp%2Fv2%2Fgiftcard-category&post=1459"}],"curies":[{"name":"wp","href":"https:\/\/api.w.org\/{rel}","templated":true}]}}