{"id":1444,"date":"2023-05-09T21:59:55","date_gmt":"2023-05-09T19:59:55","guid":{"rendered":"https:\/\/berninabrussels.be\/?post_type=product&#038;p=1444"},"modified":"2023-05-09T22:02:08","modified_gmt":"2023-05-09T20:02:08","slug":"aiguille-metallique-130met-sb5","status":"publish","type":"product","link":"https:\/\/berninabrussels.be\/?product=aiguille-metallique-130met-sb5","title":{"rendered":"Aiguille m\u00e9tallique 130MET (SB5)"},"content":{"rendered":"<h3>Bo\u00eete de 5 aiguilles m\u00e9talliques 130MET Schmetz<\/h3>\n<p>Cette aiguille a \u00e9t\u00e9 sp\u00e9cialement d\u00e9velopp\u00e9e pour l&rsquo;utilisation de fils \u00e0 effet m\u00e9tallique. Avec 2 mm, elle poss\u00e8de un chas d&rsquo;aiguille extr\u00eamement long par rapport \u00e0 la taille de l&rsquo;aiguille qui reste la m\u00eame longueur dans toutes les tailles d&rsquo;aiguille. Le chas d&rsquo;aiguille plus long permet au fil m\u00e9tallique de glisser extr\u00eamement doucement \u00e0 travers l&rsquo;aiguille : Ceci permet d&rsquo;\u00e9viter de mani\u00e8re optimale les casses de fils.<\/p>\n","protected":false},"excerpt":{"rendered":"<p>Bo\u00eete de 5 aiguilles m\u00e9talliques 130MET Schmetz Cette aiguille a \u00e9t\u00e9 sp\u00e9cialement d\u00e9velopp\u00e9e pour l&rsquo;utilisation de fils \u00e0 effet m\u00e9tallique. Avec 2 mm, elle poss\u00e8de un chas d&rsquo;aiguille extr\u00eamement long par rapport \u00e0 la taille de l&rsquo;aiguille qui reste la m\u00eame longueur dans toutes les tailles d&rsquo;aiguille. Le chas d&rsquo;aiguille plus long permet au fil&hellip;<\/p>\n","protected":false},"featured_media":1448,"comment_status":"open","ping_status":"closed","template":"","meta":{"om_disable_all_campaigns":false,"_monsterinsights_skip_tracking":false,"_monsterinsights_sitenote_active":false,"_monsterinsights_sitenote_note":"","_monsterinsights_sitenote_category":0,"_uf_show_specific_survey":0,"_uf_disable_surveys":false},"product_brand":[],"product_cat":[42,105,47],"product_tag":[],"giftcard-category":[],"class_list":{"0":"post-1444","1":"product","2":"type-product","3":"status-publish","4":"has-post-thumbnail","6":"product_cat-accesoires","7":"product_cat-aiguille-machine-a-coudre","8":"product_cat-aiguilles","10":"first","11":"instock","12":"shipping-taxable","13":"purchasable","14":"product-type-variable"},"aioseo_notices":[],"jetpack_sharing_enabled":true,"_links":{"self":[{"href":"https:\/\/berninabrussels.be\/index.php?rest_route=\/wp\/v2\/product\/1444","targetHints":{"allow":["GET"]}}],"collection":[{"href":"https:\/\/berninabrussels.be\/index.php?rest_route=\/wp\/v2\/product"}],"about":[{"href":"https:\/\/berninabrussels.be\/index.php?rest_route=\/wp\/v2\/types\/product"}],"replies":[{"embeddable":true,"href":"https:\/\/berninabrussels.be\/index.php?rest_route=%2Fwp%2Fv2%2Fcomments&post=1444"}],"wp:featuredmedia":[{"embeddable":true,"href":"https:\/\/berninabrussels.be\/index.php?rest_route=\/wp\/v2\/media\/1448"}],"wp:attachment":[{"href":"https:\/\/berninabrussels.be\/index.php?rest_route=%2Fwp%2Fv2%2Fmedia&parent=1444"}],"wp:term":[{"taxonomy":"product_brand","embeddable":true,"href":"https:\/\/berninabrussels.be\/index.php?rest_route=%2Fwp%2Fv2%2Fproduct_brand&post=1444"},{"taxonomy":"product_cat","embeddable":true,"href":"https:\/\/berninabrussels.be\/index.php?rest_route=%2Fwp%2Fv2%2Fproduct_cat&post=1444"},{"taxonomy":"product_tag","embeddable":true,"href":"https:\/\/berninabrussels.be\/index.php?rest_route=%2Fwp%2Fv2%2Fproduct_tag&post=1444"},{"taxonomy":"giftcard-category","embeddable":true,"href":"https:\/\/berninabrussels.be\/index.php?rest_route=%2Fwp%2Fv2%2Fgiftcard-category&post=1444"}],"curies":[{"name":"wp","href":"https:\/\/api.w.org\/{rel}","templated":true}]}}