{"id":1438,"date":"2023-05-09T21:57:38","date_gmt":"2023-05-09T19:57:38","guid":{"rendered":"https:\/\/berninabrussels.be\/?post_type=product&#038;p=1438"},"modified":"2025-05-25T14:04:54","modified_gmt":"2025-05-25T12:04:54","slug":"aiguille-jersey-130-705-h-suk-sb5","status":"publish","type":"product","link":"https:\/\/berninabrussels.be\/?product=aiguille-jersey-130-705-h-suk-sb5","title":{"rendered":"Aiguille jersey 130\/705 H SUK (SB5)"},"content":{"rendered":"<h3>Syst\u00e8me 130\/705H &#8211; Bo\u00eete de 5 aiguilles Jersey<\/h3>\n<p>&nbsp;<\/p>\n<p><b>Syst\u00e8me 130\/705 H SUK<\/b>\u00a0Avec pointe \u00e0 bille moyenne ; pour tricot et boutonnerie.<\/p>\n<p><b>Grosseurs d&rsquo;aiguilles<\/b>\u00a0NM 70 \u00e0 NM 100, ainsi qu&rsquo;en assortiment. S\u00e9lectionnez la grosseur d\u00e9sir\u00e9e dans les options ci-dessus, \u00e0 droite de l&rsquo;image.<\/p>\n<p>Marquage couleur : orange<\/p>\n","protected":false},"excerpt":{"rendered":"<p>Syst\u00e8me 130\/705H &#8211; Bo\u00eete de 5 aiguilles Jersey &nbsp; Syst\u00e8me 130\/705 H SUK\u00a0Avec pointe \u00e0 bille moyenne ; pour tricot et boutonnerie. Grosseurs d&rsquo;aiguilles\u00a0NM 70 \u00e0 NM 100, ainsi qu&rsquo;en assortiment. S\u00e9lectionnez la grosseur d\u00e9sir\u00e9e dans les options ci-dessus, \u00e0 droite de l&rsquo;image. Marquage couleur : orange<\/p>\n","protected":false},"featured_media":1443,"comment_status":"open","ping_status":"closed","template":"","meta":{"om_disable_all_campaigns":false,"_monsterinsights_skip_tracking":false,"_monsterinsights_sitenote_active":false,"_monsterinsights_sitenote_note":"","_monsterinsights_sitenote_category":0,"_uf_show_specific_survey":0,"_uf_disable_surveys":false},"product_brand":[],"product_cat":[42,105,47],"product_tag":[],"giftcard-category":[],"class_list":{"0":"post-1438","1":"product","2":"type-product","3":"status-publish","4":"has-post-thumbnail","6":"product_cat-accesoires","7":"product_cat-aiguille-machine-a-coudre","8":"product_cat-aiguilles","10":"first","11":"instock","12":"shipping-taxable","13":"purchasable","14":"product-type-variable"},"aioseo_notices":[],"jetpack_sharing_enabled":true,"_links":{"self":[{"href":"https:\/\/berninabrussels.be\/index.php?rest_route=\/wp\/v2\/product\/1438","targetHints":{"allow":["GET"]}}],"collection":[{"href":"https:\/\/berninabrussels.be\/index.php?rest_route=\/wp\/v2\/product"}],"about":[{"href":"https:\/\/berninabrussels.be\/index.php?rest_route=\/wp\/v2\/types\/product"}],"replies":[{"embeddable":true,"href":"https:\/\/berninabrussels.be\/index.php?rest_route=%2Fwp%2Fv2%2Fcomments&post=1438"}],"wp:featuredmedia":[{"embeddable":true,"href":"https:\/\/berninabrussels.be\/index.php?rest_route=\/wp\/v2\/media\/1443"}],"wp:attachment":[{"href":"https:\/\/berninabrussels.be\/index.php?rest_route=%2Fwp%2Fv2%2Fmedia&parent=1438"}],"wp:term":[{"taxonomy":"product_brand","embeddable":true,"href":"https:\/\/berninabrussels.be\/index.php?rest_route=%2Fwp%2Fv2%2Fproduct_brand&post=1438"},{"taxonomy":"product_cat","embeddable":true,"href":"https:\/\/berninabrussels.be\/index.php?rest_route=%2Fwp%2Fv2%2Fproduct_cat&post=1438"},{"taxonomy":"product_tag","embeddable":true,"href":"https:\/\/berninabrussels.be\/index.php?rest_route=%2Fwp%2Fv2%2Fproduct_tag&post=1438"},{"taxonomy":"giftcard-category","embeddable":true,"href":"https:\/\/berninabrussels.be\/index.php?rest_route=%2Fwp%2Fv2%2Fgiftcard-category&post=1438"}],"curies":[{"name":"wp","href":"https:\/\/api.w.org\/{rel}","templated":true}]}}