{"id":1429,"date":"2023-05-09T21:52:18","date_gmt":"2023-05-09T19:52:18","guid":{"rendered":"https:\/\/berninabrussels.be\/?post_type=product&#038;p=1429"},"modified":"2025-05-26T05:22:29","modified_gmt":"2025-05-26T03:22:29","slug":"aiguille-enfilage-simplifie-705hdk-sb5","status":"publish","type":"product","link":"https:\/\/berninabrussels.be\/?product=aiguille-enfilage-simplifie-705hdk-sb5","title":{"rendered":"Aiguille enfilage simplifi\u00e9 705HDK (SB5)"},"content":{"rendered":"<div><b><span style=\"font-size: medium;\">Syst\u00e8me 130\/705H Bo\u00eete de 5 aiguilles HANDICAP<\/span><\/b><\/div>\n<div><\/div>\n<div>Aiguille universal avec une petite fente sur le c\u00f4t\u00e9 du chas de l\u2019aiguille qui laisse glisser le fil dans le chas.<\/div>\n<div>Particuli\u00e8rement adapt\u00e9e pour faciliter l\u2019entr\u00e9e du fil dans le chas.<\/div>\n<div><\/div>\n<div>Marquage couleur : aucun<\/div>\n<div><b>Grosseurs d&rsquo;aiguilles\u00a0NM\u00a0<\/b>(Choisir dans la liste d\u00e9roulante dans le haut)<\/div>\n<div>&#8211; 80.<\/div>\n<div>&#8211; 90.<\/div>\n","protected":false},"excerpt":{"rendered":"<p>Syst\u00e8me 130\/705H Bo\u00eete de 5 aiguilles HANDICAP Aiguille universal avec une petite fente sur le c\u00f4t\u00e9 du chas de l\u2019aiguille qui laisse glisser le fil dans le chas. Particuli\u00e8rement adapt\u00e9e pour faciliter l\u2019entr\u00e9e du fil dans le chas. Marquage couleur : aucun Grosseurs d&rsquo;aiguilles\u00a0NM\u00a0(Choisir dans la liste d\u00e9roulante dans le haut) &#8211; 80. &#8211; 90.<\/p>\n","protected":false},"featured_media":1432,"comment_status":"open","ping_status":"closed","template":"","meta":{"om_disable_all_campaigns":false,"_monsterinsights_skip_tracking":false,"_monsterinsights_sitenote_active":false,"_monsterinsights_sitenote_note":"","_monsterinsights_sitenote_category":0,"_uf_show_specific_survey":0,"_uf_disable_surveys":false},"product_brand":[],"product_cat":[42,105,47],"product_tag":[],"giftcard-category":[],"class_list":{"0":"post-1429","1":"product","2":"type-product","3":"status-publish","4":"has-post-thumbnail","6":"product_cat-accesoires","7":"product_cat-aiguille-machine-a-coudre","8":"product_cat-aiguilles","10":"first","11":"instock","12":"shipping-taxable","13":"purchasable","14":"product-type-variable"},"aioseo_notices":[],"jetpack_sharing_enabled":true,"_links":{"self":[{"href":"https:\/\/berninabrussels.be\/index.php?rest_route=\/wp\/v2\/product\/1429","targetHints":{"allow":["GET"]}}],"collection":[{"href":"https:\/\/berninabrussels.be\/index.php?rest_route=\/wp\/v2\/product"}],"about":[{"href":"https:\/\/berninabrussels.be\/index.php?rest_route=\/wp\/v2\/types\/product"}],"replies":[{"embeddable":true,"href":"https:\/\/berninabrussels.be\/index.php?rest_route=%2Fwp%2Fv2%2Fcomments&post=1429"}],"wp:featuredmedia":[{"embeddable":true,"href":"https:\/\/berninabrussels.be\/index.php?rest_route=\/wp\/v2\/media\/1432"}],"wp:attachment":[{"href":"https:\/\/berninabrussels.be\/index.php?rest_route=%2Fwp%2Fv2%2Fmedia&parent=1429"}],"wp:term":[{"taxonomy":"product_brand","embeddable":true,"href":"https:\/\/berninabrussels.be\/index.php?rest_route=%2Fwp%2Fv2%2Fproduct_brand&post=1429"},{"taxonomy":"product_cat","embeddable":true,"href":"https:\/\/berninabrussels.be\/index.php?rest_route=%2Fwp%2Fv2%2Fproduct_cat&post=1429"},{"taxonomy":"product_tag","embeddable":true,"href":"https:\/\/berninabrussels.be\/index.php?rest_route=%2Fwp%2Fv2%2Fproduct_tag&post=1429"},{"taxonomy":"giftcard-category","embeddable":true,"href":"https:\/\/berninabrussels.be\/index.php?rest_route=%2Fwp%2Fv2%2Fgiftcard-category&post=1429"}],"curies":[{"name":"wp","href":"https:\/\/api.w.org\/{rel}","templated":true}]}}