{"id":14,"date":"2023-05-05T13:23:32","date_gmt":"2023-05-05T11:23:32","guid":{"rendered":"https:\/\/berninabrussels.be\/?post_type=product&#038;p=14"},"modified":"2025-11-29T17:10:40","modified_gmt":"2025-11-29T16:10:40","slug":"machine-a-coudre-bernette-b37","status":"publish","type":"product","link":"https:\/\/berninabrussels.be\/?product=machine-a-coudre-bernette-b37","title":{"rendered":"MACHINE \u00c0 COUDRE BERNETTE B37"},"content":{"rendered":"<h3>Machine \u00e0 coudre\u00a0BERNETTE B37<\/h3>\n<div class=\"container promo-box promo-box-simple promo-box-border-dashed promo-box-lg\">\n<h4><\/h4>\n<\/div>\n<p>&nbsp;<\/p>\n<div class=\"container\">\n<div class=\"row irow-xs cards\">\n<div class=\"col-sm-6\">\n<p>La Bernette 37 est un mod\u00e8le \u00e9lectronique compact avec un focntionnement simple et un ch\u00e2ssis robuste. Cette machine poss\u00e8de de nombreuses fonctions pratiques telles que le Start\/Stop qui vous permet de coudre sans utiliser la p\u00e9dale ou la position haut\/bas de l&rsquo;aiguille pour vous arr\u00eater dans le tissu ou au-dessus. Cette fonction offre l&rsquo;avantage de pouvoir coudre les coins et tourner le tissu autour de l&rsquo;aiguille.<\/p>\n<p>Avec la Bernette 37, vous pouvez \u00e9galement ajuster la vitesse de couture en fonction de vos besoins individuels et du type de mat\u00e9riau. L&rsquo;\u00e9clairage LED lumineux permet d&rsquo;\u00e9clairer parfaitement votre surface de travail. La Bernette 37 est livr\u00e9e avec 5 pieds presseurs (semelles).<\/p>\n<\/div>\n<div class=\"col-sm-6\">\n<div class=\"embed-responsive embed-responsive-16by9\"><\/div>\n<\/div>\n<\/div>\n<h3>Caract\u00e9ristiques de la Bernette b37<\/h3>\n<div class=\"heading-divider\"><\/div>\n<h4>Des op\u00e9rations simples pour une couture plus efficace<\/h4>\n<p>Le Bernette 37 est facile d&rsquo;utilisation\u00a0via l&rsquo;affichage \u00e0 LCD. Il montre le point s\u00e9lectionn\u00e9, la longueur\u00a0et la largeur de celui-ci. Vous pouvez changer les r\u00e9glages individuels en appuyant sur les boutons appropri\u00e9s. Il est m\u00eame possible de changer les r\u00e9glages quand vous cousez. Si vous voulez coudre sans la p\u00e9dale, vous pouvez utiliser la fonction\u00a0Start \/ Stop sur votre machine \u00e0 coudre. Ceci est particuli\u00e8rement utile si vous devez coudre des sections plus longues, des boutonni\u00e8res ou si vous souhaitez travailler debout sur un table haute.<\/p>\n<h4>De nombreux fonctions et accessoires qui rendent la couture plus agr\u00e9able<\/h4>\n<p>En plus de la fonction\u00a0boutonni\u00e8re\u00a0en 1 \u00e9tape,\u00a0des 50 points utilaires et des points d\u00e9coratifs, la Bernette 37 a aussi un enfileur semi-automatique et un coupe-fil manuel. Ces fonctions vous permettent de coudre plus rapidement et plus efficacement. La bo\u00eete d&rsquo;accessoires de votre Bernette 37 fournit beaucoup d&rsquo;espace de rangement pour vos accessoires, comme des canettes, la brosse de nettoyage, les pieds presseurs\u00a0ou des fils.<\/p>\n<h4>Bonne qualit\u00e9 de point, m\u00eame sur des tissus \u00e9pais<\/h4>\n<p>Le soul\u00e8vement du pied en 2 \u00e9tapes permet \u00e0 la Bernette 37 de g\u00e9rer la couture d&rsquo;\u00e9paisses couches de tissu avec facilit\u00e9. C&rsquo;est un avantage r\u00e9el lors de travaux de quilting, par exemple. Les deux \u00e9tapes impliqu\u00e9es dans le levage du pied presseur vous donnent plus d&rsquo;espace entre le pied presseur et les griffes, vous pouvez donc\u00a0 placer diif\u00e9rentes couches de tissu sous le pied.<\/p>\n<h4>Des points d\u00e9coratifs et quilting pour de splendides travaux<\/h4>\n<p>Non seulement la Bernette 37 \u00e0 une vaste gamme de points utilitaires, comme le point droit et le point zigzag, mais elle offre aussi toute une s\u00e9rie de points d\u00e9coratifs et des points\u00a0quilting, que vous pouvez utiliser pour am\u00e9liorer vos projets de couture.<\/p>\n<div align=\"center\"><img data-recalc-dims=\"1\" decoding=\"async\" src=\"https:\/\/i0.wp.com\/www.stecker.be\/Images\/ImageDescriptionArticle\/machines\/bernette\/bernette-b37\/griffes-machine-a-coudre-bernette-b37.jpg?w=1140&#038;ssl=1\" alt=\"Griffes de la machine \u00e0 coudre Bernette b37\" \/>\u00a0\u00a0<img data-recalc-dims=\"1\" decoding=\"async\" src=\"https:\/\/i0.wp.com\/www.stecker.be\/Images\/ImageDescriptionArticle\/machines\/bernette\/bernette-b37\/points-machine-a-coudre-bernette-b37.jpg?w=1140&#038;ssl=1\" alt=\"Points de couture de la machine \u00e0 coudre Bernette b37\" \/><\/div>\n<h3>Points de la Bernette b37<\/h3>\n<div class=\"heading-divider\"><\/div>\n<p><strong>Une vaste gamme de points pour plus de flexibilit\u00e9 dans vos projets de couture<br \/>\n<\/strong><\/p>\n<p>Le Bernette 37 a plus de 50 points diff\u00e9rents se rapartissant comme suit :\u00a017 points utilitaires et stretch, 2 points de reprisage et 19 points d\u00e9coratifs, 5 boutonni\u00e8res et 7 points pour le quilt. Cela signifie que vous \u00eates bien \u00e9quip\u00e9s pour traiter n&rsquo;importe quel projet de couture. Les points \u00e9lastiques\u00a0vous permettent de coudre des tissus jersey.<\/p>\n<div align=\"center\"><span style=\"font-size: medium;\"><img data-recalc-dims=\"1\" decoding=\"async\" src=\"https:\/\/i0.wp.com\/www.stecker.be\/Images\/ImageDescriptionArticle\/machines\/bernette\/bernette-b37\/points-couture-machine-a-coudre-bernette-b37.png?w=1140&#038;ssl=1\" alt=\"Points de couture de la machine \u00e0 coudre Bernette b37\" \/><\/span><\/div>\n<div align=\"center\"><iframe src=\"https:\/\/www.youtube.com\/embed\/playlist?list=PLP_mDUnCAVpz_C4brpXNhVYqmwVcSo5DI\" width=\"640\" height=\"360\" frameborder=\"0\" allowfullscreen=\"allowfullscreen\" data-mce-fragment=\"1\"><\/iframe><\/div>\n<div align=\"center\">Vous pouvez s\u00e9lectionner les\u00a0<b>sous-titres en fran\u00e7ais<\/b>\u00a0ou dans la langue de votre choix en cliquant sur l&rsquo;icone \u00ab\u00a0Param\u00e8tres\u00a0\u00bb et ensuite \u00ab\u00a0Sous-titres\u00a0\u00bb. Vous pouvez des lors s\u00e9lectionner la langue de votre choix<\/div>\n<div><span style=\"font-size: large;\">Accessoires de la Bernette b37<\/span><\/div>\n<div><\/div>\n<div><\/div>\n<div>\n<div><span style=\"color: gray; font-size: medium;\"><strong>5 pieds presseurs (semelles) inclus &#8211; Le bon pied presseur\u00a0chaque application<\/strong><\/span><\/div>\n<div><span style=\"font-size: medium;\"><br \/>\nAvec votre Bernette 37 vous obtenez\u00a05 pieds presseurs (semelles) et une\u00a0support de pied presseur stable. Vous pouvez choisir le pied presseur appropri\u00e9 pour ce que vous voulez coudre. Par exemple, vous pouvez choisir le pied\u00a0zigzag pour des points en zigzag, le pied de satin pour vos bourdons et le pied de boutonni\u00e8re pour r\u00e9aliser de belles boutonni\u00e8res.\u00a0Avec des\u00a0pieds appropri\u00e9s, vous pouvez accomplir vos projets de couture rapidement et avec une excellente qualit\u00e9 de point.<\/span><\/div>\n<\/div>\n<div><\/div>\n<div>\nPied zigzag\u00a0(sur la machine)<br \/>\nPied pour boutons<\/div>\n<div>Pied pour fermeture \u00e0 glissi\u00e8re<\/div>\n<div>Pied boutonni\u00e8re<\/div>\n<div>Pied pour broderie avec semelle transparente<\/div>\n<div>P\u00e9dale<\/div>\n<div>Canettes (4x) (1 sur\u00a0dans machine)<\/div>\n<div>Assortiment d&rsquo;aiguilles<\/div>\n<div>Porte bobine suppl\u00e9mentaire<\/div>\n<div>D\u00e9couseur (ouvre-boutonni\u00e8re)<\/div>\n<div>Tournevis en T<\/div>\n<div>Brosse<\/div>\n<div>Cale bobine (x1) (Large)<\/div>\n<div>Cale bobine (x1) (Petit) (sur la machine)<br \/>\nFilet pour bobine<\/div>\n<div><\/div>\n<div><span style=\"font-size: medium;\"><b><span style=\"color: red;\">Housse non incluse<\/span><\/b><br \/>\nVous trouverez les instructions de couture sp\u00e9cifiques pour r\u00e9aliser le capot antipoussi\u00e8re sur\u00a0<a href=\"https:\/\/www.mybernette.com\/cover\" target=\"_blank\" rel=\"noopener\">www.mybernette.com\/cover<\/a><\/span><\/div>\n<\/div>\n","protected":false},"excerpt":{"rendered":"<div class=\"col-sm-6\">\n<ul>\n<li>\u00a0\u00c9cran LCD<\/li>\n<li><i class=\"fa fa-check fa-fw text-success\"><\/i>\u00a0Aper\u00e7u des points et Manuel d&rsquo;installation rapide<\/li>\n<li><i class=\"fa fa-check fa-fw text-success\"><\/i>\u00a0Cinq boutonni\u00e8res diff\u00e9rentes en 1 \u00e9tape<\/li>\n<li><i class=\"fa fa-check fa-fw text-success\"><\/i>\u00a050 points, dont des points d\u00e9coratifs et des points pour quilt<\/li>\n<\/ul>\n<\/div>\n<div class=\"col-sm-6\">\n<ul>\n<li><i class=\"fa fa-check fa-fw text-success\"><\/i>\u00a0Largeur de point jusqu&rsquo;\u00e0 7 mm<\/li>\n<li><i class=\"fa fa-check fa-fw text-success\"><\/i>\u00a0Bouton marche\/arr\u00eat<\/li>\n<li><i class=\"fa fa-check fa-fw text-success\"><\/i>\u00a0R\u00e9gulateur de vitesse<\/li>\n<\/ul>\n<\/div>\n","protected":false},"featured_media":15,"comment_status":"open","ping_status":"closed","template":"","meta":{"om_disable_all_campaigns":false,"_monsterinsights_skip_tracking":false,"_monsterinsights_sitenote_active":false,"_monsterinsights_sitenote_note":"","_monsterinsights_sitenote_category":0,"_uf_show_specific_survey":0,"_uf_disable_surveys":false},"product_brand":[],"product_cat":[40,29,16],"product_tag":[],"giftcard-category":[],"class_list":{"0":"post-14","1":"product","2":"type-product","3":"status-publish","4":"has-post-thumbnail","6":"product_cat-electronique","7":"product_cat-machines","8":"product_cat-machines-menageres","10":"first","11":"instock","12":"sale","13":"shipping-taxable","14":"purchasable","15":"product-type-simple"},"aioseo_notices":[],"jetpack_sharing_enabled":true,"_links":{"self":[{"href":"https:\/\/berninabrussels.be\/index.php?rest_route=\/wp\/v2\/product\/14","targetHints":{"allow":["GET"]}}],"collection":[{"href":"https:\/\/berninabrussels.be\/index.php?rest_route=\/wp\/v2\/product"}],"about":[{"href":"https:\/\/berninabrussels.be\/index.php?rest_route=\/wp\/v2\/types\/product"}],"replies":[{"embeddable":true,"href":"https:\/\/berninabrussels.be\/index.php?rest_route=%2Fwp%2Fv2%2Fcomments&post=14"}],"wp:featuredmedia":[{"embeddable":true,"href":"https:\/\/berninabrussels.be\/index.php?rest_route=\/wp\/v2\/media\/15"}],"wp:attachment":[{"href":"https:\/\/berninabrussels.be\/index.php?rest_route=%2Fwp%2Fv2%2Fmedia&parent=14"}],"wp:term":[{"taxonomy":"product_brand","embeddable":true,"href":"https:\/\/berninabrussels.be\/index.php?rest_route=%2Fwp%2Fv2%2Fproduct_brand&post=14"},{"taxonomy":"product_cat","embeddable":true,"href":"https:\/\/berninabrussels.be\/index.php?rest_route=%2Fwp%2Fv2%2Fproduct_cat&post=14"},{"taxonomy":"product_tag","embeddable":true,"href":"https:\/\/berninabrussels.be\/index.php?rest_route=%2Fwp%2Fv2%2Fproduct_tag&post=14"},{"taxonomy":"giftcard-category","embeddable":true,"href":"https:\/\/berninabrussels.be\/index.php?rest_route=%2Fwp%2Fv2%2Fgiftcard-category&post=14"}],"curies":[{"name":"wp","href":"https:\/\/api.w.org\/{rel}","templated":true}]}}