{"id":1371,"date":"2023-05-09T21:38:31","date_gmt":"2023-05-09T19:38:31","guid":{"rendered":"https:\/\/berninabrussels.be\/?post_type=product&#038;p=1371"},"modified":"2025-05-26T08:45:47","modified_gmt":"2025-05-26T06:45:47","slug":"aiguille-double-jeans-sb1","status":"publish","type":"product","link":"https:\/\/berninabrussels.be\/?product=aiguille-double-jeans-sb1","title":{"rendered":"Aiguille double JEANS (SB1)"},"content":{"rendered":"<div><b><span style=\"font-size: medium;\">Syst\u00e8me 130\/705H DRI Bo\u00eete de 1 aiguille DOUBLE JEANS \/ DENIMS<\/span><\/b><\/p>\n<div><\/div>\n<div>Avec pointe \u00e0 bille moyenne p\u00e9n\u00e8tre plus facilment les tissus \u00e9pais et serr\u00e9s sans ab\u00eemer la mati\u00e8re. La tige renforc\u00e9e d\u00e9vie moins et r\u00e9duit le risque de points de manque et de casses d&rsquo;aiguilles. Pour le denim (jeans) et mati\u00e8res semblables tr\u00e8s serr\u00e9es.<\/div>\n<div><\/div>\n<\/div>\n<div>\n<div>Marquage couleur : bleu<\/p>\n<\/div>\n<div><b>Type d&rsquo;ouvrage possible avec l&rsquo;aiguille double ou triple :\u00a0<\/b><\/div>\n<div>&#8211;\u00a0Utiliser pour couture ancienne et surpiq\u00fbres d\u00e9coratives<br \/>\n&#8211; Pour la d\u00e9coration en 2 ou 3 fils<br \/>\n&#8211; Faire des coutures parall\u00e8les ou de\u00a0jolies nervures\u00a0\u00e0 points droits ou points droits renforc\u00e9s<br \/>\n&#8211; R\u00e9aliser des ourlets double ou triple piq\u00fbre<br \/>\n&#8211; Appliquer un ruban, un biais, un galon ou un \u00e9lastique pour \u00eatre maintenu des 2 c\u00f4t\u00e9s<br \/>\n&#8211; Couture d&rsquo;ornement unis et multicolores<br \/>\n&#8211; Passepoil<\/div>\n<\/div>\n","protected":false},"excerpt":{"rendered":"<p>Syst\u00e8me 130\/705H DRI Bo\u00eete de 1 aiguille DOUBLE JEANS \/ DENIMS Avec pointe \u00e0 bille moyenne p\u00e9n\u00e8tre plus facilment les tissus \u00e9pais et serr\u00e9s sans ab\u00eemer la mati\u00e8re. La tige renforc\u00e9e d\u00e9vie moins et r\u00e9duit le risque de points de manque et de casses d&rsquo;aiguilles. Pour le denim (jeans) et mati\u00e8res semblables tr\u00e8s serr\u00e9es. Marquage&hellip;<\/p>\n","protected":false},"featured_media":1381,"comment_status":"open","ping_status":"closed","template":"","meta":{"om_disable_all_campaigns":false,"_monsterinsights_skip_tracking":false,"_monsterinsights_sitenote_active":false,"_monsterinsights_sitenote_note":"","_monsterinsights_sitenote_category":0,"_uf_show_specific_survey":0,"_uf_disable_surveys":false},"product_brand":[],"product_cat":[42,105,47],"product_tag":[],"giftcard-category":[],"class_list":{"0":"post-1371","1":"product","2":"type-product","3":"status-publish","4":"has-post-thumbnail","6":"product_cat-accesoires","7":"product_cat-aiguille-machine-a-coudre","8":"product_cat-aiguilles","10":"first","11":"instock","12":"shipping-taxable","13":"purchasable","14":"product-type-variable"},"aioseo_notices":[],"jetpack_sharing_enabled":true,"_links":{"self":[{"href":"https:\/\/berninabrussels.be\/index.php?rest_route=\/wp\/v2\/product\/1371","targetHints":{"allow":["GET"]}}],"collection":[{"href":"https:\/\/berninabrussels.be\/index.php?rest_route=\/wp\/v2\/product"}],"about":[{"href":"https:\/\/berninabrussels.be\/index.php?rest_route=\/wp\/v2\/types\/product"}],"replies":[{"embeddable":true,"href":"https:\/\/berninabrussels.be\/index.php?rest_route=%2Fwp%2Fv2%2Fcomments&post=1371"}],"wp:featuredmedia":[{"embeddable":true,"href":"https:\/\/berninabrussels.be\/index.php?rest_route=\/wp\/v2\/media\/1381"}],"wp:attachment":[{"href":"https:\/\/berninabrussels.be\/index.php?rest_route=%2Fwp%2Fv2%2Fmedia&parent=1371"}],"wp:term":[{"taxonomy":"product_brand","embeddable":true,"href":"https:\/\/berninabrussels.be\/index.php?rest_route=%2Fwp%2Fv2%2Fproduct_brand&post=1371"},{"taxonomy":"product_cat","embeddable":true,"href":"https:\/\/berninabrussels.be\/index.php?rest_route=%2Fwp%2Fv2%2Fproduct_cat&post=1371"},{"taxonomy":"product_tag","embeddable":true,"href":"https:\/\/berninabrussels.be\/index.php?rest_route=%2Fwp%2Fv2%2Fproduct_tag&post=1371"},{"taxonomy":"giftcard-category","embeddable":true,"href":"https:\/\/berninabrussels.be\/index.php?rest_route=%2Fwp%2Fv2%2Fgiftcard-category&post=1371"}],"curies":[{"name":"wp","href":"https:\/\/api.w.org\/{rel}","templated":true}]}}