{"id":1298,"date":"2023-05-09T21:19:53","date_gmt":"2023-05-09T19:19:53","guid":{"rendered":"https:\/\/berninabrussels.be\/?post_type=product&#038;p=1298"},"modified":"2023-05-09T21:22:56","modified_gmt":"2023-05-09T19:22:56","slug":"aiguille-double-broderie-sb1","status":"publish","type":"product","link":"https:\/\/berninabrussels.be\/?product=aiguille-double-broderie-sb1","title":{"rendered":"Aiguille double broderie (SB1)"},"content":{"rendered":"<h3>Syst\u00e8me 130\/705H &#8211; Bo\u00eete de 1 aiguille double broderie<\/h3>\n<p>Avec petite pointe \u00e0 bille et en comparaison avec l&rsquo;aiguille universel, un chas d&rsquo;aiguille particuli\u00e8rement large et une rainure plus large pour fils plus gros et fils de laine.<br \/>\nMarquage couleur : rouge<\/p>\n","protected":false},"excerpt":{"rendered":"<p>Syst\u00e8me 130\/705H &#8211; Bo\u00eete de 1 aiguille double broderie Avec petite pointe \u00e0 bille et en comparaison avec l&rsquo;aiguille universel, un chas d&rsquo;aiguille particuli\u00e8rement large et une rainure plus large pour fils plus gros et fils de laine. Marquage couleur : rouge<\/p>\n","protected":false},"featured_media":1312,"comment_status":"open","ping_status":"closed","template":"","meta":{"om_disable_all_campaigns":false,"_monsterinsights_skip_tracking":false,"_monsterinsights_sitenote_active":false,"_monsterinsights_sitenote_note":"","_monsterinsights_sitenote_category":0,"_uf_show_specific_survey":0,"_uf_disable_surveys":false},"product_brand":[],"product_cat":[42,105,47],"product_tag":[],"giftcard-category":[],"class_list":{"0":"post-1298","1":"product","2":"type-product","3":"status-publish","4":"has-post-thumbnail","6":"product_cat-accesoires","7":"product_cat-aiguille-machine-a-coudre","8":"product_cat-aiguilles","10":"first","11":"instock","12":"shipping-taxable","13":"product-type-variable"},"aioseo_notices":[],"jetpack_sharing_enabled":true,"_links":{"self":[{"href":"https:\/\/berninabrussels.be\/index.php?rest_route=\/wp\/v2\/product\/1298","targetHints":{"allow":["GET"]}}],"collection":[{"href":"https:\/\/berninabrussels.be\/index.php?rest_route=\/wp\/v2\/product"}],"about":[{"href":"https:\/\/berninabrussels.be\/index.php?rest_route=\/wp\/v2\/types\/product"}],"replies":[{"embeddable":true,"href":"https:\/\/berninabrussels.be\/index.php?rest_route=%2Fwp%2Fv2%2Fcomments&post=1298"}],"wp:featuredmedia":[{"embeddable":true,"href":"https:\/\/berninabrussels.be\/index.php?rest_route=\/wp\/v2\/media\/1312"}],"wp:attachment":[{"href":"https:\/\/berninabrussels.be\/index.php?rest_route=%2Fwp%2Fv2%2Fmedia&parent=1298"}],"wp:term":[{"taxonomy":"product_brand","embeddable":true,"href":"https:\/\/berninabrussels.be\/index.php?rest_route=%2Fwp%2Fv2%2Fproduct_brand&post=1298"},{"taxonomy":"product_cat","embeddable":true,"href":"https:\/\/berninabrussels.be\/index.php?rest_route=%2Fwp%2Fv2%2Fproduct_cat&post=1298"},{"taxonomy":"product_tag","embeddable":true,"href":"https:\/\/berninabrussels.be\/index.php?rest_route=%2Fwp%2Fv2%2Fproduct_tag&post=1298"},{"taxonomy":"giftcard-category","embeddable":true,"href":"https:\/\/berninabrussels.be\/index.php?rest_route=%2Fwp%2Fv2%2Fgiftcard-category&post=1298"}],"curies":[{"name":"wp","href":"https:\/\/api.w.org\/{rel}","templated":true}]}}