{"id":1265,"date":"2023-05-09T20:44:27","date_gmt":"2023-05-09T18:44:27","guid":{"rendered":"https:\/\/berninabrussels.be\/?post_type=product&#038;p=1265"},"modified":"2025-12-16T04:05:55","modified_gmt":"2025-12-16T03:05:55","slug":"bernina-collection-de-broderie-loop-de-loop-21016-dw-cd","status":"publish","type":"product","link":"https:\/\/berninabrussels.be\/?product=bernina-collection-de-broderie-loop-de-loop-21016-dw-cd","title":{"rendered":"BERNINA COLLECTION DE BRODERIE LOOP-DE-LOOP # 21016 DW CD"},"content":{"rendered":"<p>Loop-de-Loop DesignWorks propose 15 designs pop art pour le m\u00e9lange, la superposition et l\u2019artisanat. Profitez de motifs pr\u00eats \u00e0 embellir CutWork, PaintWork et CrystalWork ainsi que d&rsquo;\u00e9l\u00e9ments de fond peints pour la superposition de broderies ou de coutures d\u00e9coratives.<\/p>\n","protected":false},"excerpt":{"rendered":"<p>Loop-de-Loop DesignWorks propose 15 designs pop art pour le m\u00e9lange, la superposition et l\u2019artisanat. Profitez de motifs pr\u00eats \u00e0 embellir CutWork, PaintWork et CrystalWork ainsi que d&rsquo;\u00e9l\u00e9ments de fond peints pour la superposition de broderies ou de coutures d\u00e9coratives.<\/p>\n","protected":false},"featured_media":1266,"comment_status":"open","ping_status":"closed","template":"","meta":{"om_disable_all_campaigns":false,"_monsterinsights_skip_tracking":false,"_monsterinsights_sitenote_active":false,"_monsterinsights_sitenote_note":"","_monsterinsights_sitenote_category":0,"_uf_show_specific_survey":0,"_uf_disable_surveys":false},"product_brand":[],"product_cat":[127],"product_tag":[],"giftcard-category":[],"class_list":{"0":"post-1265","1":"product","2":"type-product","3":"status-publish","4":"has-post-thumbnail","6":"product_cat-logiciel-et-pack-de-broderies","8":"first","9":"instock","10":"shipping-taxable","11":"purchasable","12":"product-type-simple"},"aioseo_notices":[],"jetpack_sharing_enabled":true,"_links":{"self":[{"href":"https:\/\/berninabrussels.be\/index.php?rest_route=\/wp\/v2\/product\/1265","targetHints":{"allow":["GET"]}}],"collection":[{"href":"https:\/\/berninabrussels.be\/index.php?rest_route=\/wp\/v2\/product"}],"about":[{"href":"https:\/\/berninabrussels.be\/index.php?rest_route=\/wp\/v2\/types\/product"}],"replies":[{"embeddable":true,"href":"https:\/\/berninabrussels.be\/index.php?rest_route=%2Fwp%2Fv2%2Fcomments&post=1265"}],"wp:featuredmedia":[{"embeddable":true,"href":"https:\/\/berninabrussels.be\/index.php?rest_route=\/wp\/v2\/media\/1266"}],"wp:attachment":[{"href":"https:\/\/berninabrussels.be\/index.php?rest_route=%2Fwp%2Fv2%2Fmedia&parent=1265"}],"wp:term":[{"taxonomy":"product_brand","embeddable":true,"href":"https:\/\/berninabrussels.be\/index.php?rest_route=%2Fwp%2Fv2%2Fproduct_brand&post=1265"},{"taxonomy":"product_cat","embeddable":true,"href":"https:\/\/berninabrussels.be\/index.php?rest_route=%2Fwp%2Fv2%2Fproduct_cat&post=1265"},{"taxonomy":"product_tag","embeddable":true,"href":"https:\/\/berninabrussels.be\/index.php?rest_route=%2Fwp%2Fv2%2Fproduct_tag&post=1265"},{"taxonomy":"giftcard-category","embeddable":true,"href":"https:\/\/berninabrussels.be\/index.php?rest_route=%2Fwp%2Fv2%2Fgiftcard-category&post=1265"}],"curies":[{"name":"wp","href":"https:\/\/api.w.org\/{rel}","templated":true}]}}