{"id":1261,"date":"2023-05-09T20:41:58","date_gmt":"2023-05-09T18:41:58","guid":{"rendered":"https:\/\/berninabrussels.be\/?post_type=product&#038;p=1261"},"modified":"2023-05-09T20:43:00","modified_gmt":"2023-05-09T18:43:00","slug":"cle-usb-bernina","status":"publish","type":"product","link":"https:\/\/berninabrussels.be\/?product=cle-usb-bernina","title":{"rendered":"Cl\u00e9 USb Bernina"},"content":{"rendered":"<div id=\"p_lt_zoneContent_pageplaceholder_p_lt_zoneHeader_Bernina_ParagraphHeaderImage_pnlSimpleShowroom\" class=\"r-container-fluid r-show-simple\">\n<div id=\"p_lt_zoneContent_pageplaceholder_p_lt_zoneHeader_Bernina_ParagraphHeaderImage_divTextWrapper\" class=\"r-show-simple-text\">\n<div class=\"r-container\">\n<div class=\"r-row clearfix\">\n<div class=\"r-col-8\">\n<div class=\"r-show-simple-box r-text-block\">\n<div class=\"r-show-box-padding\">\n<h1>CL\u00c9 USB BERNINA<\/h1>\n<\/div>\n<\/div>\n<\/div>\n<\/div>\n<\/div>\n<\/div>\n<\/div>\n<div class=\"r-container\">\n<div class=\"r-row row-main-content clearfix\">\n<div class=\"r-col-8 r-content-small\">\n<div class=\"r-container r-text-block\">\n<p id=\"p_lt_zoneContent_pageplaceholder_p_lt_zoneContent_Bernina_ParagraphTitleText_litParagraph\">La cl\u00e9 USB BERNINA est un outil compl\u00e9mentaire tr\u00e8s utile pour travailler avec les mod\u00e8les BERNINA Artista 630, 640, 730, 580, 820, 830. Ces machines \u00e0 coudre BERNINA int\u00e8grent une machine \u00e0 broder informatis\u00e9e disponible en option qui permet de r\u00e9aliser des ouvrages de broderie professionnels command\u00e9s par ordinateur. La cl\u00e9 USB sert \u00e0 \u00e9changer rapidement et simplement les donn\u00e9es entre la machine \u00e0 broder informatis\u00e9e et l&rsquo;ordinateur.<\/p>\n<p>Le support de donn\u00e9es mobile peut sauvegarder des donn\u00e9es et des motifs de points d&rsquo;une taille allant jusqu&rsquo;\u00e0 1 GB. En raison de sa grande capacit\u00e9 de stockage de donn\u00e9es, la cl\u00e9 est l&rsquo;outil id\u00e9al pour r\u00e9aliser des sauvegardes de secours et des mises \u00e0 jour.<\/p>\n<p>La cl\u00e9 USB BERNINA est \u00e9quip\u00e9e d&rsquo;un solide \u00e9tui de transport pour garantir qu&rsquo;elle soit bien prot\u00e9g\u00e9e et maintenue \u00e0 l&rsquo;abri de la poussi\u00e8re. Son capuchon rouge, tr\u00e8s visible, et \u00e9quip\u00e9 d&rsquo;un anneau pour pouvoir l&rsquo;accrocher.<\/p>\n<p>D\u00e9couvrez d\u00e8s maintenant cette cl\u00e9 USB BERNINA tr\u00e8s pratique dans la gamme exhaustive d&rsquo;accessoires de couture BERNINA !<\/p>\n<\/div>\n<\/div>\n<\/div>\n<\/div>\n","protected":false},"excerpt":{"rendered":"<p>CL\u00c9 USB BERNINA La cl\u00e9 USB BERNINA est un outil compl\u00e9mentaire tr\u00e8s utile pour travailler avec les mod\u00e8les BERNINA Artista 630, 640, 730, 580, 820, 830. Ces machines \u00e0 coudre BERNINA int\u00e8grent une machine \u00e0 broder informatis\u00e9e disponible en option qui permet de r\u00e9aliser des ouvrages de broderie professionnels command\u00e9s par ordinateur. La cl\u00e9 USB&hellip;<\/p>\n","protected":false},"featured_media":1262,"comment_status":"open","ping_status":"closed","template":"","meta":{"om_disable_all_campaigns":false,"_monsterinsights_skip_tracking":false,"_monsterinsights_sitenote_active":false,"_monsterinsights_sitenote_note":"","_monsterinsights_sitenote_category":0,"_uf_show_specific_survey":0,"_uf_disable_surveys":false},"product_brand":[],"product_cat":[127],"product_tag":[],"giftcard-category":[],"class_list":{"0":"post-1261","1":"product","2":"type-product","3":"status-publish","4":"has-post-thumbnail","6":"product_cat-logiciel-et-pack-de-broderies","8":"first","9":"instock","10":"shipping-taxable","11":"purchasable","12":"product-type-simple"},"aioseo_notices":[],"jetpack_sharing_enabled":true,"_links":{"self":[{"href":"https:\/\/berninabrussels.be\/index.php?rest_route=\/wp\/v2\/product\/1261","targetHints":{"allow":["GET"]}}],"collection":[{"href":"https:\/\/berninabrussels.be\/index.php?rest_route=\/wp\/v2\/product"}],"about":[{"href":"https:\/\/berninabrussels.be\/index.php?rest_route=\/wp\/v2\/types\/product"}],"replies":[{"embeddable":true,"href":"https:\/\/berninabrussels.be\/index.php?rest_route=%2Fwp%2Fv2%2Fcomments&post=1261"}],"wp:featuredmedia":[{"embeddable":true,"href":"https:\/\/berninabrussels.be\/index.php?rest_route=\/wp\/v2\/media\/1262"}],"wp:attachment":[{"href":"https:\/\/berninabrussels.be\/index.php?rest_route=%2Fwp%2Fv2%2Fmedia&parent=1261"}],"wp:term":[{"taxonomy":"product_brand","embeddable":true,"href":"https:\/\/berninabrussels.be\/index.php?rest_route=%2Fwp%2Fv2%2Fproduct_brand&post=1261"},{"taxonomy":"product_cat","embeddable":true,"href":"https:\/\/berninabrussels.be\/index.php?rest_route=%2Fwp%2Fv2%2Fproduct_cat&post=1261"},{"taxonomy":"product_tag","embeddable":true,"href":"https:\/\/berninabrussels.be\/index.php?rest_route=%2Fwp%2Fv2%2Fproduct_tag&post=1261"},{"taxonomy":"giftcard-category","embeddable":true,"href":"https:\/\/berninabrussels.be\/index.php?rest_route=%2Fwp%2Fv2%2Fgiftcard-category&post=1261"}],"curies":[{"name":"wp","href":"https:\/\/api.w.org\/{rel}","templated":true}]}}