{"id":1257,"date":"2023-05-09T20:37:44","date_gmt":"2023-05-09T18:37:44","guid":{"rendered":"https:\/\/berninabrussels.be\/?post_type=product&#038;p=1257"},"modified":"2023-05-09T20:40:42","modified_gmt":"2023-05-09T18:40:42","slug":"set-de-3-logiciel-et-motifs-3-codes-3-outils","status":"publish","type":"product","link":"https:\/\/berninabrussels.be\/?product=set-de-3-logiciel-et-motifs-3-codes-3-outils","title":{"rendered":"SET DE 3: LOGICIEL ET MOTIFS + 3 CODES + 3 OUTILS"},"content":{"rendered":"<div id=\"EnteteTab\">\n<ul>\n<li><span style=\"font-size: 2em;\">Logiciel Combi-3 Designworks BERNINA<\/span><\/li>\n<\/ul>\n<\/div>\n<div class=\"tabbable\">\n<div class=\"tab-content\">\n<div id=\"TabCMS1\" class=\"tab-pane  in active\">\n<p><strong>Logiciel Designworks + outil Cutwork + outil Paintwork + outil Crystalwork + 3 codes d&rsquo;activation<\/strong><\/p>\n<div class=\"container\">\n<div class=\"row\">\n<div class=\"col-md-4\">\n<h3>L&rsquo;outil BERNINA CutWork contient :<\/h3>\n<ul class=\"list-hg\">\n<li>1 outil CutWork avec aiguille de coupe<\/li>\n<li>1 aiguille CutWork de remplacement<\/li>\n<li>1 pied CutWork #44<\/li>\n<li>1 petite cl\u00e9 \u00e0 fourche<\/li>\n<li>Directives m\u00e9caniques en 12 langues<\/li>\n<\/ul>\n<\/div>\n<div class=\"col-md-4\"><\/div>\n<\/div>\n<div class=\"container sm-padding\">\n<div class=\"title-divider divider-stroke\">\n<h3>Kit logiciel DesignWorks BERNINA<\/h3>\n<\/div>\n<div class=\"col-sm-8 col-sm-offset-2\">\n<div class=\"embed-responsive embed-responsive-16by9\"><\/div>\n<\/div>\n<\/div>\n<p>D\u00e9couper des formes, peindre des designs en couleurs ou cr\u00e9er des motifs individuels avec des pierres en strass, tout est maintenant possible avec une machine \u00e0 coudre et \u00e0 broder BERNINA. Ennoblir une mati\u00e8re textile ou autre, que ce soit avec un motif simple ou combin\u00e9, vous atteignez de nouvelles dimensions.<\/p>\n<p>BERNINA DesignWorks est un logiciel compos\u00e9 de trois modules qui peuvent \u00eatre utilis\u00e9s s\u00e9par\u00e9ment. DesignWorks soutient la r\u00e9alisation individuelle cr\u00e9ative de motifs et de formes ainsi que le traitement de motifs finis et de designs \u00e0 l&rsquo;ordinateur.<\/p>\n<p>La famille DesignWorks est compos\u00e9e des modules Cutwork, PaintWork et CrystalWork. Avec CutWork vous r\u00e9alisez et \u00e9ditez des formes qui seront ensuite d\u00e9coup\u00e9es et, par exemple, appliqu\u00e9es.<\/p>\n<\/div>\n<div align=\"center\"><img data-recalc-dims=\"1\" decoding=\"async\" src=\"https:\/\/i0.wp.com\/web.archive.org\/web\/20230205144933im_\/https%3A\/\/www.stecker.be\/Images\/ImageDescriptionArticle\/LOGICIELS\/designworks_1.jpg?w=1140&#038;ssl=1\" alt=\"\" align=\"baseline\" border=\"0\" hspace=\"0\" \/><\/div>\n<p>Avec CutWork, vous cr\u00e9ez et \u00e9ditez des formes qui seront ensuite d\u00e9coup\u00e9es et, par exemple, appliqu\u00e9es. Avec PaintWork, vous cr\u00e9ez et \u00e9ditez des motifs individuels et des images qui sont ensuite peints par votre BERNINA.Et avec CrystalWork, vous cr\u00e9ez des motifs qui serviront de gabarit pour les pierres en strass. Ce travail se r\u00e9alise avec le module de broderie et les outils CrystalWork.<\/p>\n<p>&nbsp;<\/p>\n<\/div>\n<\/div>\n<\/div>\n","protected":false},"excerpt":{"rendered":"<p>Logiciel Combi-3 Designworks BERNINA Logiciel Designworks + outil Cutwork + outil Paintwork + outil Crystalwork + 3 codes d&rsquo;activation L&rsquo;outil BERNINA CutWork contient : 1 outil CutWork avec aiguille de coupe 1 aiguille CutWork de remplacement 1 pied CutWork #44 1 petite cl\u00e9 \u00e0 fourche Directives m\u00e9caniques en 12 langues Kit logiciel DesignWorks BERNINA D\u00e9couper&hellip;<\/p>\n","protected":false},"featured_media":1258,"comment_status":"open","ping_status":"closed","template":"","meta":{"om_disable_all_campaigns":false,"_monsterinsights_skip_tracking":false,"_monsterinsights_sitenote_active":false,"_monsterinsights_sitenote_note":"","_monsterinsights_sitenote_category":0,"_uf_show_specific_survey":0,"_uf_disable_surveys":false},"product_brand":[],"product_cat":[127],"product_tag":[],"giftcard-category":[],"class_list":{"0":"post-1257","1":"product","2":"type-product","3":"status-publish","4":"has-post-thumbnail","6":"product_cat-logiciel-et-pack-de-broderies","8":"first","9":"instock","10":"shipping-taxable","11":"purchasable","12":"product-type-simple"},"aioseo_notices":[],"jetpack_sharing_enabled":true,"_links":{"self":[{"href":"https:\/\/berninabrussels.be\/index.php?rest_route=\/wp\/v2\/product\/1257","targetHints":{"allow":["GET"]}}],"collection":[{"href":"https:\/\/berninabrussels.be\/index.php?rest_route=\/wp\/v2\/product"}],"about":[{"href":"https:\/\/berninabrussels.be\/index.php?rest_route=\/wp\/v2\/types\/product"}],"replies":[{"embeddable":true,"href":"https:\/\/berninabrussels.be\/index.php?rest_route=%2Fwp%2Fv2%2Fcomments&post=1257"}],"wp:featuredmedia":[{"embeddable":true,"href":"https:\/\/berninabrussels.be\/index.php?rest_route=\/wp\/v2\/media\/1258"}],"wp:attachment":[{"href":"https:\/\/berninabrussels.be\/index.php?rest_route=%2Fwp%2Fv2%2Fmedia&parent=1257"}],"wp:term":[{"taxonomy":"product_brand","embeddable":true,"href":"https:\/\/berninabrussels.be\/index.php?rest_route=%2Fwp%2Fv2%2Fproduct_brand&post=1257"},{"taxonomy":"product_cat","embeddable":true,"href":"https:\/\/berninabrussels.be\/index.php?rest_route=%2Fwp%2Fv2%2Fproduct_cat&post=1257"},{"taxonomy":"product_tag","embeddable":true,"href":"https:\/\/berninabrussels.be\/index.php?rest_route=%2Fwp%2Fv2%2Fproduct_tag&post=1257"},{"taxonomy":"giftcard-category","embeddable":true,"href":"https:\/\/berninabrussels.be\/index.php?rest_route=%2Fwp%2Fv2%2Fgiftcard-category&post=1257"}],"curies":[{"name":"wp","href":"https:\/\/api.w.org\/{rel}","templated":true}]}}