{"id":1243,"date":"2023-05-09T20:25:43","date_gmt":"2023-05-09T18:25:43","guid":{"rendered":"https:\/\/berninabrussels.be\/?post_type=product&#038;p=1243"},"modified":"2023-05-10T16:57:45","modified_gmt":"2023-05-10T14:57:45","slug":"plaque-a-aiguille-pour-point-droit-cutwork","status":"publish","type":"product","link":"https:\/\/berninabrussels.be\/?product=plaque-a-aiguille-pour-point-droit-cutwork","title":{"rendered":"PLAQUE \u00c0 AIGUILLE POUR POINT DROIT\/CUTWORK"},"content":{"rendered":"<div id=\"p_lt_zoneContent_pageplaceholder_p_lt_zoneHeader_Bernina_ParagraphHeaderImage_pnlSimpleShowroom\" class=\"r-container-fluid r-show-simple\">\n<div id=\"p_lt_zoneContent_pageplaceholder_p_lt_zoneHeader_Bernina_ParagraphHeaderImage_divTextWrapper\" class=\"r-show-simple-text\">\n<div class=\"r-container\">\n<div class=\"r-row clearfix\">\n<div class=\"r-col-8\">\n<div class=\"r-show-simple-box r-text-block\">\n<div class=\"r-show-box-padding\">\n<h1>PLAQUE POUR CUTWORK ET POINT DROIT<\/h1>\n<\/div>\n<\/div>\n<\/div>\n<\/div>\n<\/div>\n<\/div>\n<\/div>\n<div class=\"r-container\">\n<div class=\"r-row row-main-content clearfix\">\n<div class=\"r-col-8 r-content-small\">\n<div class=\"r-container r-text-block\">\n<p id=\"p_lt_zoneContent_pageplaceholder_p_lt_zoneContent_Bernina_ParagraphTitleText_litParagraph\">La plaque pour CutWork et point droit est un accessoire professionnel servant \u00e0 r\u00e9aliser des ouvrages au point droit de grande ou de petite taille. Elle est id\u00e9ale pour travailler avec les outils CutWork et CrystalWork. Elle garantit une insertion pr\u00e9cise du fil pour le point droit. Les ouvrages sont nets et magnifiques. L&rsquo;orifice un peu plus gros, compar\u00e9 \u00e0 la plaque exclusivement pour point droit, garantit des r\u00e9sultats exceptionnels avec les outils CutWork et CrystalWork.<\/p>\n<p>La plaque pour CutWork et point droit maintient et entra\u00eene tr\u00e8s bien le tissu. Elle est parfaite pour r\u00e9aliser des ouvrages de broderie vari\u00e9s et des ouvrages de couture ambitieux, comme par exemple pour le patchwork.<br \/>\nAvec la plaque pour CutWork et point droit, vous b\u00e9n\u00e9ficierez de tout le confort n\u00e9cessaire pour effectuer des piq\u00fbres au point droit. N&rsquo;attendez pas pour commander la plaque pour CutWork et point droit dans les accessoires de couture sp\u00e9ciaux BERNINA\u00a0!<\/p>\n<\/div>\n<\/div>\n<\/div>\n<\/div>\n","protected":false},"excerpt":{"rendered":"<p>PLAQUE POUR CUTWORK ET POINT DROIT La plaque pour CutWork et point droit est un accessoire professionnel servant \u00e0 r\u00e9aliser des ouvrages au point droit de grande ou de petite taille. Elle est id\u00e9ale pour travailler avec les outils CutWork et CrystalWork. Elle garantit une insertion pr\u00e9cise du fil pour le point droit. Les ouvrages&hellip;<\/p>\n","protected":false},"featured_media":1244,"comment_status":"open","ping_status":"closed","template":"","meta":{"om_disable_all_campaigns":false,"_monsterinsights_skip_tracking":false,"_monsterinsights_sitenote_active":false,"_monsterinsights_sitenote_note":"","_monsterinsights_sitenote_category":0,"_uf_show_specific_survey":0,"_uf_disable_surveys":false},"product_brand":[],"product_cat":[111],"product_tag":[],"giftcard-category":[],"class_list":{"0":"post-1243","1":"product","2":"type-product","3":"status-publish","4":"has-post-thumbnail","6":"product_cat-plaque-a-aiguille","8":"first","9":"instock","10":"sale","11":"shipping-taxable","12":"purchasable","13":"product-type-simple"},"aioseo_notices":[],"jetpack_sharing_enabled":true,"_links":{"self":[{"href":"https:\/\/berninabrussels.be\/index.php?rest_route=\/wp\/v2\/product\/1243","targetHints":{"allow":["GET"]}}],"collection":[{"href":"https:\/\/berninabrussels.be\/index.php?rest_route=\/wp\/v2\/product"}],"about":[{"href":"https:\/\/berninabrussels.be\/index.php?rest_route=\/wp\/v2\/types\/product"}],"replies":[{"embeddable":true,"href":"https:\/\/berninabrussels.be\/index.php?rest_route=%2Fwp%2Fv2%2Fcomments&post=1243"}],"wp:featuredmedia":[{"embeddable":true,"href":"https:\/\/berninabrussels.be\/index.php?rest_route=\/wp\/v2\/media\/1244"}],"wp:attachment":[{"href":"https:\/\/berninabrussels.be\/index.php?rest_route=%2Fwp%2Fv2%2Fmedia&parent=1243"}],"wp:term":[{"taxonomy":"product_brand","embeddable":true,"href":"https:\/\/berninabrussels.be\/index.php?rest_route=%2Fwp%2Fv2%2Fproduct_brand&post=1243"},{"taxonomy":"product_cat","embeddable":true,"href":"https:\/\/berninabrussels.be\/index.php?rest_route=%2Fwp%2Fv2%2Fproduct_cat&post=1243"},{"taxonomy":"product_tag","embeddable":true,"href":"https:\/\/berninabrussels.be\/index.php?rest_route=%2Fwp%2Fv2%2Fproduct_tag&post=1243"},{"taxonomy":"giftcard-category","embeddable":true,"href":"https:\/\/berninabrussels.be\/index.php?rest_route=%2Fwp%2Fv2%2Fgiftcard-category&post=1243"}],"curies":[{"name":"wp","href":"https:\/\/api.w.org\/{rel}","templated":true}]}}