{"id":1228,"date":"2023-05-09T20:10:16","date_gmt":"2023-05-09T18:10:16","guid":{"rendered":"https:\/\/berninabrussels.be\/?post_type=product&#038;p=1228"},"modified":"2023-05-09T20:13:08","modified_gmt":"2023-05-09T18:13:08","slug":"appareil-pour-le-reprisage-des-bas","status":"publish","type":"product","link":"https:\/\/berninabrussels.be\/?product=appareil-pour-le-reprisage-des-bas","title":{"rendered":"APPAREIL POUR LE REPRISAGE DES BAS"},"content":{"rendered":"<div id=\"p_lt_zoneContent_pageplaceholder_p_lt_zoneHeader_Bernina_ParagraphHeaderImage_pnlSimpleShowroom\" class=\"r-container-fluid r-show-simple\">\n<div id=\"p_lt_zoneContent_pageplaceholder_p_lt_zoneHeader_Bernina_ParagraphHeaderImage_divTextWrapper\" class=\"r-show-simple-text\">\n<div class=\"r-container\">\n<div class=\"r-row clearfix\">\n<div class=\"r-col-8\">\n<div class=\"r-show-simple-box r-text-block\">\n<div class=\"r-show-box-padding\">\n<h1>APPAREIL POUR LE REPRISAGE DES BAS<\/h1>\n<\/div>\n<\/div>\n<\/div>\n<\/div>\n<\/div>\n<\/div>\n<\/div>\n<div class=\"r-container\">\n<div class=\"r-row row-main-content clearfix\">\n<div class=\"r-col-8 r-content-small\">\n<div class=\"r-container r-text-block\">\n<p id=\"p_lt_zoneContent_pageplaceholder_p_lt_zoneContent_Bernina_ParagraphTitleText_litParagraph\">L&rsquo;appareil pour le reprisage des bas est un outil pratique destin\u00e9 au reprisage professionnel des bas, chaussettes et autres v\u00eatements. Une fois le tissu tendu dans l&rsquo;appareil pour le reprisage des bas, sa surface est parfaitement en place et lisse.<\/p>\n<p>Le tissu ne se d\u00e9forme pas et peut \u00eatre repris\u00e9 en utilisant le pied pour broderie ou le pied sp\u00e9cial pour reprisage BERNINA. L&rsquo;appareil pour le reprisage des bas emp\u00eache que le tissu ne se boursoufle ou ne forme des plis. Ainsi, vous pouvez effectuer un reprisage professionnel sur les zones endommag\u00e9es. L&rsquo;appareil pour le reprisage des bas est \u00e9galement \u00e9quip\u00e9 d&rsquo;une partie lat\u00e9rale mobile. Celle-ci autorise un guidage libre, un atout de taille pour obtenir des r\u00e9sultats convaincants. Vous r\u00e9aliserez ainsi des ouvrages de reprisage de petite ou de grande envergure sans vous fatiguer inutilement.<\/p>\n<p>D\u00e9couvrez d\u00e8s maintenant la vaste gamme d&rsquo;accessoires de BERNINA et, notamment, l&rsquo;appareil pour le reprisage des bas BERNINA : un outil de choix permettant de coudre avec pr\u00e9cision tout en prot\u00e9geant le tissu.<\/p>\n<\/div>\n<\/div>\n<\/div>\n<\/div>\n","protected":false},"excerpt":{"rendered":"<p>APPAREIL POUR LE REPRISAGE DES BAS L&rsquo;appareil pour le reprisage des bas est un outil pratique destin\u00e9 au reprisage professionnel des bas, chaussettes et autres v\u00eatements. Une fois le tissu tendu dans l&rsquo;appareil pour le reprisage des bas, sa surface est parfaitement en place et lisse. Le tissu ne se d\u00e9forme pas et peut \u00eatre&hellip;<\/p>\n","protected":false},"featured_media":1232,"comment_status":"open","ping_status":"closed","template":"","meta":{"om_disable_all_campaigns":false,"_monsterinsights_skip_tracking":false,"_monsterinsights_sitenote_active":false,"_monsterinsights_sitenote_note":"","_monsterinsights_sitenote_category":0,"_uf_show_specific_survey":0,"_uf_disable_surveys":false},"product_brand":[],"product_cat":[42],"product_tag":[],"giftcard-category":[],"class_list":{"0":"post-1228","1":"product","2":"type-product","3":"status-publish","4":"has-post-thumbnail","6":"product_cat-accesoires","8":"first","9":"instock","10":"shipping-taxable","11":"purchasable","12":"product-type-simple"},"aioseo_notices":[],"jetpack_sharing_enabled":true,"_links":{"self":[{"href":"https:\/\/berninabrussels.be\/index.php?rest_route=\/wp\/v2\/product\/1228","targetHints":{"allow":["GET"]}}],"collection":[{"href":"https:\/\/berninabrussels.be\/index.php?rest_route=\/wp\/v2\/product"}],"about":[{"href":"https:\/\/berninabrussels.be\/index.php?rest_route=\/wp\/v2\/types\/product"}],"replies":[{"embeddable":true,"href":"https:\/\/berninabrussels.be\/index.php?rest_route=%2Fwp%2Fv2%2Fcomments&post=1228"}],"wp:featuredmedia":[{"embeddable":true,"href":"https:\/\/berninabrussels.be\/index.php?rest_route=\/wp\/v2\/media\/1232"}],"wp:attachment":[{"href":"https:\/\/berninabrussels.be\/index.php?rest_route=%2Fwp%2Fv2%2Fmedia&parent=1228"}],"wp:term":[{"taxonomy":"product_brand","embeddable":true,"href":"https:\/\/berninabrussels.be\/index.php?rest_route=%2Fwp%2Fv2%2Fproduct_brand&post=1228"},{"taxonomy":"product_cat","embeddable":true,"href":"https:\/\/berninabrussels.be\/index.php?rest_route=%2Fwp%2Fv2%2Fproduct_cat&post=1228"},{"taxonomy":"product_tag","embeddable":true,"href":"https:\/\/berninabrussels.be\/index.php?rest_route=%2Fwp%2Fv2%2Fproduct_tag&post=1228"},{"taxonomy":"giftcard-category","embeddable":true,"href":"https:\/\/berninabrussels.be\/index.php?rest_route=%2Fwp%2Fv2%2Fgiftcard-category&post=1228"}],"curies":[{"name":"wp","href":"https:\/\/api.w.org\/{rel}","templated":true}]}}