{"id":1226,"date":"2023-05-09T20:08:11","date_gmt":"2023-05-09T18:08:11","guid":{"rendered":"https:\/\/berninabrussels.be\/?post_type=product&#038;p=1226"},"modified":"2023-05-09T20:09:05","modified_gmt":"2023-05-09T18:09:05","slug":"trolley","status":"publish","type":"product","link":"https:\/\/berninabrussels.be\/?product=trolley","title":{"rendered":"TROLLEY"},"content":{"rendered":"<p>L\u00e9ger et pourtant tr\u00e8s rembourr\u00e9, le trolley bernette prot\u00e8ge votre machine durant vos d\u00e9placements. Ses roues solides, ses poign\u00e9es en haut et sur les c\u00f4t\u00e9s et sa poign\u00e9e t\u00e9lescopique le rendent tr\u00e8s pratique et simple d&rsquo;utilisation. Le compartiment ext\u00e9rieur offre un espace suffisamment vaste pour accueillir votre table rallonge, vos cadres de broderie ou vos autres accessoires. En plus, le trolley peut se replier sur lui-m\u00eame et occupe ainsi un minimum d&rsquo;espace lorsqu&rsquo;il ne sert pas.<\/p>\n","protected":false},"excerpt":{"rendered":"<p>L\u00e9ger et pourtant tr\u00e8s rembourr\u00e9, le trolley bernette prot\u00e8ge votre machine durant vos d\u00e9placements. Ses roues solides, ses poign\u00e9es en haut et sur les c\u00f4t\u00e9s et sa poign\u00e9e t\u00e9lescopique le rendent tr\u00e8s pratique et simple d&rsquo;utilisation. Le compartiment ext\u00e9rieur offre un espace suffisamment vaste pour accueillir votre table rallonge, vos cadres de broderie ou vos&hellip;<\/p>\n","protected":false},"featured_media":1227,"comment_status":"open","ping_status":"closed","template":"","meta":{"om_disable_all_campaigns":false,"_monsterinsights_skip_tracking":false,"_monsterinsights_sitenote_active":false,"_monsterinsights_sitenote_note":"","_monsterinsights_sitenote_category":0,"_uf_show_specific_survey":0,"_uf_disable_surveys":false},"product_brand":[],"product_cat":[126],"product_tag":[],"giftcard-category":[],"class_list":{"0":"post-1226","1":"product","2":"type-product","3":"status-publish","4":"has-post-thumbnail","6":"product_cat-trolley","8":"first","9":"instock","10":"shipping-taxable","11":"purchasable","12":"product-type-simple"},"aioseo_notices":[],"jetpack_sharing_enabled":true,"_links":{"self":[{"href":"https:\/\/berninabrussels.be\/index.php?rest_route=\/wp\/v2\/product\/1226","targetHints":{"allow":["GET"]}}],"collection":[{"href":"https:\/\/berninabrussels.be\/index.php?rest_route=\/wp\/v2\/product"}],"about":[{"href":"https:\/\/berninabrussels.be\/index.php?rest_route=\/wp\/v2\/types\/product"}],"replies":[{"embeddable":true,"href":"https:\/\/berninabrussels.be\/index.php?rest_route=%2Fwp%2Fv2%2Fcomments&post=1226"}],"wp:featuredmedia":[{"embeddable":true,"href":"https:\/\/berninabrussels.be\/index.php?rest_route=\/wp\/v2\/media\/1227"}],"wp:attachment":[{"href":"https:\/\/berninabrussels.be\/index.php?rest_route=%2Fwp%2Fv2%2Fmedia&parent=1226"}],"wp:term":[{"taxonomy":"product_brand","embeddable":true,"href":"https:\/\/berninabrussels.be\/index.php?rest_route=%2Fwp%2Fv2%2Fproduct_brand&post=1226"},{"taxonomy":"product_cat","embeddable":true,"href":"https:\/\/berninabrussels.be\/index.php?rest_route=%2Fwp%2Fv2%2Fproduct_cat&post=1226"},{"taxonomy":"product_tag","embeddable":true,"href":"https:\/\/berninabrussels.be\/index.php?rest_route=%2Fwp%2Fv2%2Fproduct_tag&post=1226"},{"taxonomy":"giftcard-category","embeddable":true,"href":"https:\/\/berninabrussels.be\/index.php?rest_route=%2Fwp%2Fv2%2Fgiftcard-category&post=1226"}],"curies":[{"name":"wp","href":"https:\/\/api.w.org\/{rel}","templated":true}]}}