{"id":1219,"date":"2023-05-09T20:02:18","date_gmt":"2023-05-09T18:02:18","guid":{"rendered":"https:\/\/berninabrussels.be\/?post_type=product&#038;p=1219"},"modified":"2023-05-09T20:03:31","modified_gmt":"2023-05-09T18:03:31","slug":"cadre-de-broderie-jumbo","status":"publish","type":"product","link":"https:\/\/berninabrussels.be\/?product=cadre-de-broderie-jumbo","title":{"rendered":"CADRE DE BRODERIE JUMBO"},"content":{"rendered":"<div class=\"r-show-product-title\">\n<h1 class=\"accessory-h1\">CADRE DE BRODERIE JUMBO<\/h1>\n<p class=\"r-lead\">La plus grande de sa cat\u00e9gorie<\/p>\n<\/div>\n<ul class=\"r-link-list\">\n<li><span class=\"r-icon r-link-arrow\">Une fermeture par m\u00e9canisme de fermeture \u00e0 ba\u00efonnette pour une ouverture et un serrage faciles<\/span><\/li>\n<li><span class=\"r-icon r-link-arrow\">Sp\u00e9cialement pour la broderie de bordures et les associations de motifs<\/span><\/li>\n<li><span class=\"r-icon r-link-arrow\">Pour les motifs de broderie de tr\u00e8s grande taille<\/span><\/li>\n<li><span class=\"r-icon r-link-arrow\">Gabarit pour un placement exact<\/span><\/li>\n<li><span class=\"r-icon r-link-arrow\">Zone de broderie max. 260\u00a0x\u00a0400\u00a0mm<\/span><\/li>\n<\/ul>\n","protected":false},"excerpt":{"rendered":"<p>CADRE DE BRODERIE JUMBO La plus grande de sa cat\u00e9gorie Une fermeture par m\u00e9canisme de fermeture \u00e0 ba\u00efonnette pour une ouverture et un serrage faciles Sp\u00e9cialement pour la broderie de bordures et les associations de motifs Pour les motifs de broderie de tr\u00e8s grande taille Gabarit pour un placement exact Zone de broderie max. 260\u00a0x\u00a0400\u00a0mm<\/p>\n","protected":false},"featured_media":1220,"comment_status":"open","ping_status":"closed","template":"","meta":{"om_disable_all_campaigns":false,"_monsterinsights_skip_tracking":false,"_monsterinsights_sitenote_active":false,"_monsterinsights_sitenote_note":"","_monsterinsights_sitenote_category":0,"_uf_show_specific_survey":0,"_uf_disable_surveys":false},"product_brand":[],"product_cat":[42,108,46],"product_tag":[],"giftcard-category":[],"class_list":{"0":"post-1219","1":"product","2":"type-product","3":"status-publish","4":"has-post-thumbnail","6":"product_cat-accesoires","7":"product_cat-cadre-broderie","8":"product_cat-brodeuse","10":"first","11":"instock","12":"shipping-taxable","13":"purchasable","14":"product-type-simple"},"aioseo_notices":[],"jetpack_sharing_enabled":true,"_links":{"self":[{"href":"https:\/\/berninabrussels.be\/index.php?rest_route=\/wp\/v2\/product\/1219","targetHints":{"allow":["GET"]}}],"collection":[{"href":"https:\/\/berninabrussels.be\/index.php?rest_route=\/wp\/v2\/product"}],"about":[{"href":"https:\/\/berninabrussels.be\/index.php?rest_route=\/wp\/v2\/types\/product"}],"replies":[{"embeddable":true,"href":"https:\/\/berninabrussels.be\/index.php?rest_route=%2Fwp%2Fv2%2Fcomments&post=1219"}],"wp:featuredmedia":[{"embeddable":true,"href":"https:\/\/berninabrussels.be\/index.php?rest_route=\/wp\/v2\/media\/1220"}],"wp:attachment":[{"href":"https:\/\/berninabrussels.be\/index.php?rest_route=%2Fwp%2Fv2%2Fmedia&parent=1219"}],"wp:term":[{"taxonomy":"product_brand","embeddable":true,"href":"https:\/\/berninabrussels.be\/index.php?rest_route=%2Fwp%2Fv2%2Fproduct_brand&post=1219"},{"taxonomy":"product_cat","embeddable":true,"href":"https:\/\/berninabrussels.be\/index.php?rest_route=%2Fwp%2Fv2%2Fproduct_cat&post=1219"},{"taxonomy":"product_tag","embeddable":true,"href":"https:\/\/berninabrussels.be\/index.php?rest_route=%2Fwp%2Fv2%2Fproduct_tag&post=1219"},{"taxonomy":"giftcard-category","embeddable":true,"href":"https:\/\/berninabrussels.be\/index.php?rest_route=%2Fwp%2Fv2%2Fgiftcard-category&post=1219"}],"curies":[{"name":"wp","href":"https:\/\/api.w.org\/{rel}","templated":true}]}}