{"id":1213,"date":"2023-05-09T19:55:38","date_gmt":"2023-05-09T17:55:38","guid":{"rendered":"https:\/\/berninabrussels.be\/?post_type=product&#038;p=1213"},"modified":"2023-05-09T19:57:33","modified_gmt":"2023-05-09T17:57:33","slug":"cadre-de-broderie-mega-hoop-150-x-400-cm","status":"publish","type":"product","link":"https:\/\/berninabrussels.be\/?product=cadre-de-broderie-mega-hoop-150-x-400-cm","title":{"rendered":"CADRE DE BRODERIE MEGA HOOP 15,0 X 40,0 CM"},"content":{"rendered":"<div class=\"r-show-product-title\">\n<h1 class=\"accessory-h1\">CADRE DE BRODERIE MEGA<\/h1>\n<p class=\"r-lead\">Pour les ouvrages de broderie de tr\u00e8s grande taille<\/p>\n<\/div>\n<p><span class=\"r-icon r-link-arrow\">Le tr\u00e8s grand cadre de broderie (surface de broderie max. de 150\u00a0x\u00a0400\u00a0mm) est un cadre professionnel pour broder des motifs, des combinaisons de motifs et des bordures de tr\u00e8s grande taille. Il poss\u00e8de trois positions de broderie diff\u00e9rentes. Le tissu peut ainsi rester coinc\u00e9 dans le cadre apr\u00e8s l&rsquo;ex\u00e9cution de la premi\u00e8re zone \u00e0 broder. Ceci permet de r\u00e9aliser des motifs uniformes nets et pr\u00e9cis sans former d&rsquo;interruptions ou d&rsquo;\u00e9carts. Gr\u00e2ce au gabarit inclus, il est possible d&rsquo;aligner le tissu avec pr\u00e9cision.<\/span><\/p>\n","protected":false},"excerpt":{"rendered":"<p>CADRE DE BRODERIE MEGA Pour les ouvrages de broderie de tr\u00e8s grande taille Le tr\u00e8s grand cadre de broderie (surface de broderie max. de 150\u00a0x\u00a0400\u00a0mm) est un cadre professionnel pour broder des motifs, des combinaisons de motifs et des bordures de tr\u00e8s grande taille. Il poss\u00e8de trois positions de broderie diff\u00e9rentes. Le tissu peut ainsi&hellip;<\/p>\n","protected":false},"featured_media":1214,"comment_status":"open","ping_status":"closed","template":"","meta":{"om_disable_all_campaigns":false,"_monsterinsights_skip_tracking":false,"_monsterinsights_sitenote_active":false,"_monsterinsights_sitenote_note":"","_monsterinsights_sitenote_category":0,"_uf_show_specific_survey":0,"_uf_disable_surveys":false},"product_brand":[],"product_cat":[42,108,46],"product_tag":[],"giftcard-category":[],"class_list":{"0":"post-1213","1":"product","2":"type-product","3":"status-publish","4":"has-post-thumbnail","6":"product_cat-accesoires","7":"product_cat-cadre-broderie","8":"product_cat-brodeuse","10":"first","11":"instock","12":"shipping-taxable","13":"purchasable","14":"product-type-simple"},"aioseo_notices":[],"jetpack_sharing_enabled":true,"_links":{"self":[{"href":"https:\/\/berninabrussels.be\/index.php?rest_route=\/wp\/v2\/product\/1213","targetHints":{"allow":["GET"]}}],"collection":[{"href":"https:\/\/berninabrussels.be\/index.php?rest_route=\/wp\/v2\/product"}],"about":[{"href":"https:\/\/berninabrussels.be\/index.php?rest_route=\/wp\/v2\/types\/product"}],"replies":[{"embeddable":true,"href":"https:\/\/berninabrussels.be\/index.php?rest_route=%2Fwp%2Fv2%2Fcomments&post=1213"}],"wp:featuredmedia":[{"embeddable":true,"href":"https:\/\/berninabrussels.be\/index.php?rest_route=\/wp\/v2\/media\/1214"}],"wp:attachment":[{"href":"https:\/\/berninabrussels.be\/index.php?rest_route=%2Fwp%2Fv2%2Fmedia&parent=1213"}],"wp:term":[{"taxonomy":"product_brand","embeddable":true,"href":"https:\/\/berninabrussels.be\/index.php?rest_route=%2Fwp%2Fv2%2Fproduct_brand&post=1213"},{"taxonomy":"product_cat","embeddable":true,"href":"https:\/\/berninabrussels.be\/index.php?rest_route=%2Fwp%2Fv2%2Fproduct_cat&post=1213"},{"taxonomy":"product_tag","embeddable":true,"href":"https:\/\/berninabrussels.be\/index.php?rest_route=%2Fwp%2Fv2%2Fproduct_tag&post=1213"},{"taxonomy":"giftcard-category","embeddable":true,"href":"https:\/\/berninabrussels.be\/index.php?rest_route=%2Fwp%2Fv2%2Fgiftcard-category&post=1213"}],"curies":[{"name":"wp","href":"https:\/\/api.w.org\/{rel}","templated":true}]}}