{"id":1210,"date":"2023-05-09T19:50:47","date_gmt":"2023-05-09T17:50:47","guid":{"rendered":"https:\/\/berninabrussels.be\/?post_type=product&#038;p=1210"},"modified":"2023-05-09T19:54:43","modified_gmt":"2023-05-09T17:54:43","slug":"cadre-de-broderie-grand-ovale","status":"publish","type":"product","link":"https:\/\/berninabrussels.be\/?product=cadre-de-broderie-grand-ovale","title":{"rendered":"Cadre de broderie grand ovale"},"content":{"rendered":"<h3 class=\"TitreProduit\">CADRE DE BRODERIE GRAND OVALE 14,5 X 25,5 CM (AVEC 2 GABARITS)<\/h3>\n<p>Le grand cadre de broderie ovale (surface de broderie max. de 145\u00a0x\u00a0255\u00a0mm) sert \u00e0 r\u00e9aliser de grands motifs de broderie. Il est aussi id\u00e9al pour combiner plusieurs petits motifs. Le gabarit inclus permet de positionner le motif exactement sur le cadre. Ainsi, vous pouvez broder les plus beaux motifs simplement et sans effort.<br \/>\nAssoci\u00e9 \u00e0 l&rsquo;insert pour cadre de broderie \u00abHoop &lsquo;N&rsquo; Buddyz\u00bb, il est possible de broder des casquettes, des tissus glissants ou difficiles \u00e0 broder.<\/p>\n","protected":false},"excerpt":{"rendered":"<p>CADRE DE BRODERIE GRAND OVALE 14,5 X 25,5 CM (AVEC 2 GABARITS) Le grand cadre de broderie ovale (surface de broderie max. de 145\u00a0x\u00a0255\u00a0mm) sert \u00e0 r\u00e9aliser de grands motifs de broderie. Il est aussi id\u00e9al pour combiner plusieurs petits motifs. Le gabarit inclus permet de positionner le motif exactement sur le cadre. Ainsi, vous&hellip;<\/p>\n","protected":false},"featured_media":1212,"comment_status":"open","ping_status":"closed","template":"","meta":{"om_disable_all_campaigns":false,"_monsterinsights_skip_tracking":false,"_monsterinsights_sitenote_active":false,"_monsterinsights_sitenote_note":"","_monsterinsights_sitenote_category":0,"_uf_show_specific_survey":0,"_uf_disable_surveys":false},"product_brand":[],"product_cat":[42,108,46],"product_tag":[],"giftcard-category":[],"class_list":{"0":"post-1210","1":"product","2":"type-product","3":"status-publish","4":"has-post-thumbnail","6":"product_cat-accesoires","7":"product_cat-cadre-broderie","8":"product_cat-brodeuse","10":"first","11":"instock","12":"shipping-taxable","13":"purchasable","14":"product-type-simple"},"aioseo_notices":[],"jetpack_sharing_enabled":true,"_links":{"self":[{"href":"https:\/\/berninabrussels.be\/index.php?rest_route=\/wp\/v2\/product\/1210","targetHints":{"allow":["GET"]}}],"collection":[{"href":"https:\/\/berninabrussels.be\/index.php?rest_route=\/wp\/v2\/product"}],"about":[{"href":"https:\/\/berninabrussels.be\/index.php?rest_route=\/wp\/v2\/types\/product"}],"replies":[{"embeddable":true,"href":"https:\/\/berninabrussels.be\/index.php?rest_route=%2Fwp%2Fv2%2Fcomments&post=1210"}],"wp:featuredmedia":[{"embeddable":true,"href":"https:\/\/berninabrussels.be\/index.php?rest_route=\/wp\/v2\/media\/1212"}],"wp:attachment":[{"href":"https:\/\/berninabrussels.be\/index.php?rest_route=%2Fwp%2Fv2%2Fmedia&parent=1210"}],"wp:term":[{"taxonomy":"product_brand","embeddable":true,"href":"https:\/\/berninabrussels.be\/index.php?rest_route=%2Fwp%2Fv2%2Fproduct_brand&post=1210"},{"taxonomy":"product_cat","embeddable":true,"href":"https:\/\/berninabrussels.be\/index.php?rest_route=%2Fwp%2Fv2%2Fproduct_cat&post=1210"},{"taxonomy":"product_tag","embeddable":true,"href":"https:\/\/berninabrussels.be\/index.php?rest_route=%2Fwp%2Fv2%2Fproduct_tag&post=1210"},{"taxonomy":"giftcard-category","embeddable":true,"href":"https:\/\/berninabrussels.be\/index.php?rest_route=%2Fwp%2Fv2%2Fgiftcard-category&post=1210"}],"curies":[{"name":"wp","href":"https:\/\/api.w.org\/{rel}","templated":true}]}}