{"id":1199,"date":"2023-05-09T19:03:40","date_gmt":"2023-05-09T17:03:40","guid":{"rendered":"https:\/\/berninabrussels.be\/?post_type=product&#038;p=1199"},"modified":"2023-05-09T19:51:01","modified_gmt":"2023-05-09T17:51:01","slug":"cadre-de-broderie-petit","status":"publish","type":"product","link":"https:\/\/berninabrussels.be\/?product=cadre-de-broderie-petit","title":{"rendered":"Cadre de broderie petit"},"content":{"rendered":"<h3>Cadre \u00e0 broder 50x72mm petit BERNINA<\/h3>\n<h4>Petite par la taille, grande par les comp\u00e9tences<\/h4>\n<ul>\n<li><i class=\"fa fa-check fa-fw text-success\"><\/i>\u00a0Une taille id\u00e9ale pour la broderie \u00e0 bras libre<\/li>\n<li><i class=\"fa fa-check fa-fw text-success\"><\/i>\u00a0Pour les manches, les jambes de pantalon, etc.<\/li>\n<li><i class=\"fa fa-check fa-fw text-success\"><\/i>\u00a0Pour les petites t\u00e2ches de broderie<\/li>\n<li><i class=\"fa fa-check fa-fw text-success\"><\/i>\u00a0Gabarit pour un placement exact<\/li>\n<\/ul>\n<p>Le petit cadre de broderie (zone de broderie max. 50 x 72 mm) convient particuli\u00e8rement pour les petits ouvrages de broderie et la broderie \u00e0 mains libres d&rsquo;ouvrages de couture ferm\u00e9s tels que les manches, les jambes de pantalon, etc. La broderie est ex\u00e9cut\u00e9e en un rien de temps avec grande pr\u00e9cision. Le gabarit inclus permet d&rsquo;aligner exactement le tissu.<br \/>\nLe gabarit lilas facilite le positionnement de l&rsquo;ouvrage. On choisira le gabarit rouge pour le placement des projets de couture avec l&rsquo;adaptateur.<br \/>\nL&rsquo;apaptateur (en option sur certains mod\u00e8les) lib\u00e8re de l&rsquo;espace et favorise ainsi la broderie des tissus tubulaires comme les manches, jambes de pantalon, chaussettes, etc.<\/p>\n","protected":false},"excerpt":{"rendered":"<p>Cadre \u00e0 broder 50x72mm petit BERNINA Petite par la taille, grande par les comp\u00e9tences \u00a0Une taille id\u00e9ale pour la broderie \u00e0 bras libre \u00a0Pour les manches, les jambes de pantalon, etc. \u00a0Pour les petites t\u00e2ches de broderie \u00a0Gabarit pour un placement exact Le petit cadre de broderie (zone de broderie max. 50 x 72 mm)&hellip;<\/p>\n","protected":false},"featured_media":1200,"comment_status":"open","ping_status":"closed","template":"","meta":{"om_disable_all_campaigns":false,"_monsterinsights_skip_tracking":false,"_monsterinsights_sitenote_active":false,"_monsterinsights_sitenote_note":"","_monsterinsights_sitenote_category":0,"_uf_show_specific_survey":0,"_uf_disable_surveys":false},"product_brand":[],"product_cat":[42,108,46],"product_tag":[],"giftcard-category":[],"class_list":{"0":"post-1199","1":"product","2":"type-product","3":"status-publish","4":"has-post-thumbnail","6":"product_cat-accesoires","7":"product_cat-cadre-broderie","8":"product_cat-brodeuse","10":"first","11":"instock","12":"sale","13":"shipping-taxable","14":"purchasable","15":"product-type-simple"},"aioseo_notices":[],"jetpack_sharing_enabled":true,"_links":{"self":[{"href":"https:\/\/berninabrussels.be\/index.php?rest_route=\/wp\/v2\/product\/1199","targetHints":{"allow":["GET"]}}],"collection":[{"href":"https:\/\/berninabrussels.be\/index.php?rest_route=\/wp\/v2\/product"}],"about":[{"href":"https:\/\/berninabrussels.be\/index.php?rest_route=\/wp\/v2\/types\/product"}],"replies":[{"embeddable":true,"href":"https:\/\/berninabrussels.be\/index.php?rest_route=%2Fwp%2Fv2%2Fcomments&post=1199"}],"wp:featuredmedia":[{"embeddable":true,"href":"https:\/\/berninabrussels.be\/index.php?rest_route=\/wp\/v2\/media\/1200"}],"wp:attachment":[{"href":"https:\/\/berninabrussels.be\/index.php?rest_route=%2Fwp%2Fv2%2Fmedia&parent=1199"}],"wp:term":[{"taxonomy":"product_brand","embeddable":true,"href":"https:\/\/berninabrussels.be\/index.php?rest_route=%2Fwp%2Fv2%2Fproduct_brand&post=1199"},{"taxonomy":"product_cat","embeddable":true,"href":"https:\/\/berninabrussels.be\/index.php?rest_route=%2Fwp%2Fv2%2Fproduct_cat&post=1199"},{"taxonomy":"product_tag","embeddable":true,"href":"https:\/\/berninabrussels.be\/index.php?rest_route=%2Fwp%2Fv2%2Fproduct_tag&post=1199"},{"taxonomy":"giftcard-category","embeddable":true,"href":"https:\/\/berninabrussels.be\/index.php?rest_route=%2Fwp%2Fv2%2Fgiftcard-category&post=1199"}],"curies":[{"name":"wp","href":"https:\/\/api.w.org\/{rel}","templated":true}]}}