{"id":1193,"date":"2023-05-09T18:55:37","date_gmt":"2023-05-09T16:55:37","guid":{"rendered":"https:\/\/berninabrussels.be\/?post_type=product&#038;p=1193"},"modified":"2023-05-09T19:53:43","modified_gmt":"2023-05-09T17:53:43","slug":"sac-surjeteuse-bernina","status":"publish","type":"product","link":"https:\/\/berninabrussels.be\/?product=sac-surjeteuse-bernina","title":{"rendered":"SAC SURJETEUSE BERNINA"},"content":{"rendered":"<div><strong>Ce produit est de la marque Bernina<\/strong><\/div>\n<div><\/div>\n<div>Nous vous pr\u00e9sentons le nouveau sac pour surjeteuses. Ce sac de voyage renforc\u00e9 a sp\u00e9cialement \u00e9t\u00e9 d\u00e9velopp\u00e9 pour transporter la 1150MDA, la 1200MDA et la 1300MDC, mais bien entendu on peut aussi l&rsquo;utiliser aussi pour la 700D et la 800DL.<\/div>\n<div><\/div>\n<div>\n<div><strong>Dimensions :<\/strong><\/div>\n<div><\/div>\n<div>Hauteur : 32cm<br \/>\nLargeur : 37cm<br \/>\nLongueur : 27cm<\/div>\n<\/div>\n","protected":false},"excerpt":{"rendered":"<p>Sac unique BERNINA pour votre machine favorite<br \/>\nProt\u00e8ge parfaitement votre machine pendant le transport<br \/>\nLe compartiment s\u00e9par\u00e9 pour la p\u00e9dale et les accessoires, facilement accessible<br \/>\nTr\u00e8s solide, mais l\u00e9ger \u00e0 transporter<br \/>\nEmplacement pour le nom<br \/>\nMat\u00e9riel durable en nylon rouge (le m\u00eame mat\u00e9riel que le sac Aurora, mais en rouge)<\/p>\n<div><strong>Ne fonctionne pas pour la<\/strong><\/div>\n<div><\/div>\n<div>Elna : 434 &#8211; 444 &#8211; 744 &#8211; 745 &#8211; 845 &#8211; 945 &#8211; 604 &#8211; 614 &#8211; 624 &#8211; 634 &#8211; 644 &#8211; 904 DCX Pro &#8211; 905 DCX Pro &#8211; 925DCX &#8211; 704DEX &#8211; 683 &#8211; 686 (PAS LES GUIDES)<\/div>\n<div><\/div>\n<div>Pfaff\u00a0 : Coverlock 3.0 &#8211; Coverlock 4.0 &#8211; Hobbylock 4842 &#8211; Coverstyle 4850 &#8211; Coverlock 4852 &#8211; Coverlock 4862 &#8211; Coverlock 4872 Creative 4874\n<\/div>\n<div>Huskylock (husqvarna) : S21 &#8211; S25 &#8211; 905 &#8211; 910<\/div>\n<div><\/div>\n<div>Babylock\u00a0: pour aucune machines<\/div>\n<div><\/div>\n<div>Singer :\u00a0 14T948DS &#8211; 14T957DC &#8211; 14T967DC<\/div>\n","protected":false},"featured_media":1194,"comment_status":"open","ping_status":"closed","template":"","meta":{"om_disable_all_campaigns":false,"_monsterinsights_skip_tracking":false,"_monsterinsights_sitenote_active":false,"_monsterinsights_sitenote_note":"","_monsterinsights_sitenote_category":0,"_uf_show_specific_survey":0,"_uf_disable_surveys":false},"product_brand":[],"product_cat":[119],"product_tag":[],"giftcard-category":[],"class_list":{"0":"post-1193","1":"product","2":"type-product","3":"status-publish","4":"has-post-thumbnail","6":"product_cat-transport-surjeteuse","8":"first","9":"instock","10":"shipping-taxable","11":"purchasable","12":"product-type-simple"},"aioseo_notices":[],"jetpack_sharing_enabled":true,"_links":{"self":[{"href":"https:\/\/berninabrussels.be\/index.php?rest_route=\/wp\/v2\/product\/1193","targetHints":{"allow":["GET"]}}],"collection":[{"href":"https:\/\/berninabrussels.be\/index.php?rest_route=\/wp\/v2\/product"}],"about":[{"href":"https:\/\/berninabrussels.be\/index.php?rest_route=\/wp\/v2\/types\/product"}],"replies":[{"embeddable":true,"href":"https:\/\/berninabrussels.be\/index.php?rest_route=%2Fwp%2Fv2%2Fcomments&post=1193"}],"wp:featuredmedia":[{"embeddable":true,"href":"https:\/\/berninabrussels.be\/index.php?rest_route=\/wp\/v2\/media\/1194"}],"wp:attachment":[{"href":"https:\/\/berninabrussels.be\/index.php?rest_route=%2Fwp%2Fv2%2Fmedia&parent=1193"}],"wp:term":[{"taxonomy":"product_brand","embeddable":true,"href":"https:\/\/berninabrussels.be\/index.php?rest_route=%2Fwp%2Fv2%2Fproduct_brand&post=1193"},{"taxonomy":"product_cat","embeddable":true,"href":"https:\/\/berninabrussels.be\/index.php?rest_route=%2Fwp%2Fv2%2Fproduct_cat&post=1193"},{"taxonomy":"product_tag","embeddable":true,"href":"https:\/\/berninabrussels.be\/index.php?rest_route=%2Fwp%2Fv2%2Fproduct_tag&post=1193"},{"taxonomy":"giftcard-category","embeddable":true,"href":"https:\/\/berninabrussels.be\/index.php?rest_route=%2Fwp%2Fv2%2Fgiftcard-category&post=1193"}],"curies":[{"name":"wp","href":"https:\/\/api.w.org\/{rel}","templated":true}]}}