{"id":1167,"date":"2023-05-09T18:47:04","date_gmt":"2023-05-09T16:47:04","guid":{"rendered":"https:\/\/berninabrussels.be\/?post_type=product&#038;p=1167"},"modified":"2023-05-09T18:49:36","modified_gmt":"2023-05-09T16:49:36","slug":"aiguilles-universelles-schmetz-10","status":"publish","type":"product","link":"https:\/\/berninabrussels.be\/?product=aiguilles-universelles-schmetz-10","title":{"rendered":"Aiguilles universelles &#8211; Schmetz (10)"},"content":{"rendered":"<h3>Syst\u00e8me 130\/705H &#8211; Boite de 10<\/h3>\n<p>Avec pointe l\u00e9g\u00e8rement arrondie pour une couture sans probl\u00e8me de nombreuses sortes de mati\u00e8res.<\/p>\n","protected":false},"excerpt":{"rendered":"<p>Syst\u00e8me 130\/705H &#8211; Boite de 10 Avec pointe l\u00e9g\u00e8rement arrondie pour une couture sans probl\u00e8me de nombreuses sortes de mati\u00e8res.<\/p>\n","protected":false},"featured_media":1178,"comment_status":"open","ping_status":"closed","template":"","meta":{"om_disable_all_campaigns":false,"_monsterinsights_skip_tracking":false,"_monsterinsights_sitenote_active":false,"_monsterinsights_sitenote_note":"","_monsterinsights_sitenote_category":0,"_uf_show_specific_survey":0,"_uf_disable_surveys":false},"product_brand":[],"product_cat":[42,105,47],"product_tag":[],"giftcard-category":[],"class_list":{"0":"post-1167","1":"product","2":"type-product","3":"status-publish","4":"has-post-thumbnail","6":"product_cat-accesoires","7":"product_cat-aiguille-machine-a-coudre","8":"product_cat-aiguilles","10":"first","11":"instock","12":"shipping-taxable","13":"purchasable","14":"product-type-variable","15":"has-default-attributes"},"aioseo_notices":[],"jetpack_sharing_enabled":true,"_links":{"self":[{"href":"https:\/\/berninabrussels.be\/index.php?rest_route=\/wp\/v2\/product\/1167","targetHints":{"allow":["GET"]}}],"collection":[{"href":"https:\/\/berninabrussels.be\/index.php?rest_route=\/wp\/v2\/product"}],"about":[{"href":"https:\/\/berninabrussels.be\/index.php?rest_route=\/wp\/v2\/types\/product"}],"replies":[{"embeddable":true,"href":"https:\/\/berninabrussels.be\/index.php?rest_route=%2Fwp%2Fv2%2Fcomments&post=1167"}],"wp:featuredmedia":[{"embeddable":true,"href":"https:\/\/berninabrussels.be\/index.php?rest_route=\/wp\/v2\/media\/1178"}],"wp:attachment":[{"href":"https:\/\/berninabrussels.be\/index.php?rest_route=%2Fwp%2Fv2%2Fmedia&parent=1167"}],"wp:term":[{"taxonomy":"product_brand","embeddable":true,"href":"https:\/\/berninabrussels.be\/index.php?rest_route=%2Fwp%2Fv2%2Fproduct_brand&post=1167"},{"taxonomy":"product_cat","embeddable":true,"href":"https:\/\/berninabrussels.be\/index.php?rest_route=%2Fwp%2Fv2%2Fproduct_cat&post=1167"},{"taxonomy":"product_tag","embeddable":true,"href":"https:\/\/berninabrussels.be\/index.php?rest_route=%2Fwp%2Fv2%2Fproduct_tag&post=1167"},{"taxonomy":"giftcard-category","embeddable":true,"href":"https:\/\/berninabrussels.be\/index.php?rest_route=%2Fwp%2Fv2%2Fgiftcard-category&post=1167"}],"curies":[{"name":"wp","href":"https:\/\/api.w.org\/{rel}","templated":true}]}}