{"id":1152,"date":"2023-05-09T18:35:12","date_gmt":"2023-05-09T16:35:12","guid":{"rendered":"https:\/\/berninabrussels.be\/?post_type=product&#038;p=1152"},"modified":"2025-11-19T16:54:08","modified_gmt":"2025-11-19T15:54:08","slug":"boitier-de-canette-cb-2","status":"publish","type":"product","link":"https:\/\/berninabrussels.be\/?product=boitier-de-canette-cb-2","title":{"rendered":"Boitier de canette CB"},"content":{"rendered":"<h3>Boitier \u00e0 canette nickel\u00e9e pour machines avec un crochet CB BERNINA<\/h3>\n<p>&nbsp;<\/p>\n<p>Bo\u00eetier couture pour machine avec un crochet CB<\/p>\n<p>Le bo\u00eetier de canette chrom\u00e9 s&rsquo;utilise pour tous les travaux de couture courants et est disponible pour les crochets CB et concentrique<\/p>\n<p><b>La canette pouvant fonctionner avec ce boitier ce trouve ci-dessous en article compl\u00e9mentaire.<\/b><\/p>\n<p>&nbsp;<\/p>\n<p><b><span style=\"color: #ba213d;\">Cet accessoire est compatible avec le(s) produit(s) suivant(s) :<\/span><\/b><\/p>\n<p><b>Pour BERNINA A1<\/b>\u00a0: 531 &#8211; 532 &#8211; 532-2 &#8211; 534 &#8211; 540 &#8211; 600 &#8211; 610 &#8211; 614 &#8211; 644 &#8211; 700 &#8211; 707 &#8211; 708 &#8211; 709 &#8211; 717 &#8211; 718 &#8211; 719 &#8211; 730 &#8211; 731 &#8211; 732 &#8211; 741 &#8211; 742 &#8211; 744 &#8211; 800 &#8211; 801 &#8211; 801s &#8211; 802 &#8211; 802s &#8211; 803 &#8211; 803s &#8211; 807 &#8211; 808 &#8211; 809 &#8211; 810 &#8211; 811 &#8211; 811s &#8211; 817 &#8211; 818 &#8211; 819 &#8211; 830 &#8211; 830e &#8211; 830H &#8211; 831 &#8211; 832 &#8211;\u00a0900 &#8211; 900E &#8211; 910 &#8211; 910N &#8211; 930 &#8211; 931 &#8211; 932 &#8211; 1006 &#8211; 1008 &#8211;\u00a01003 &#8211; 1004 &#8211; 1005 &#8211; 1010 &#8211; 1015 &#8211; 1020 &#8211; 1030 &#8211; 1031 &#8211; 1080 &#8211; 1090 &#8211; 1090 sort 92 &#8211; 1120 &#8211; 1130 &#8211; 1120S &#8211; 1130S &#8211; 1230 &#8211; 1260 &#8211; 1530<\/p>\n","protected":false},"excerpt":{"rendered":"<p>Boitier \u00e0 canette nickel\u00e9e pour machines avec un crochet CB BERNINA &nbsp; Bo\u00eetier couture pour machine avec un crochet CB Le bo\u00eetier de canette chrom\u00e9 s&rsquo;utilise pour tous les travaux de couture courants et est disponible pour les crochets CB et concentrique La canette pouvant fonctionner avec ce boitier ce trouve ci-dessous en article compl\u00e9mentaire.&hellip;<\/p>\n","protected":false},"featured_media":1705,"comment_status":"open","ping_status":"closed","template":"","meta":{"om_disable_all_campaigns":false,"_monsterinsights_skip_tracking":false,"_monsterinsights_sitenote_active":false,"_monsterinsights_sitenote_note":"","_monsterinsights_sitenote_category":0,"_uf_show_specific_survey":0,"_uf_disable_surveys":false},"product_brand":[],"product_cat":[42,101],"product_tag":[],"giftcard-category":[],"class_list":{"0":"post-1152","1":"product","2":"type-product","3":"status-publish","4":"has-post-thumbnail","6":"product_cat-accesoires","7":"product_cat-boitier-de-cannette","9":"first","10":"instock","11":"shipping-taxable","12":"purchasable","13":"product-type-simple"},"aioseo_notices":[],"jetpack_sharing_enabled":true,"_links":{"self":[{"href":"https:\/\/berninabrussels.be\/index.php?rest_route=\/wp\/v2\/product\/1152","targetHints":{"allow":["GET"]}}],"collection":[{"href":"https:\/\/berninabrussels.be\/index.php?rest_route=\/wp\/v2\/product"}],"about":[{"href":"https:\/\/berninabrussels.be\/index.php?rest_route=\/wp\/v2\/types\/product"}],"replies":[{"embeddable":true,"href":"https:\/\/berninabrussels.be\/index.php?rest_route=%2Fwp%2Fv2%2Fcomments&post=1152"}],"wp:featuredmedia":[{"embeddable":true,"href":"https:\/\/berninabrussels.be\/index.php?rest_route=\/wp\/v2\/media\/1705"}],"wp:attachment":[{"href":"https:\/\/berninabrussels.be\/index.php?rest_route=%2Fwp%2Fv2%2Fmedia&parent=1152"}],"wp:term":[{"taxonomy":"product_brand","embeddable":true,"href":"https:\/\/berninabrussels.be\/index.php?rest_route=%2Fwp%2Fv2%2Fproduct_brand&post=1152"},{"taxonomy":"product_cat","embeddable":true,"href":"https:\/\/berninabrussels.be\/index.php?rest_route=%2Fwp%2Fv2%2Fproduct_cat&post=1152"},{"taxonomy":"product_tag","embeddable":true,"href":"https:\/\/berninabrussels.be\/index.php?rest_route=%2Fwp%2Fv2%2Fproduct_tag&post=1152"},{"taxonomy":"giftcard-category","embeddable":true,"href":"https:\/\/berninabrussels.be\/index.php?rest_route=%2Fwp%2Fv2%2Fgiftcard-category&post=1152"}],"curies":[{"name":"wp","href":"https:\/\/api.w.org\/{rel}","templated":true}]}}