{"id":1150,"date":"2023-05-09T18:32:49","date_gmt":"2023-05-09T16:32:49","guid":{"rendered":"https:\/\/berninabrussels.be\/?post_type=product&#038;p=1150"},"modified":"2025-11-19T17:39:12","modified_gmt":"2025-11-19T16:39:12","slug":"boitier-de-canette-cb","status":"publish","type":"product","link":"https:\/\/berninabrussels.be\/?product=boitier-de-canette-cb","title":{"rendered":"Boitier \u00e0 canettes pour cordonnet CB"},"content":{"rendered":"<h3>Bo\u00eetier cordonnet pour machines avec un crochet CB BERNINA<\/h3>\n<p>&nbsp;<\/p>\n<p><b><span style=\"color: #ba213d;\">Le\u00a0bo\u00eetier pour cordonnet BERNINA<\/span><\/b>\u00a0est id\u00e9al si vous utilisez du fil \u00e9pais sur la canette. Avec du fil \u00e9pais, la tension du fil doit \u00eatre plus souple que pour les fils normaux, afin que ceci am\u00e9liore le d\u00e9roulement de la canette et r\u00e9alise un point parfait.<\/p>\n<p>La tension peut \u00eatre facilement adapt\u00e9e en serrant ou en desserrant la petite vis sur le c\u00f4t\u00e9 du bo\u00eetier. Utilisez le petit tournevis habile qui est fourni avec la plupart des machines \u00e0 coudre BERNINA.<\/p>\n<p>Conseil : R\u00e9glez la tension tr\u00e8s l\u00e2che pour l\u2019utilisation de rubans \u00e9troits ou de l&rsquo;\u00e9lastique sur la canette. Ceux-ci sont alors visibles sur l\u2019envers du travail (cette technique est aussi appel\u00e9e \u00ab\u00a0bobbinwork\u00a0\u00bb). Pour l&rsquo;utilisation du fil normal et d\u2019une tension desserr\u00e9e, le fil est tir\u00e9 vers le dessus et ceci donne un effet int\u00e9ressant sur l\u2019endroit du travail.<\/p>\n<div align=\"center\"><img data-recalc-dims=\"1\" decoding=\"async\" src=\"https:\/\/i0.wp.com\/www.stecker.be\/Images\/ImageDescriptionArticle\/EMBASE_BOITIER_CANETTE\/0015347702.jpg?w=1140&#038;ssl=1\" alt=\"\" \/>\u00a0\u00a0<img data-recalc-dims=\"1\" decoding=\"async\" src=\"https:\/\/i0.wp.com\/www.stecker.be\/Images\/ImageDescriptionArticle\/EMBASE_BOITIER_CANETTE\/001534.76.02.jpg?w=1140&#038;ssl=1\" alt=\"\" \/><\/div>\n<p>&nbsp;<\/p>\n<p>&nbsp;<\/p>\n<p><b><span style=\"color: #ba213d;\">Cet accessoire est compatible avec le(s) produit(s) suivant(s) :<\/span><\/b><\/p>\n<p><b>Pour BERNINA A1 :<\/b>\u00a0700 &#8211; 701 &#8211; 710 &#8211; 707 &#8211; 708 &#8211; 709 &#8211; 717 &#8211; 718 &#8211; 719 -727 &#8211; 728 &#8211; 729 &#8211; 730 &#8211; 731 &#8211; 732 &#8211; 801 &#8211; 802 &#8211; 803 &#8211; 801S &#8211; 802S &#8211; 803S &#8211; 807 &#8211; 808 &#8211; 809 &#8211; 817 &#8211; 818 &#8211; 819 &#8211; 830 &#8211; 831 -832 &#8211; 900 &#8211; 910 &#8211; 930 &#8211; 931 &#8211; 932 &#8211; 933 &#8211; 1006 &#8211; 1008 &#8211;\u00a01003 &#8211; 1004 &#8211; 1005 &#8211; 1010 &#8211; 1015 &#8211; 1020 &#8211; 1030 &#8211; 1031 &#8211; 1080 &#8211; 1090 &#8211; 1090 sort 92 &#8211; 1120 &#8211; 1130 &#8211; 1120S &#8211; 1130S &#8211; 1230 &#8211; 1260 &#8211; 1530<\/p>\n<p><b>Pour BERNINA B1<\/b>\u00a0: 125 &#8211; 125 S &#8211; 135 &#8211; 135 S &#8211; 145 &#8211; 145S &#8211; 210 &#8211; B 215 &#8211; 220 &#8211; 230 &#8211; 230 PE &#8211; 240 &#8211; B 325 &#8211; B325 (Gen. 2) &#8211; B 330 &#8211; B 335 &#8211; B 350 PE &#8211; B 380<\/p>\n<p><b>Pour BERNINA B2<\/b>\u00a0: 130 &#8211; 140 &#8211; 150 &#8211; 153 &#8211; 153QE &#8211; 155 &#8211; 160 &#8211; 163<\/p>\n<p><b>Pour BERNINA B3<\/b>\u00a0: 165 &#8211; 170<\/p>\n<p><b>Pour BERNINA B4<\/b>\u00a0: 430 &#8211; 440 QE &#8211; B 555 &#8211; B 570 QE &#8211; 630<\/p>\n<p><b>Pour BERNINA B5<\/b>\u00a0: B 530 &#8211; B 550QE<\/p>\n","protected":false},"excerpt":{"rendered":"<p>Bo\u00eetier cordonnet pour machines avec un crochet CB BERNINA &nbsp; Le\u00a0bo\u00eetier pour cordonnet BERNINA\u00a0est id\u00e9al si vous utilisez du fil \u00e9pais sur la canette. Avec du fil \u00e9pais, la tension du fil doit \u00eatre plus souple que pour les fils normaux, afin que ceci am\u00e9liore le d\u00e9roulement de la canette et r\u00e9alise un point parfait.&hellip;<\/p>\n","protected":false},"featured_media":3637,"comment_status":"open","ping_status":"closed","template":"","meta":{"om_disable_all_campaigns":false,"_monsterinsights_skip_tracking":false,"_monsterinsights_sitenote_active":false,"_monsterinsights_sitenote_note":"","_monsterinsights_sitenote_category":0,"_uf_show_specific_survey":0,"_uf_disable_surveys":false},"product_brand":[],"product_cat":[42,101],"product_tag":[],"giftcard-category":[],"class_list":{"0":"post-1150","1":"product","2":"type-product","3":"status-publish","4":"has-post-thumbnail","6":"product_cat-accesoires","7":"product_cat-boitier-de-cannette","9":"first","10":"instock","11":"sale","12":"shipping-taxable","13":"purchasable","14":"product-type-simple"},"aioseo_notices":[],"jetpack_sharing_enabled":true,"_links":{"self":[{"href":"https:\/\/berninabrussels.be\/index.php?rest_route=\/wp\/v2\/product\/1150","targetHints":{"allow":["GET"]}}],"collection":[{"href":"https:\/\/berninabrussels.be\/index.php?rest_route=\/wp\/v2\/product"}],"about":[{"href":"https:\/\/berninabrussels.be\/index.php?rest_route=\/wp\/v2\/types\/product"}],"replies":[{"embeddable":true,"href":"https:\/\/berninabrussels.be\/index.php?rest_route=%2Fwp%2Fv2%2Fcomments&post=1150"}],"wp:featuredmedia":[{"embeddable":true,"href":"https:\/\/berninabrussels.be\/index.php?rest_route=\/wp\/v2\/media\/3637"}],"wp:attachment":[{"href":"https:\/\/berninabrussels.be\/index.php?rest_route=%2Fwp%2Fv2%2Fmedia&parent=1150"}],"wp:term":[{"taxonomy":"product_brand","embeddable":true,"href":"https:\/\/berninabrussels.be\/index.php?rest_route=%2Fwp%2Fv2%2Fproduct_brand&post=1150"},{"taxonomy":"product_cat","embeddable":true,"href":"https:\/\/berninabrussels.be\/index.php?rest_route=%2Fwp%2Fv2%2Fproduct_cat&post=1150"},{"taxonomy":"product_tag","embeddable":true,"href":"https:\/\/berninabrussels.be\/index.php?rest_route=%2Fwp%2Fv2%2Fproduct_tag&post=1150"},{"taxonomy":"giftcard-category","embeddable":true,"href":"https:\/\/berninabrussels.be\/index.php?rest_route=%2Fwp%2Fv2%2Fgiftcard-category&post=1150"}],"curies":[{"name":"wp","href":"https:\/\/api.w.org\/{rel}","templated":true}]}}