{"id":1121,"date":"2023-05-09T18:10:57","date_gmt":"2023-05-09T16:10:57","guid":{"rendered":"https:\/\/berninabrussels.be\/?post_type=product&#038;p=1121"},"modified":"2025-11-19T17:37:44","modified_gmt":"2025-11-19T16:37:44","slug":"boitier-de-cannette-pour-crochet-rl","status":"publish","type":"product","link":"https:\/\/berninabrussels.be\/?product=boitier-de-cannette-pour-crochet-rl","title":{"rendered":"BO\u00ceTIER DE CANNETTE POUR CROCHET RL"},"content":{"rendered":"<div id=\"p_lt_zoneContent_pageplaceholder_p_lt_zoneHeader_Bernina_ParagraphHeaderImage_pnlSimpleShowroom\" class=\"r-container-fluid r-show-simple\">\n<div id=\"p_lt_zoneContent_pageplaceholder_p_lt_zoneHeader_Bernina_ParagraphHeaderImage_divTextWrapper\" class=\"r-show-simple-text\">\n<div class=\"r-container\">\n<div class=\"r-row clearfix\">\n<div class=\"r-col-8\">\n<div class=\"r-show-simple-box r-text-block\">\n<div class=\"r-show-box-padding\">\n<div class=\"col-md-12\">\n<h3>Boitier \u00e0 canette RL nickel\u00e9e (A1*A2C) BERNINA<\/h3>\n<p>Bo\u00eetier couture pour machine avec un crochet RL<\/p>\n<p>Le bo\u00eetier chrom\u00e9 s&rsquo;utilise pour tous les travaux de couture courants<\/p>\n<p><b><span style=\"color: #ba213d;\">Cet accessoire est compatible avec le(s) produit(s) suivant(s) :<\/span><\/b><\/p>\n<\/div>\n<p><b>Pour BERNINA A1 :\u00a0<\/b>1000 &#8211; 1001 \/ 1050-1070<\/p>\n<p><b>Pour BERNINA A2 :\u00a0<\/b>1630<\/p>\n<p><b>Pour BERNINA C1 :\u00a0<\/b>180 &#8211; 185<\/p>\n<p><b>Pour BERNINA C2 :\u00a0<\/b>200 &#8211; 730<\/p>\n<p><b>Pour BERNINA C3 :\u00a0<\/b>435 &#8211; 450 &#8211; B 560 &#8211; B 580 &#8211; 640<\/p>\n<\/div>\n<\/div>\n<\/div>\n<\/div>\n<\/div>\n<\/div>\n<\/div>\n","protected":false},"excerpt":{"rendered":"<p>Boitier \u00e0 canette RL nickel\u00e9e (A1*A2C) BERNINA Bo\u00eetier couture pour machine avec un crochet RL Le bo\u00eetier chrom\u00e9 s&rsquo;utilise pour tous les travaux de couture courants Cet accessoire est compatible avec le(s) produit(s) suivant(s) : Pour BERNINA A1 :\u00a01000 &#8211; 1001 \/ 1050-1070 Pour BERNINA A2 :\u00a01630 Pour BERNINA C1 :\u00a0180 &#8211; 185 Pour BERNINA&hellip;<\/p>\n","protected":false},"featured_media":1122,"comment_status":"open","ping_status":"closed","template":"","meta":{"om_disable_all_campaigns":false,"_monsterinsights_skip_tracking":false,"_monsterinsights_sitenote_active":false,"_monsterinsights_sitenote_note":"","_monsterinsights_sitenote_category":0,"_uf_show_specific_survey":0,"_uf_disable_surveys":false},"product_brand":[],"product_cat":[42,101],"product_tag":[],"giftcard-category":[],"class_list":{"0":"post-1121","1":"product","2":"type-product","3":"status-publish","4":"has-post-thumbnail","6":"product_cat-accesoires","7":"product_cat-boitier-de-cannette","9":"first","10":"instock","11":"sale","12":"shipping-taxable","13":"purchasable","14":"product-type-simple"},"aioseo_notices":[],"jetpack_sharing_enabled":true,"_links":{"self":[{"href":"https:\/\/berninabrussels.be\/index.php?rest_route=\/wp\/v2\/product\/1121","targetHints":{"allow":["GET"]}}],"collection":[{"href":"https:\/\/berninabrussels.be\/index.php?rest_route=\/wp\/v2\/product"}],"about":[{"href":"https:\/\/berninabrussels.be\/index.php?rest_route=\/wp\/v2\/types\/product"}],"replies":[{"embeddable":true,"href":"https:\/\/berninabrussels.be\/index.php?rest_route=%2Fwp%2Fv2%2Fcomments&post=1121"}],"wp:featuredmedia":[{"embeddable":true,"href":"https:\/\/berninabrussels.be\/index.php?rest_route=\/wp\/v2\/media\/1122"}],"wp:attachment":[{"href":"https:\/\/berninabrussels.be\/index.php?rest_route=%2Fwp%2Fv2%2Fmedia&parent=1121"}],"wp:term":[{"taxonomy":"product_brand","embeddable":true,"href":"https:\/\/berninabrussels.be\/index.php?rest_route=%2Fwp%2Fv2%2Fproduct_brand&post=1121"},{"taxonomy":"product_cat","embeddable":true,"href":"https:\/\/berninabrussels.be\/index.php?rest_route=%2Fwp%2Fv2%2Fproduct_cat&post=1121"},{"taxonomy":"product_tag","embeddable":true,"href":"https:\/\/berninabrussels.be\/index.php?rest_route=%2Fwp%2Fv2%2Fproduct_tag&post=1121"},{"taxonomy":"giftcard-category","embeddable":true,"href":"https:\/\/berninabrussels.be\/index.php?rest_route=%2Fwp%2Fv2%2Fgiftcard-category&post=1121"}],"curies":[{"name":"wp","href":"https:\/\/api.w.org\/{rel}","templated":true}]}}