{"id":1119,"date":"2023-05-09T18:09:10","date_gmt":"2023-05-09T16:09:10","guid":{"rendered":"https:\/\/berninabrussels.be\/?post_type=product&#038;p=1119"},"modified":"2025-11-19T17:29:38","modified_gmt":"2025-11-19T16:29:38","slug":"boitier-de-cannette-de-bobbin-work-b9","status":"publish","type":"product","link":"https:\/\/berninabrussels.be\/?product=boitier-de-cannette-de-bobbin-work-b9","title":{"rendered":"Boitier canette gros fils S\u00e9rie 4-5-7"},"content":{"rendered":"<h3>Bo\u00eetier de canette gros fil B9 rouge BERNINA<\/h3>\n<p>&nbsp;<\/p>\n<p><b><span style=\"color: #ba213d;\">Cet accessoire est compatible avec le(s) produit(s) suivant(s) :<\/span><\/b><\/p>\n<p><b>Pour BERNINA Ea<sup>2<\/sup><\/b>\u00a0: B 720 &#8211; B735<\/p>\n<p><b>Pour BERNINA Ea<sup>3<\/sup><\/b>\u00a0: B 740<\/p>\n<p><b>Pour BERNINA Ea<sup>4<\/sup><\/b>\u00a0: B 770 QE &#8211; B 790 &#8211; B790PLUS<\/p>\n<p>&nbsp;<\/p>\n<p><b>Pour BERNINA Ea<sup>2<\/sup><\/b>\u00a0: B 535<\/p>\n<p><b>Pour BERNINA Ea<sup>3<\/sup><\/b>\u00a0: B 540<\/p>\n<p><b>Pour BERNINA Ea<sup>4<\/sup><\/b>\u00a0: B 570 QE &#8211; B 590<\/p>\n<p>&nbsp;<\/p>\n<p><b>Pour BERNINA Ec<sup>1<\/sup><\/b>\u00a0: B 435<\/p>\n<p><b>Pour BERNINA Ec<sup>2<\/sup><\/b>\u00a0: B 475 QE &#8211; B 485<\/p>\n<p><b>Pour BERNINA Ec<sup>3<\/sup><\/b>\u00a0: B 480<\/p>\n<p>&nbsp;<\/p>\n<p>Comme le bo\u00eetier de canette Cordonnet BERNINA pour crochet CB, le bo\u00eetier de canette rouge BERNINA Bobbin Work pour la S\u00e9rie 7 s&rsquo;utilise avec les fils plus \u00e9pais qui ne peuvent pas passer \u00e0 travers le chas de l&rsquo;aiguille, tel le cordonnet.<\/p>\n<p><b>Conseils :<\/b><br \/>\nPour vous faciliter la t\u00e2che, la tension du fil n&rsquo;a plus besoin d&rsquo;\u00eatre r\u00e9gl\u00e9e au niveau du bo\u00eetier de la canette. Tous les r\u00e9glages s&rsquo;op\u00e8rent au niveau de la tension du fil sup\u00e9rieur.<br \/>\nEn raison de l&rsquo;\u00e9paisseur du fil, celui-ci doit \u00eatre enfil\u00e9 avec pr\u00e9caution \u00e0 travers la petite boucle en acier protub\u00e9rante de la canette afin qu&rsquo;il ne puisse pas s&rsquo;\u00e9chapper du m\u00e9canisme.<br \/>\nPour proc\u00e9der \u00e0 l&rsquo;enfilage \u00e0 travers la petite boucle en acier protub\u00e9rante, utilisez l&rsquo;outil d&rsquo;aide compris dans la livraison ou faites passer le fil manuellement en apposant vos doigts sur le bo\u00eetier.<br \/>\nLe bo\u00eetier de canette Bobbin Work peut \u00eatre garni de diff\u00e9rents types de fil. Il permet de coudre des points d\u00e9coratifs ainsi que des ouvrages \u00e0 mains libres avec des fils cr\u00e9ant des effets sp\u00e9cifiques, des rubans, des fils m\u00e9talliques ou des fils \u00e9lastiques.<\/p>\n<p>N&rsquo;attendez pas pour commander le bo\u00eetier de canette rouge BERNINA Bobbin Work, vous serez impressionn\u00e9e par ses capacit\u00e9s !<\/p>\n<p>&nbsp;<\/p>\n","protected":false},"excerpt":{"rendered":"<p>Bo\u00eetier de canette gros fil B9 rouge BERNINA &nbsp; Cet accessoire est compatible avec le(s) produit(s) suivant(s) : Pour BERNINA Ea2\u00a0: B 720 &#8211; B735 Pour BERNINA Ea3\u00a0: B 740 Pour BERNINA Ea4\u00a0: B 770 QE &#8211; B 790 &#8211; B790PLUS &nbsp; Pour BERNINA Ea2\u00a0: B 535 Pour BERNINA Ea3\u00a0: B 540 Pour BERNINA Ea4\u00a0:&hellip;<\/p>\n","protected":false},"featured_media":1120,"comment_status":"open","ping_status":"closed","template":"","meta":{"om_disable_all_campaigns":false,"_monsterinsights_skip_tracking":false,"_monsterinsights_sitenote_active":false,"_monsterinsights_sitenote_note":"","_monsterinsights_sitenote_category":0,"_uf_show_specific_survey":0,"_uf_disable_surveys":false},"product_brand":[],"product_cat":[42,101],"product_tag":[],"giftcard-category":[],"class_list":{"0":"post-1119","1":"product","2":"type-product","3":"status-publish","4":"has-post-thumbnail","6":"product_cat-accesoires","7":"product_cat-boitier-de-cannette","9":"first","10":"instock","11":"sale","12":"shipping-taxable","13":"purchasable","14":"product-type-simple"},"aioseo_notices":[],"jetpack_sharing_enabled":true,"_links":{"self":[{"href":"https:\/\/berninabrussels.be\/index.php?rest_route=\/wp\/v2\/product\/1119","targetHints":{"allow":["GET"]}}],"collection":[{"href":"https:\/\/berninabrussels.be\/index.php?rest_route=\/wp\/v2\/product"}],"about":[{"href":"https:\/\/berninabrussels.be\/index.php?rest_route=\/wp\/v2\/types\/product"}],"replies":[{"embeddable":true,"href":"https:\/\/berninabrussels.be\/index.php?rest_route=%2Fwp%2Fv2%2Fcomments&post=1119"}],"wp:featuredmedia":[{"embeddable":true,"href":"https:\/\/berninabrussels.be\/index.php?rest_route=\/wp\/v2\/media\/1120"}],"wp:attachment":[{"href":"https:\/\/berninabrussels.be\/index.php?rest_route=%2Fwp%2Fv2%2Fmedia&parent=1119"}],"wp:term":[{"taxonomy":"product_brand","embeddable":true,"href":"https:\/\/berninabrussels.be\/index.php?rest_route=%2Fwp%2Fv2%2Fproduct_brand&post=1119"},{"taxonomy":"product_cat","embeddable":true,"href":"https:\/\/berninabrussels.be\/index.php?rest_route=%2Fwp%2Fv2%2Fproduct_cat&post=1119"},{"taxonomy":"product_tag","embeddable":true,"href":"https:\/\/berninabrussels.be\/index.php?rest_route=%2Fwp%2Fv2%2Fproduct_tag&post=1119"},{"taxonomy":"giftcard-category","embeddable":true,"href":"https:\/\/berninabrussels.be\/index.php?rest_route=%2Fwp%2Fv2%2Fgiftcard-category&post=1119"}],"curies":[{"name":"wp","href":"https:\/\/api.w.org\/{rel}","templated":true}]}}