{"id":1109,"date":"2023-05-09T18:06:49","date_gmt":"2023-05-09T16:06:49","guid":{"rendered":"https:\/\/berninabrussels.be\/?post_type=product&#038;p=1109"},"modified":"2025-05-25T22:14:50","modified_gmt":"2025-05-25T20:14:50","slug":"boitier-de-cannette-de-bobbin-work","status":"publish","type":"product","link":"https:\/\/berninabrussels.be\/?product=boitier-de-cannette-de-bobbin-work","title":{"rendered":"BO\u00ceTIER DE CANNETTE DE BOBBIN WORK"},"content":{"rendered":"<p>Le crochet RL est l&rsquo;un des quatre crochets diff\u00e9rents int\u00e9gr\u00e9s dans les machines \u00e0 coudre BERNINA. Il existe \u00e9galement pour ce mod\u00e8le diff\u00e9rentes canettes et divers bo\u00eetiers de canette pour des usages vari\u00e9s.<\/p>\n","protected":false},"excerpt":{"rendered":"<p>Le crochet RL est l&rsquo;un des quatre crochets diff\u00e9rents int\u00e9gr\u00e9s dans les machines \u00e0 coudre BERNINA. Il existe \u00e9galement pour ce mod\u00e8le diff\u00e9rentes canettes et divers bo\u00eetiers de canette pour des usages vari\u00e9s.<\/p>\n","protected":false},"featured_media":1118,"comment_status":"open","ping_status":"closed","template":"","meta":{"om_disable_all_campaigns":false,"_monsterinsights_skip_tracking":false,"_monsterinsights_sitenote_active":false,"_monsterinsights_sitenote_note":"","_monsterinsights_sitenote_category":0,"_uf_show_specific_survey":0,"_uf_disable_surveys":false},"product_brand":[],"product_cat":[42,101],"product_tag":[],"giftcard-category":[],"class_list":{"0":"post-1109","1":"product","2":"type-product","3":"status-publish","4":"has-post-thumbnail","6":"product_cat-accesoires","7":"product_cat-boitier-de-cannette","9":"first","10":"instock","11":"shipping-taxable","12":"purchasable","13":"product-type-simple"},"aioseo_notices":[],"jetpack_sharing_enabled":true,"_links":{"self":[{"href":"https:\/\/berninabrussels.be\/index.php?rest_route=\/wp\/v2\/product\/1109","targetHints":{"allow":["GET"]}}],"collection":[{"href":"https:\/\/berninabrussels.be\/index.php?rest_route=\/wp\/v2\/product"}],"about":[{"href":"https:\/\/berninabrussels.be\/index.php?rest_route=\/wp\/v2\/types\/product"}],"replies":[{"embeddable":true,"href":"https:\/\/berninabrussels.be\/index.php?rest_route=%2Fwp%2Fv2%2Fcomments&post=1109"}],"wp:featuredmedia":[{"embeddable":true,"href":"https:\/\/berninabrussels.be\/index.php?rest_route=\/wp\/v2\/media\/1118"}],"wp:attachment":[{"href":"https:\/\/berninabrussels.be\/index.php?rest_route=%2Fwp%2Fv2%2Fmedia&parent=1109"}],"wp:term":[{"taxonomy":"product_brand","embeddable":true,"href":"https:\/\/berninabrussels.be\/index.php?rest_route=%2Fwp%2Fv2%2Fproduct_brand&post=1109"},{"taxonomy":"product_cat","embeddable":true,"href":"https:\/\/berninabrussels.be\/index.php?rest_route=%2Fwp%2Fv2%2Fproduct_cat&post=1109"},{"taxonomy":"product_tag","embeddable":true,"href":"https:\/\/berninabrussels.be\/index.php?rest_route=%2Fwp%2Fv2%2Fproduct_tag&post=1109"},{"taxonomy":"giftcard-category","embeddable":true,"href":"https:\/\/berninabrussels.be\/index.php?rest_route=%2Fwp%2Fv2%2Fgiftcard-category&post=1109"}],"curies":[{"name":"wp","href":"https:\/\/api.w.org\/{rel}","templated":true}]}}