{"id":1102,"date":"2023-05-09T17:59:46","date_gmt":"2023-05-09T15:59:46","guid":{"rendered":"https:\/\/berninabrussels.be\/?post_type=product&#038;p=1102"},"modified":"2025-05-25T13:26:47","modified_gmt":"2025-05-25T11:26:47","slug":"table-rallonge-pour-quilt-en-pexiglas","status":"publish","type":"product","link":"https:\/\/berninabrussels.be\/?product=table-rallonge-pour-quilt-en-pexiglas","title":{"rendered":"Table rallonge pour quilt en pexiglas"},"content":{"rendered":"<p>La table rallonge pour quilt en plexiglas facilite le travail avec les ouvrages de quilt grand format ainsi qu\u2019avec les housses, les couvertures et les tentures murales. Elle agrandit la surface de travail et r\u00e9partit le poids du quilt de fa\u00e7on homog\u00e8ne sur toute la table. La table rallonge pour quilt en plexiglas est tr\u00e8s stable.<\/p>\n<p>Le tissu se laisse facilement entra\u00eener sur sa surface tr\u00e8s lisse. Utilis\u00e9e avec le pied pour quilt #29 de BERNINA ou le pied quilt \u00e9cho et CutWork #44C, vous parviendrez \u00e0 coudre des quilts difficiles avec pr\u00e9cision et minutie.<\/p>\n","protected":false},"excerpt":{"rendered":"<p>La table rallonge pour quilt en plexiglas facilite le travail avec les ouvrages de quilt grand format ainsi qu\u2019avec les housses, les couvertures et les tentures murales. Elle agrandit la surface de travail et r\u00e9partit le poids du quilt de fa\u00e7on homog\u00e8ne sur toute la table. La table rallonge pour quilt en plexiglas est tr\u00e8s&hellip;<\/p>\n","protected":false},"featured_media":1105,"comment_status":"open","ping_status":"closed","template":"","meta":{"om_disable_all_campaigns":false,"_monsterinsights_skip_tracking":false,"_monsterinsights_sitenote_active":false,"_monsterinsights_sitenote_note":"","_monsterinsights_sitenote_category":0,"_uf_show_specific_survey":0,"_uf_disable_surveys":false},"product_brand":[],"product_cat":[42,98],"product_tag":[],"giftcard-category":[],"class_list":{"0":"post-1102","1":"product","2":"type-product","3":"status-publish","4":"has-post-thumbnail","6":"product_cat-accesoires","7":"product_cat-table","9":"first","10":"instock","11":"shipping-taxable","12":"purchasable","13":"product-type-simple"},"aioseo_notices":[],"jetpack_sharing_enabled":true,"_links":{"self":[{"href":"https:\/\/berninabrussels.be\/index.php?rest_route=\/wp\/v2\/product\/1102","targetHints":{"allow":["GET"]}}],"collection":[{"href":"https:\/\/berninabrussels.be\/index.php?rest_route=\/wp\/v2\/product"}],"about":[{"href":"https:\/\/berninabrussels.be\/index.php?rest_route=\/wp\/v2\/types\/product"}],"replies":[{"embeddable":true,"href":"https:\/\/berninabrussels.be\/index.php?rest_route=%2Fwp%2Fv2%2Fcomments&post=1102"}],"wp:featuredmedia":[{"embeddable":true,"href":"https:\/\/berninabrussels.be\/index.php?rest_route=\/wp\/v2\/media\/1105"}],"wp:attachment":[{"href":"https:\/\/berninabrussels.be\/index.php?rest_route=%2Fwp%2Fv2%2Fmedia&parent=1102"}],"wp:term":[{"taxonomy":"product_brand","embeddable":true,"href":"https:\/\/berninabrussels.be\/index.php?rest_route=%2Fwp%2Fv2%2Fproduct_brand&post=1102"},{"taxonomy":"product_cat","embeddable":true,"href":"https:\/\/berninabrussels.be\/index.php?rest_route=%2Fwp%2Fv2%2Fproduct_cat&post=1102"},{"taxonomy":"product_tag","embeddable":true,"href":"https:\/\/berninabrussels.be\/index.php?rest_route=%2Fwp%2Fv2%2Fproduct_tag&post=1102"},{"taxonomy":"giftcard-category","embeddable":true,"href":"https:\/\/berninabrussels.be\/index.php?rest_route=%2Fwp%2Fv2%2Fgiftcard-category&post=1102"}],"curies":[{"name":"wp","href":"https:\/\/api.w.org\/{rel}","templated":true}]}}