{"id":1099,"date":"2023-05-09T17:35:10","date_gmt":"2023-05-09T15:35:10","guid":{"rendered":"https:\/\/berninabrussels.be\/?post_type=product&#038;p=1099"},"modified":"2023-05-09T20:36:42","modified_gmt":"2023-05-09T18:36:42","slug":"pied-pour-boutonniere-en-plastique","status":"publish","type":"product","link":"https:\/\/berninabrussels.be\/?product=pied-pour-boutonniere-en-plastique","title":{"rendered":"Pied pour boutonni\u00e8re en plastique"},"content":{"rendered":"<h3>Pied pour boutonni\u00e8res BERNETTE \/ SINGER<\/h3>\n<p>Boutonni\u00e8res uniques ou multiples peuvent \u00eatre cousues avec ce pied. La taille de la boutonni\u00e8re est d\u00e9termin\u00e9 par le bouton effective utilis\u00e9e sur le v\u00eatement ou l&rsquo;engin. Une fois qu&rsquo;une boutonni\u00e8re est cousue, il est facile ensuite de r\u00e9p\u00e9ter la m\u00eame taille de\u00a0boutonni\u00e8res.<\/p>\n","protected":false},"excerpt":{"rendered":"<p>Pied pour boutonni\u00e8res BERNETTE \/ SINGER Boutonni\u00e8res uniques ou multiples peuvent \u00eatre cousues avec ce pied. La taille de la boutonni\u00e8re est d\u00e9termin\u00e9 par le bouton effective utilis\u00e9e sur le v\u00eatement ou l&rsquo;engin. Une fois qu&rsquo;une boutonni\u00e8re est cousue, il est facile ensuite de r\u00e9p\u00e9ter la m\u00eame taille de\u00a0boutonni\u00e8res.<\/p>\n","protected":false},"featured_media":1100,"comment_status":"open","ping_status":"closed","template":"","meta":{"om_disable_all_campaigns":false,"_monsterinsights_skip_tracking":false,"_monsterinsights_sitenote_active":false,"_monsterinsights_sitenote_note":"","_monsterinsights_sitenote_category":0,"_uf_show_specific_survey":0,"_uf_disable_surveys":false},"product_brand":[],"product_cat":[42,44,240,187],"product_tag":[],"giftcard-category":[],"class_list":{"0":"post-1099","1":"product","2":"type-product","3":"status-publish","4":"has-post-thumbnail","6":"product_cat-accesoires","7":"product_cat-machine-a-coudre","8":"product_cat-pieds-presseurs","9":"product_cat-pied-boutonniere","10":"pa_marque-bernette","12":"first","13":"instock","14":"shipping-taxable","15":"purchasable","16":"product-type-simple"},"aioseo_notices":[],"jetpack_sharing_enabled":true,"_links":{"self":[{"href":"https:\/\/berninabrussels.be\/index.php?rest_route=\/wp\/v2\/product\/1099","targetHints":{"allow":["GET"]}}],"collection":[{"href":"https:\/\/berninabrussels.be\/index.php?rest_route=\/wp\/v2\/product"}],"about":[{"href":"https:\/\/berninabrussels.be\/index.php?rest_route=\/wp\/v2\/types\/product"}],"replies":[{"embeddable":true,"href":"https:\/\/berninabrussels.be\/index.php?rest_route=%2Fwp%2Fv2%2Fcomments&post=1099"}],"wp:featuredmedia":[{"embeddable":true,"href":"https:\/\/berninabrussels.be\/index.php?rest_route=\/wp\/v2\/media\/1100"}],"wp:attachment":[{"href":"https:\/\/berninabrussels.be\/index.php?rest_route=%2Fwp%2Fv2%2Fmedia&parent=1099"}],"wp:term":[{"taxonomy":"product_brand","embeddable":true,"href":"https:\/\/berninabrussels.be\/index.php?rest_route=%2Fwp%2Fv2%2Fproduct_brand&post=1099"},{"taxonomy":"product_cat","embeddable":true,"href":"https:\/\/berninabrussels.be\/index.php?rest_route=%2Fwp%2Fv2%2Fproduct_cat&post=1099"},{"taxonomy":"product_tag","embeddable":true,"href":"https:\/\/berninabrussels.be\/index.php?rest_route=%2Fwp%2Fv2%2Fproduct_tag&post=1099"},{"taxonomy":"giftcard-category","embeddable":true,"href":"https:\/\/berninabrussels.be\/index.php?rest_route=%2Fwp%2Fv2%2Fgiftcard-category&post=1099"}],"curies":[{"name":"wp","href":"https:\/\/api.w.org\/{rel}","templated":true}]}}