{"id":1095,"date":"2023-05-09T17:29:00","date_gmt":"2023-05-09T15:29:00","guid":{"rendered":"https:\/\/berninabrussels.be\/?post_type=product&#038;p=1095"},"modified":"2025-05-26T04:11:00","modified_gmt":"2025-05-26T02:11:00","slug":"pied-pour-coudre-les-boutons","status":"publish","type":"product","link":"https:\/\/berninabrussels.be\/?product=pied-pour-coudre-les-boutons","title":{"rendered":"Pied pour coudre les boutons"},"content":{"rendered":"<h3>Pied pour coudre les boutons<\/h3>\n<div align=\"left\">Le pied pour boutons est un pied multifonction permettant de coudre boutons, boutons-pression et \u0153illets. Sa semelle anti-glissement maintient le bouton \u00e0 la place d\u00e9sir\u00e9e pendant la piq\u00fbre. Le pied pour boutons est \u00e9galement \u00e9quip\u00e9 d&rsquo;une tige centrale suppl\u00e9mentaire.<\/div>\n<div><\/div>\n<div align=\"left\">Gr\u00e2ce \u00e0 celle-ci, il est possible de r\u00e9gler la hauteur de l&rsquo;espace situ\u00e9 entre la tige et le tissu en fonction de l&rsquo;\u00e9paisseur du tissu. On peut relever la tige lorsque celle-ci n&rsquo;est plus utile. Avec le pied pour boutons, au-del\u00e0 des boutons et des fermoirs, vous pourrez aussi appliquer des ornements d\u00e9coratifs comme des paillettes ou des boucles.<\/div>\n<div align=\"left\"><\/div>\n<div><\/div>\n<div>Ce pied permet de coudre des boutons mais \u00e9galement des boutons-pression, crochets, oeillets, anneaux. Il s&rsquo;utilise \u00e9galement pour la couture d\u00e9corative avec des paillettes ou des boucles.<\/p>\n<p>Ce pied-de-biche pour fixer des boutons soul\u00e8ve l\u00e9g\u00e8rement le bouton du tissu pour cr\u00e9er une petite queue et faciliter ainsi le boutonnage et \u00e9viter que le bouton soit trop serr\u00e9 au tiss<\/p><\/div>\n","protected":false},"excerpt":{"rendered":"<p>Pied pour coudre les boutons Le pied pour boutons est un pied multifonction permettant de coudre boutons, boutons-pression et \u0153illets. Sa semelle anti-glissement maintient le bouton \u00e0 la place d\u00e9sir\u00e9e pendant la piq\u00fbre. Le pied pour boutons est \u00e9galement \u00e9quip\u00e9 d&rsquo;une tige centrale suppl\u00e9mentaire. Gr\u00e2ce \u00e0 celle-ci, il est possible de r\u00e9gler la hauteur de&hellip;<\/p>\n","protected":false},"featured_media":1096,"comment_status":"open","ping_status":"closed","template":"","meta":{"om_disable_all_campaigns":false,"_monsterinsights_skip_tracking":false,"_monsterinsights_sitenote_active":false,"_monsterinsights_sitenote_note":"","_monsterinsights_sitenote_category":0,"_uf_show_specific_survey":0,"_uf_disable_surveys":false},"product_brand":[],"product_cat":[42,44,240,186],"product_tag":[],"giftcard-category":[],"class_list":{"0":"post-1095","1":"product","2":"type-product","3":"status-publish","4":"has-post-thumbnail","6":"product_cat-accesoires","7":"product_cat-machine-a-coudre","8":"product_cat-pieds-presseurs","9":"product_cat-pied-pose-bouton","10":"pa_marque-bernette","12":"first","13":"instock","14":"sale","15":"shipping-taxable","16":"purchasable","17":"product-type-simple"},"aioseo_notices":[],"jetpack_sharing_enabled":true,"_links":{"self":[{"href":"https:\/\/berninabrussels.be\/index.php?rest_route=\/wp\/v2\/product\/1095","targetHints":{"allow":["GET"]}}],"collection":[{"href":"https:\/\/berninabrussels.be\/index.php?rest_route=\/wp\/v2\/product"}],"about":[{"href":"https:\/\/berninabrussels.be\/index.php?rest_route=\/wp\/v2\/types\/product"}],"replies":[{"embeddable":true,"href":"https:\/\/berninabrussels.be\/index.php?rest_route=%2Fwp%2Fv2%2Fcomments&post=1095"}],"wp:featuredmedia":[{"embeddable":true,"href":"https:\/\/berninabrussels.be\/index.php?rest_route=\/wp\/v2\/media\/1096"}],"wp:attachment":[{"href":"https:\/\/berninabrussels.be\/index.php?rest_route=%2Fwp%2Fv2%2Fmedia&parent=1095"}],"wp:term":[{"taxonomy":"product_brand","embeddable":true,"href":"https:\/\/berninabrussels.be\/index.php?rest_route=%2Fwp%2Fv2%2Fproduct_brand&post=1095"},{"taxonomy":"product_cat","embeddable":true,"href":"https:\/\/berninabrussels.be\/index.php?rest_route=%2Fwp%2Fv2%2Fproduct_cat&post=1095"},{"taxonomy":"product_tag","embeddable":true,"href":"https:\/\/berninabrussels.be\/index.php?rest_route=%2Fwp%2Fv2%2Fproduct_tag&post=1095"},{"taxonomy":"giftcard-category","embeddable":true,"href":"https:\/\/berninabrussels.be\/index.php?rest_route=%2Fwp%2Fv2%2Fgiftcard-category&post=1095"}],"curies":[{"name":"wp","href":"https:\/\/api.w.org\/{rel}","templated":true}]}}