{"id":1092,"date":"2023-05-09T17:27:18","date_gmt":"2023-05-09T15:27:18","guid":{"rendered":"https:\/\/berninabrussels.be\/?post_type=product&#038;p=1092"},"modified":"2023-05-09T20:38:01","modified_gmt":"2023-05-09T18:38:01","slug":"pied-zigzag-multi-usage","status":"publish","type":"product","link":"https:\/\/berninabrussels.be\/?product=pied-zigzag-multi-usage","title":{"rendered":"Pied zigzag, multi usage"},"content":{"rendered":"<h3>Pied Zigzag, multi usage \u00ab\u00a0C\u00a0\u00bb avec fente au milieu 7mm<\/h3>\n<div><span style=\"color: black; font-size: medium;\">Ce pied est id\u00e9alement indiqu\u00e9 pour l&rsquo;ex\u00e9cution de toute couture utilitaire au point droit ou point zigzag. (sauf les boutonni\u00e8res ou les points satins)<\/span><\/div>\n<div><\/div>\n<div><span style=\"color: black; font-size: medium;\">Il fonctionne parfaitement avec tous les types d&rsquo;aiguilles et de tissus et s&rsquo;impose ainsi comme l&rsquo;outil id\u00e9al pour vos ouvrages de couture de petite ou grande envergure. Au-del\u00e0 des coutures effectu\u00e9es avec un point droit ou zigzag, ce pied-de-biche est le pied id\u00e9al pour r\u00e9aliser des coutures d\u00e9coratives, des fronces et des ourlets coquille.<\/span><\/div>\n<div><\/div>\n<div><span style=\"color: black; font-size: medium;\">Pour tous les travaux de couture au point droit et zigzag et les points en marche avant (couture serpentine, point de fronce, etc.).<\/span><\/div>\n<div><\/div>\n<div><span style=\"color: black; font-size: medium;\">&#8211; La semelle est parfaitement plate devant l&rsquo;aiguille pour favoriser l&rsquo;avancement du tissu<br \/>\n&#8211; Important pour emp\u00eacher la formation de plis et pour garantir la formation parfaite des points<\/span><\/div>\n","protected":false},"excerpt":{"rendered":"<p>Pied Zigzag, multi usage \u00ab\u00a0C\u00a0\u00bb avec fente au milieu 7mm Ce pied est id\u00e9alement indiqu\u00e9 pour l&rsquo;ex\u00e9cution de toute couture utilitaire au point droit ou point zigzag. (sauf les boutonni\u00e8res ou les points satins) Il fonctionne parfaitement avec tous les types d&rsquo;aiguilles et de tissus et s&rsquo;impose ainsi comme l&rsquo;outil id\u00e9al pour vos ouvrages de&hellip;<\/p>\n","protected":false},"featured_media":1093,"comment_status":"open","ping_status":"closed","template":"","meta":{"om_disable_all_campaigns":false,"_monsterinsights_skip_tracking":false,"_monsterinsights_sitenote_active":false,"_monsterinsights_sitenote_note":"","_monsterinsights_sitenote_category":0,"_uf_show_specific_survey":0,"_uf_disable_surveys":false},"product_brand":[],"product_cat":[42,44,240,189],"product_tag":[],"giftcard-category":[],"class_list":{"0":"post-1092","1":"product","2":"type-product","3":"status-publish","4":"has-post-thumbnail","6":"product_cat-accesoires","7":"product_cat-machine-a-coudre","8":"product_cat-pieds-presseurs","9":"product_cat-pied-zig-zag","10":"pa_marque-bernette","12":"first","13":"instock","14":"sale","15":"shipping-taxable","16":"purchasable","17":"product-type-simple"},"aioseo_notices":[],"jetpack_sharing_enabled":true,"_links":{"self":[{"href":"https:\/\/berninabrussels.be\/index.php?rest_route=\/wp\/v2\/product\/1092","targetHints":{"allow":["GET"]}}],"collection":[{"href":"https:\/\/berninabrussels.be\/index.php?rest_route=\/wp\/v2\/product"}],"about":[{"href":"https:\/\/berninabrussels.be\/index.php?rest_route=\/wp\/v2\/types\/product"}],"replies":[{"embeddable":true,"href":"https:\/\/berninabrussels.be\/index.php?rest_route=%2Fwp%2Fv2%2Fcomments&post=1092"}],"wp:featuredmedia":[{"embeddable":true,"href":"https:\/\/berninabrussels.be\/index.php?rest_route=\/wp\/v2\/media\/1093"}],"wp:attachment":[{"href":"https:\/\/berninabrussels.be\/index.php?rest_route=%2Fwp%2Fv2%2Fmedia&parent=1092"}],"wp:term":[{"taxonomy":"product_brand","embeddable":true,"href":"https:\/\/berninabrussels.be\/index.php?rest_route=%2Fwp%2Fv2%2Fproduct_brand&post=1092"},{"taxonomy":"product_cat","embeddable":true,"href":"https:\/\/berninabrussels.be\/index.php?rest_route=%2Fwp%2Fv2%2Fproduct_cat&post=1092"},{"taxonomy":"product_tag","embeddable":true,"href":"https:\/\/berninabrussels.be\/index.php?rest_route=%2Fwp%2Fv2%2Fproduct_tag&post=1092"},{"taxonomy":"giftcard-category","embeddable":true,"href":"https:\/\/berninabrussels.be\/index.php?rest_route=%2Fwp%2Fv2%2Fgiftcard-category&post=1092"}],"curies":[{"name":"wp","href":"https:\/\/api.w.org\/{rel}","templated":true}]}}