{"id":1076,"date":"2023-05-09T17:17:58","date_gmt":"2023-05-09T15:17:58","guid":{"rendered":"https:\/\/berninabrussels.be\/?post_type=product&#038;p=1076"},"modified":"2024-01-30T12:01:20","modified_gmt":"2024-01-30T11:01:20","slug":"pied-double-transport-bernette-b37-b38","status":"publish","type":"product","link":"https:\/\/berninabrussels.be\/?product=pied-double-transport-bernette-b37-b38","title":{"rendered":"Pied double transport Bernette b37\/b38 + Cours de prise en main offert"},"content":{"rendered":"<h3>Pied transporteur BERNETTE<\/h3>\n<p>Le pied transporteur sert \u00e0 piquer des tissus d\u00e9licats. Il am\u00e9liore l&rsquo;entra\u00eenement du tissu gr\u00e2ce \u00e0 une seconde griffe d&rsquo;entra\u00eenement situ\u00e9e sur la partie sup\u00e9rieure du pied. L&rsquo;ouvrage avance simultan\u00e9ment gr\u00e2ce \u00e0 ces deux griffes, ce qui rend le processus de couture homog\u00e8ne.<\/p>\n","protected":false},"excerpt":{"rendered":"<p>Pied transporteur BERNETTE Le pied transporteur sert \u00e0 piquer des tissus d\u00e9licats. Il am\u00e9liore l&rsquo;entra\u00eenement du tissu gr\u00e2ce \u00e0 une seconde griffe d&rsquo;entra\u00eenement situ\u00e9e sur la partie sup\u00e9rieure du pied. L&rsquo;ouvrage avance simultan\u00e9ment gr\u00e2ce \u00e0 ces deux griffes, ce qui rend le processus de couture homog\u00e8ne.<\/p>\n","protected":false},"featured_media":1077,"comment_status":"open","ping_status":"closed","template":"","meta":{"om_disable_all_campaigns":false,"_monsterinsights_skip_tracking":false,"_monsterinsights_sitenote_active":false,"_monsterinsights_sitenote_note":"","_monsterinsights_sitenote_category":0,"_uf_show_specific_survey":0,"_uf_disable_surveys":false},"product_brand":[],"product_cat":[210],"product_tag":[],"giftcard-category":[],"class_list":{"0":"post-1076","1":"product","2":"type-product","3":"status-publish","4":"has-post-thumbnail","6":"product_cat-pied-double-transport","7":"pa_marque-bernette","9":"first","10":"instock","11":"sale","12":"shipping-taxable","13":"purchasable","14":"product-type-simple"},"aioseo_notices":[],"jetpack_sharing_enabled":true,"_links":{"self":[{"href":"https:\/\/berninabrussels.be\/index.php?rest_route=\/wp\/v2\/product\/1076","targetHints":{"allow":["GET"]}}],"collection":[{"href":"https:\/\/berninabrussels.be\/index.php?rest_route=\/wp\/v2\/product"}],"about":[{"href":"https:\/\/berninabrussels.be\/index.php?rest_route=\/wp\/v2\/types\/product"}],"replies":[{"embeddable":true,"href":"https:\/\/berninabrussels.be\/index.php?rest_route=%2Fwp%2Fv2%2Fcomments&post=1076"}],"wp:featuredmedia":[{"embeddable":true,"href":"https:\/\/berninabrussels.be\/index.php?rest_route=\/wp\/v2\/media\/1077"}],"wp:attachment":[{"href":"https:\/\/berninabrussels.be\/index.php?rest_route=%2Fwp%2Fv2%2Fmedia&parent=1076"}],"wp:term":[{"taxonomy":"product_brand","embeddable":true,"href":"https:\/\/berninabrussels.be\/index.php?rest_route=%2Fwp%2Fv2%2Fproduct_brand&post=1076"},{"taxonomy":"product_cat","embeddable":true,"href":"https:\/\/berninabrussels.be\/index.php?rest_route=%2Fwp%2Fv2%2Fproduct_cat&post=1076"},{"taxonomy":"product_tag","embeddable":true,"href":"https:\/\/berninabrussels.be\/index.php?rest_route=%2Fwp%2Fv2%2Fproduct_tag&post=1076"},{"taxonomy":"giftcard-category","embeddable":true,"href":"https:\/\/berninabrussels.be\/index.php?rest_route=%2Fwp%2Fv2%2Fgiftcard-category&post=1076"}],"curies":[{"name":"wp","href":"https:\/\/api.w.org\/{rel}","templated":true}]}}