{"id":1074,"date":"2023-05-09T17:16:32","date_gmt":"2023-05-09T15:16:32","guid":{"rendered":"https:\/\/berninabrussels.be\/?post_type=product&#038;p=1074"},"modified":"2023-05-09T20:43:06","modified_gmt":"2023-05-09T18:43:06","slug":"pied-oscillant-pour-broderie","status":"publish","type":"product","link":"https:\/\/berninabrussels.be\/?product=pied-oscillant-pour-broderie","title":{"rendered":"Pied oscillant pour broderie"},"content":{"rendered":"<h3>Pied oscillant pour broderie<\/h3>\n<p>Le pied oscillant pour broderie est le pied id\u00e9al pour broder des tissus \u00e0 poils de type velours et des tissus volumineux, par exemple de la bouclette \u00e9ponge. Le m\u00e9canisme oscillant applique une pression optimale sur le tissu \u00e0 broder.<\/p>\n<p>Simultan\u00e9ment, le mouvement du pied compense d&rsquo;\u00e9ventuelles irr\u00e9gularit\u00e9s en surface afin d&rsquo;obtenir des points magnifiques. Tel est le cas par exemple avec les lettering gaufr\u00e9s ou les quilts compos\u00e9s de multiples \u00e9paisseurs.<\/p>\n","protected":false},"excerpt":{"rendered":"<p>Pied oscillant pour broderie Le pied oscillant pour broderie est le pied id\u00e9al pour broder des tissus \u00e0 poils de type velours et des tissus volumineux, par exemple de la bouclette \u00e9ponge. Le m\u00e9canisme oscillant applique une pression optimale sur le tissu \u00e0 broder. Simultan\u00e9ment, le mouvement du pied compense d&rsquo;\u00e9ventuelles irr\u00e9gularit\u00e9s en surface afin&hellip;<\/p>\n","protected":false},"featured_media":1075,"comment_status":"open","ping_status":"closed","template":"","meta":{"om_disable_all_campaigns":false,"_monsterinsights_skip_tracking":false,"_monsterinsights_sitenote_active":false,"_monsterinsights_sitenote_note":"","_monsterinsights_sitenote_category":0,"_uf_show_specific_survey":0,"_uf_disable_surveys":false},"product_brand":[],"product_cat":[42,44,240,192],"product_tag":[],"giftcard-category":[],"class_list":{"0":"post-1074","1":"product","2":"type-product","3":"status-publish","4":"has-post-thumbnail","6":"product_cat-accesoires","7":"product_cat-machine-a-coudre","8":"product_cat-pieds-presseurs","9":"product_cat-autres","10":"pa_marque-bernette","12":"first","13":"instock","14":"shipping-taxable","15":"purchasable","16":"product-type-simple"},"aioseo_notices":[],"jetpack_sharing_enabled":true,"_links":{"self":[{"href":"https:\/\/berninabrussels.be\/index.php?rest_route=\/wp\/v2\/product\/1074","targetHints":{"allow":["GET"]}}],"collection":[{"href":"https:\/\/berninabrussels.be\/index.php?rest_route=\/wp\/v2\/product"}],"about":[{"href":"https:\/\/berninabrussels.be\/index.php?rest_route=\/wp\/v2\/types\/product"}],"replies":[{"embeddable":true,"href":"https:\/\/berninabrussels.be\/index.php?rest_route=%2Fwp%2Fv2%2Fcomments&post=1074"}],"wp:featuredmedia":[{"embeddable":true,"href":"https:\/\/berninabrussels.be\/index.php?rest_route=\/wp\/v2\/media\/1075"}],"wp:attachment":[{"href":"https:\/\/berninabrussels.be\/index.php?rest_route=%2Fwp%2Fv2%2Fmedia&parent=1074"}],"wp:term":[{"taxonomy":"product_brand","embeddable":true,"href":"https:\/\/berninabrussels.be\/index.php?rest_route=%2Fwp%2Fv2%2Fproduct_brand&post=1074"},{"taxonomy":"product_cat","embeddable":true,"href":"https:\/\/berninabrussels.be\/index.php?rest_route=%2Fwp%2Fv2%2Fproduct_cat&post=1074"},{"taxonomy":"product_tag","embeddable":true,"href":"https:\/\/berninabrussels.be\/index.php?rest_route=%2Fwp%2Fv2%2Fproduct_tag&post=1074"},{"taxonomy":"giftcard-category","embeddable":true,"href":"https:\/\/berninabrussels.be\/index.php?rest_route=%2Fwp%2Fv2%2Fgiftcard-category&post=1074"}],"curies":[{"name":"wp","href":"https:\/\/api.w.org\/{rel}","templated":true}]}}