{"id":1068,"date":"2023-05-09T17:11:59","date_gmt":"2023-05-09T15:11:59","guid":{"rendered":"https:\/\/berninabrussels.be\/?post_type=product&#038;p=1068"},"modified":"2023-05-09T20:43:21","modified_gmt":"2023-05-09T18:43:21","slug":"pied-a-broder-broderie-bernette-70-79","status":"publish","type":"product","link":"https:\/\/berninabrussels.be\/?product=pied-a-broder-broderie-bernette-70-79","title":{"rendered":"Pied \u00e0 broder, broderie Bernette 70\/79"},"content":{"rendered":"<h3>Pied de broderie BERNETTE<\/h3>\n<p>Ce pied est un expert de la broderie. Sa forme ovale l\u00e9g\u00e8rement incurv\u00e9e facilite le mouvement de piq\u00fbre. Le point form\u00e9 est stable et net.<\/p>\n","protected":false},"excerpt":{"rendered":"<p>Pied de broderie BERNETTE Ce pied est un expert de la broderie. Sa forme ovale l\u00e9g\u00e8rement incurv\u00e9e facilite le mouvement de piq\u00fbre. Le point form\u00e9 est stable et net.<\/p>\n","protected":false},"featured_media":1069,"comment_status":"open","ping_status":"closed","template":"","meta":{"om_disable_all_campaigns":false,"_monsterinsights_skip_tracking":false,"_monsterinsights_sitenote_active":false,"_monsterinsights_sitenote_note":"","_monsterinsights_sitenote_category":0,"_uf_show_specific_survey":0,"_uf_disable_surveys":false},"product_brand":[],"product_cat":[42,44,240,156],"product_tag":[],"giftcard-category":[],"class_list":{"0":"post-1068","1":"product","2":"type-product","3":"status-publish","4":"has-post-thumbnail","6":"product_cat-accesoires","7":"product_cat-machine-a-coudre","8":"product_cat-pieds-presseurs","9":"product_cat-pieds-broderie","10":"pa_marque-bernette","12":"first","13":"instock","14":"sale","15":"shipping-taxable","16":"purchasable","17":"product-type-simple"},"aioseo_notices":[],"jetpack_sharing_enabled":true,"_links":{"self":[{"href":"https:\/\/berninabrussels.be\/index.php?rest_route=\/wp\/v2\/product\/1068","targetHints":{"allow":["GET"]}}],"collection":[{"href":"https:\/\/berninabrussels.be\/index.php?rest_route=\/wp\/v2\/product"}],"about":[{"href":"https:\/\/berninabrussels.be\/index.php?rest_route=\/wp\/v2\/types\/product"}],"replies":[{"embeddable":true,"href":"https:\/\/berninabrussels.be\/index.php?rest_route=%2Fwp%2Fv2%2Fcomments&post=1068"}],"wp:featuredmedia":[{"embeddable":true,"href":"https:\/\/berninabrussels.be\/index.php?rest_route=\/wp\/v2\/media\/1069"}],"wp:attachment":[{"href":"https:\/\/berninabrussels.be\/index.php?rest_route=%2Fwp%2Fv2%2Fmedia&parent=1068"}],"wp:term":[{"taxonomy":"product_brand","embeddable":true,"href":"https:\/\/berninabrussels.be\/index.php?rest_route=%2Fwp%2Fv2%2Fproduct_brand&post=1068"},{"taxonomy":"product_cat","embeddable":true,"href":"https:\/\/berninabrussels.be\/index.php?rest_route=%2Fwp%2Fv2%2Fproduct_cat&post=1068"},{"taxonomy":"product_tag","embeddable":true,"href":"https:\/\/berninabrussels.be\/index.php?rest_route=%2Fwp%2Fv2%2Fproduct_tag&post=1068"},{"taxonomy":"giftcard-category","embeddable":true,"href":"https:\/\/berninabrussels.be\/index.php?rest_route=%2Fwp%2Fv2%2Fgiftcard-category&post=1068"}],"curies":[{"name":"wp","href":"https:\/\/api.w.org\/{rel}","templated":true}]}}