{"id":10663,"date":"2026-03-31T12:44:09","date_gmt":"2026-03-31T10:44:09","guid":{"rendered":"https:\/\/berninabrussels.be\/?post_type=product&#038;p=10663"},"modified":"2026-03-31T12:44:10","modified_gmt":"2026-03-31T10:44:10","slug":"jack-7h-c-piqueuse-industrielle-double-entrainement","status":"publish","type":"product","link":"https:\/\/berninabrussels.be\/?product=jack-7h-c-piqueuse-industrielle-double-entrainement","title":{"rendered":"Jack 7H-C piqueuse industrielle double entrainement"},"content":{"rendered":"<h3 data-section-id=\"179bjr4\" data-start=\"94\" data-end=\"115\"><span role=\"text\"><strong data-start=\"98\" data-end=\"113\">DESCRIPTION<\/strong><\/span><\/h3>\n<p data-start=\"116\" data-end=\"270\">Jack H7. Machine \u00e0 point nou\u00e9 avec <strong data-start=\"151\" data-end=\"174\">transport sup\u00e9rieur<\/strong>, id\u00e9ale pour coudre des mat\u00e9riaux lourds tels que sacs, coussins, gants en cuir ou fauteuils.<\/p>\n<p data-start=\"272\" data-end=\"379\">Gr\u00e2ce \u00e0 son <strong data-start=\"284\" data-end=\"310\">moteur int\u00e9gr\u00e9 de 750W<\/strong>, elle permet de perforer facilement plus de <strong data-start=\"355\" data-end=\"376\">8 couches de cuir<\/strong>.<\/p>\n<p data-start=\"381\" data-end=\"516\">Elle est \u00e9galement \u00e9quip\u00e9e de <strong data-start=\"411\" data-end=\"432\">moteurs pas \u00e0 pas<\/strong> permettant de r\u00e9aliser des <strong data-start=\"460\" data-end=\"481\">points d\u00e9coratifs<\/strong> et diff\u00e9rents motifs de couture.<\/p>\n<p data-start=\"518\" data-end=\"634\">La <strong data-start=\"521\" data-end=\"550\">fonction de point d\u2019arr\u00eat<\/strong> est silencieuse, plus pr\u00e9cise et plus rapide, et peut \u00eatre activ\u00e9e via un bouton.<\/p>\n<p data-start=\"636\" data-end=\"804\">La <strong data-start=\"639\" data-end=\"660\">longueur de point<\/strong> est r\u00e9glable depuis un panneau de commande de derni\u00e8re g\u00e9n\u00e9ration, et un bouton suppl\u00e9mentaire permet d\u2019activer rapidement le <strong data-start=\"787\" data-end=\"801\">demi-point<\/strong>.<\/p>\n<p data-start=\"806\" data-end=\"922\">Le <strong data-start=\"809\" data-end=\"850\">relevage du pied presseur est digital<\/strong>, avec <strong data-start=\"857\" data-end=\"885\">genouill\u00e8re \u00e9lectronique<\/strong> pour des micro-rel\u00e8vements pr\u00e9cis.<\/p>\n<p data-start=\"924\" data-end=\"1079\">La <strong data-start=\"927\" data-end=\"956\">fonction de point d\u2019arr\u00eat<\/strong> ainsi que le <strong data-start=\"970\" data-end=\"1001\">coupe-fil avec coupe courte<\/strong> et le <strong data-start=\"1008\" data-end=\"1057\">point de renforcement au d\u00e9but et\/ou \u00e0 la fin<\/strong> sont inclus de s\u00e9rie.<\/p>\n<hr data-start=\"1081\" data-end=\"1084\" \/>\n<h3 data-section-id=\"6r00su\" data-start=\"1086\" data-end=\"1110\"><span role=\"text\"><strong data-start=\"1090\" data-end=\"1110\">CARACT\u00c9RISTIQUES<\/strong><\/span><\/h3>\n<ul data-start=\"1111\" data-end=\"1409\">\n<li data-section-id=\"1xes6jx\" data-start=\"1111\" data-end=\"1134\">Transport sup\u00e9rieur<\/li>\n<li data-section-id=\"1stkzfn\" data-start=\"1135\" data-end=\"1171\">Point d\u2019arr\u00eat digital silencieux<\/li>\n<li data-section-id=\"19q7wx3\" data-start=\"1172\" data-end=\"1202\">Longueur de point digitale<\/li>\n<li data-section-id=\"63ljq9\" data-start=\"1203\" data-end=\"1224\">Bouton demi-point<\/li>\n<li data-section-id=\"1902up8\" data-start=\"1225\" data-end=\"1246\">Motifs de couture<\/li>\n<li data-section-id=\"1540fm5\" data-start=\"1247\" data-end=\"1278\">Coupe-fil avec coupe courte<\/li>\n<li data-section-id=\"p2sqhh\" data-start=\"1279\" data-end=\"1316\">Relevage du pied presseur digital<\/li>\n<li data-section-id=\"z8gxs4\" data-start=\"1317\" data-end=\"1345\">Genouill\u00e8re \u00e9lectronique<\/li>\n<li data-section-id=\"13f51zz\" data-start=\"1346\" data-end=\"1369\">Moteur int\u00e9gr\u00e9 750W<\/li>\n<li data-section-id=\"cnpfpp\" data-start=\"1370\" data-end=\"1409\">Course altern\u00e9e des pieds augment\u00e9e<\/li>\n<\/ul>\n<hr data-start=\"1411\" data-end=\"1414\" \/>\n<h3 data-section-id=\"1yic6a3\" data-start=\"1416\" data-end=\"1449\"><span role=\"text\"><strong data-start=\"1420\" data-end=\"1449\">SP\u00c9CIFICATIONS TECHNIQUES<\/strong><\/span><\/h3>\n<ul data-start=\"1451\" data-end=\"1668\">\n<li data-section-id=\"17ipf5w\" data-start=\"1451\" data-end=\"1472\"><strong data-start=\"1453\" data-end=\"1465\">Mod\u00e8le :<\/strong> H7-C<\/li>\n<li data-section-id=\"e0n0f5\" data-start=\"1473\" data-end=\"1518\"><strong data-start=\"1475\" data-end=\"1499\">Type d\u2019utilisation :<\/strong> Mat\u00e9riaux lourds<\/li>\n<li data-section-id=\"bpsnk3\" data-start=\"1519\" data-end=\"1552\"><strong data-start=\"1521\" data-end=\"1544\">Longueur de point :<\/strong> 10 mm<\/li>\n<li data-section-id=\"n6dmqt\" data-start=\"1553\" data-end=\"1583\"><strong data-start=\"1555\" data-end=\"1566\">Poids :<\/strong> 40,6 \u2013 47,8 kg<\/li>\n<li data-section-id=\"kpuld7\" data-start=\"1584\" data-end=\"1623\"><strong data-start=\"1586\" data-end=\"1608\">Vitesse maximale :<\/strong> 2.500 tr\/min<\/li>\n<li data-section-id=\"11k7phz\" data-start=\"1624\" data-end=\"1668\"><strong data-start=\"1626\" data-end=\"1656\">Hauteur du pied presseur :<\/strong> 7 \u2013 16 mm<\/li>\n<\/ul>\n","protected":false},"excerpt":{"rendered":"<h3 data-section-id=\"6r00su\" data-start=\"1086\" data-end=\"1110\">(livraison Bruxelles et environ)<\/h3>\n<h3 data-section-id=\"6r00su\" data-start=\"1086\" data-end=\"1110\"><span role=\"text\"><strong data-start=\"1090\" data-end=\"1110\">CARACT\u00c9RISTIQUES<\/strong><\/span><\/h3>\n<ul data-start=\"1111\" data-end=\"1409\">\n<li data-section-id=\"1xes6jx\" data-start=\"1111\" data-end=\"1134\">Transport sup\u00e9rieur<\/li>\n<li data-section-id=\"1stkzfn\" data-start=\"1135\" data-end=\"1171\">Point d\u2019arr\u00eat digital silencieux<\/li>\n<li data-section-id=\"19q7wx3\" data-start=\"1172\" data-end=\"1202\">Longueur de point digitale<\/li>\n<li data-section-id=\"63ljq9\" data-start=\"1203\" data-end=\"1224\">Bouton demi-point<\/li>\n<li data-section-id=\"1902up8\" data-start=\"1225\" data-end=\"1246\">Motifs de couture<\/li>\n<li data-section-id=\"1540fm5\" data-start=\"1247\" data-end=\"1278\">Coupe-fil avec coupe courte<\/li>\n<li data-section-id=\"p2sqhh\" data-start=\"1279\" data-end=\"1316\">Relevage du pied presseur digital<\/li>\n<li data-section-id=\"z8gxs4\" data-start=\"1317\" data-end=\"1345\">Genouill\u00e8re \u00e9lectronique<\/li>\n<li data-section-id=\"13f51zz\" data-start=\"1346\" data-end=\"1369\">Moteur int\u00e9gr\u00e9 750W<\/li>\n<li data-section-id=\"cnpfpp\" data-start=\"1370\" data-end=\"1409\">Course altern\u00e9e des pieds augment\u00e9e<\/li>\n<li data-section-id=\"cnpfpp\" data-start=\"1370\" data-end=\"1409\">mont\u00e9e sur b\u00e2ti europ\u00e9en renforc\u00e9<\/li>\n<\/ul>\n","protected":false},"featured_media":10670,"comment_status":"open","ping_status":"closed","template":"","meta":{"om_disable_all_campaigns":false,"_monsterinsights_skip_tracking":false,"_monsterinsights_sitenote_active":false,"_monsterinsights_sitenote_note":"","_monsterinsights_sitenote_category":0,"_uf_show_specific_survey":0,"_uf_disable_surveys":false},"product_brand":[],"product_cat":[32,67],"product_tag":[],"giftcard-category":[],"class_list":{"0":"post-10663","1":"product","2":"type-product","3":"status-publish","4":"has-post-thumbnail","6":"product_cat-machines-professionnelles","7":"product_cat-piqueuse-industrielle","9":"first","10":"instock","11":"shipping-taxable","12":"purchasable","13":"product-type-simple"},"aioseo_notices":[],"jetpack_sharing_enabled":true,"_links":{"self":[{"href":"https:\/\/berninabrussels.be\/index.php?rest_route=\/wp\/v2\/product\/10663","targetHints":{"allow":["GET"]}}],"collection":[{"href":"https:\/\/berninabrussels.be\/index.php?rest_route=\/wp\/v2\/product"}],"about":[{"href":"https:\/\/berninabrussels.be\/index.php?rest_route=\/wp\/v2\/types\/product"}],"replies":[{"embeddable":true,"href":"https:\/\/berninabrussels.be\/index.php?rest_route=%2Fwp%2Fv2%2Fcomments&post=10663"}],"wp:featuredmedia":[{"embeddable":true,"href":"https:\/\/berninabrussels.be\/index.php?rest_route=\/wp\/v2\/media\/10670"}],"wp:attachment":[{"href":"https:\/\/berninabrussels.be\/index.php?rest_route=%2Fwp%2Fv2%2Fmedia&parent=10663"}],"wp:term":[{"taxonomy":"product_brand","embeddable":true,"href":"https:\/\/berninabrussels.be\/index.php?rest_route=%2Fwp%2Fv2%2Fproduct_brand&post=10663"},{"taxonomy":"product_cat","embeddable":true,"href":"https:\/\/berninabrussels.be\/index.php?rest_route=%2Fwp%2Fv2%2Fproduct_cat&post=10663"},{"taxonomy":"product_tag","embeddable":true,"href":"https:\/\/berninabrussels.be\/index.php?rest_route=%2Fwp%2Fv2%2Fproduct_tag&post=10663"},{"taxonomy":"giftcard-category","embeddable":true,"href":"https:\/\/berninabrussels.be\/index.php?rest_route=%2Fwp%2Fv2%2Fgiftcard-category&post=10663"}],"curies":[{"name":"wp","href":"https:\/\/api.w.org\/{rel}","templated":true}]}}