{"id":1066,"date":"2023-05-09T17:10:36","date_gmt":"2023-05-09T15:10:36","guid":{"rendered":"https:\/\/berninabrussels.be\/?post_type=product&#038;p=1066"},"modified":"2023-05-09T20:43:26","modified_gmt":"2023-05-09T18:43:26","slug":"outil-cutwork-bernette","status":"publish","type":"product","link":"https:\/\/berninabrussels.be\/?product=outil-cutwork-bernette","title":{"rendered":"Outil Cutwork Bernette"},"content":{"rendered":"<h3>Outil Cutwork BERNINA<\/h3>\n<p>L&rsquo;outil CutWork est plac\u00e9 sur la machine \u00e0 broder \u00e0 Bernette au lieu de l&rsquo;aiguille &#8211; il s&rsquo;agit d&rsquo;une petite lame qui peut ensuite \u00eatre tourn\u00e9e dans quatre directions diff\u00e9rentes pour couper dans le sens souhait\u00e9.<br \/>\n\u00c0 l&rsquo;aide de l&rsquo;unit\u00e9 de broderie et de l&rsquo;outil CutWork, votre machine \u00e0 bernette d\u00e9coupe votre motif en un clin d&rsquo;\u0153il. L&rsquo;outil permet de d\u00e9couper jusqu&rsquo;\u00e0 15 couches en m\u00eame temps &#8211; selon le type de tissu.<\/p>\n<p>Pour r\u00e9ussir votre d\u00e9marrage, tout ce dont vous avez besoin en dehors de l&rsquo;outil CutWork est le logiciel CutWork et le code CutWork disponible s\u00e9par\u00e9ment pour activer votre logiciel.<\/p>\n<p>Le logiciel CutWork de BERNINA et l&rsquo;outil correspondant sont compatibles avec la Bernette Chicago 7 (\u00e0 partir de V 1.62), et les Deco 340 (\u00e0 partir de V 1.1) et Deco 340plus.<\/p>\n","protected":false},"excerpt":{"rendered":"<p>Outil Cutwork BERNINA L&rsquo;outil CutWork est plac\u00e9 sur la machine \u00e0 broder \u00e0 Bernette au lieu de l&rsquo;aiguille &#8211; il s&rsquo;agit d&rsquo;une petite lame qui peut ensuite \u00eatre tourn\u00e9e dans quatre directions diff\u00e9rentes pour couper dans le sens souhait\u00e9. \u00c0 l&rsquo;aide de l&rsquo;unit\u00e9 de broderie et de l&rsquo;outil CutWork, votre machine \u00e0 bernette d\u00e9coupe votre&hellip;<\/p>\n","protected":false},"featured_media":1067,"comment_status":"open","ping_status":"closed","template":"","meta":{"om_disable_all_campaigns":false,"_monsterinsights_skip_tracking":false,"_monsterinsights_sitenote_active":false,"_monsterinsights_sitenote_note":"","_monsterinsights_sitenote_category":0,"_uf_show_specific_survey":0,"_uf_disable_surveys":false},"product_brand":[],"product_cat":[204],"product_tag":[],"giftcard-category":[],"class_list":{"0":"post-1066","1":"product","2":"type-product","3":"status-publish","4":"has-post-thumbnail","6":"product_cat-cutwork","7":"pa_marque-bernette","9":"first","10":"instock","11":"sale","12":"shipping-taxable","13":"purchasable","14":"product-type-simple"},"aioseo_notices":[],"jetpack_sharing_enabled":true,"_links":{"self":[{"href":"https:\/\/berninabrussels.be\/index.php?rest_route=\/wp\/v2\/product\/1066","targetHints":{"allow":["GET"]}}],"collection":[{"href":"https:\/\/berninabrussels.be\/index.php?rest_route=\/wp\/v2\/product"}],"about":[{"href":"https:\/\/berninabrussels.be\/index.php?rest_route=\/wp\/v2\/types\/product"}],"replies":[{"embeddable":true,"href":"https:\/\/berninabrussels.be\/index.php?rest_route=%2Fwp%2Fv2%2Fcomments&post=1066"}],"wp:featuredmedia":[{"embeddable":true,"href":"https:\/\/berninabrussels.be\/index.php?rest_route=\/wp\/v2\/media\/1067"}],"wp:attachment":[{"href":"https:\/\/berninabrussels.be\/index.php?rest_route=%2Fwp%2Fv2%2Fmedia&parent=1066"}],"wp:term":[{"taxonomy":"product_brand","embeddable":true,"href":"https:\/\/berninabrussels.be\/index.php?rest_route=%2Fwp%2Fv2%2Fproduct_brand&post=1066"},{"taxonomy":"product_cat","embeddable":true,"href":"https:\/\/berninabrussels.be\/index.php?rest_route=%2Fwp%2Fv2%2Fproduct_cat&post=1066"},{"taxonomy":"product_tag","embeddable":true,"href":"https:\/\/berninabrussels.be\/index.php?rest_route=%2Fwp%2Fv2%2Fproduct_tag&post=1066"},{"taxonomy":"giftcard-category","embeddable":true,"href":"https:\/\/berninabrussels.be\/index.php?rest_route=%2Fwp%2Fv2%2Fgiftcard-category&post=1066"}],"curies":[{"name":"wp","href":"https:\/\/api.w.org\/{rel}","templated":true}]}}