{"id":10638,"date":"2026-02-14T13:00:00","date_gmt":"2026-02-14T12:00:00","guid":{"rendered":"https:\/\/berninabrussels.be\/?post_type=product&#038;p=10638"},"modified":"2026-02-14T13:00:00","modified_gmt":"2026-02-14T12:00:00","slug":"singer-machine-a-coudre-heavy-duty-hd-4411","status":"publish","type":"product","link":"https:\/\/berninabrussels.be\/?product=singer-machine-a-coudre-heavy-duty-hd-4411","title":{"rendered":"SINGER Machine \u00e0 coudre Heavy Duty (HD 4411)"},"content":{"rendered":"<p><strong>Contenu de la livraison:<\/strong><\/p>\n<p>&#8211; 1x Singer Heavy Duty 4411 machine \u00e0 coudre m\u00e9canique<\/p>\n<p><strong>Description du produit:<\/strong><\/p>\n<p>La fonction boutonni\u00e8re en 4 \u00e9tapes vous permet de coudre de mani\u00e8re professionnelle des boutonni\u00e8res parfaites de diff\u00e9rentes tailles. Vous pouvez \u00e9galement coudre avec une aiguille double pour cr\u00e9er d&rsquo;impressionnants points d\u00e9coratifs. La fonction d&rsquo;inversion vous permet d&rsquo;inverser facilement le sens de la couture afin de s\u00e9curiser le d\u00e9but et la fin de vos points. L&rsquo;aiguille peut \u00eatre r\u00e9gl\u00e9e sur trois positions diff\u00e9rentes pour vous offrir plus de flexibilit\u00e9 lors de la couture. La pression de couture peut \u00e9galement \u00eatre r\u00e9gl\u00e9e afin d&rsquo;adapter la machine \u00e0 coudre au tissu et d&rsquo;obtenir un r\u00e9sultat optimal. Le r\u00e9glage continu de la longueur de point vous permet d&rsquo;adapter la longueur de couture de 4 \u00e0 4,5 mm, tandis que la largeur de point peut \u00eatre r\u00e9gl\u00e9e de 4,6 \u00e0 5,0 mm. De cette fa\u00e7on, vous pouvez coudre des points \u00e9troits et larges. La machine \u00e0 coudre dispose d&rsquo;un bras libre pratique, id\u00e9al pour coudre des pi\u00e8ces rondes ou cylindriques telles que des manches ou des jambes de pantalon. Le tendeur de fil compact vous permet \u00e9galement de r\u00e9gler le fil facilement et avec pr\u00e9cision. Le Nh-Nhfu peut \u00eatre r\u00e9gl\u00e9 individuellement afin d&rsquo;exercer la pression id\u00e9ale sur le tissu. Le syst\u00e8me d&rsquo;encliquetage permet en outre un changement simple et rapide pour r\u00e9aliser diff\u00e9rents projets de couture. Le d\u00e9vidage automatique de la canette facilite l&rsquo;insertion de la canette inf\u00e9rieure. Le porte-bobine horizontal assure un passage r\u00e9gulier du fil et \u00e9vite qu&rsquo;il ne s&#8217;emm\u00eale. La poign\u00e9e permet de transporter et de manipuler la machine \u00e0 coudre facilement et confortablement. Cette machine \u00e0 coudre est le choix parfait pour les d\u00e9butants et les utilisateurs avanc\u00e9s qui recherchent des fonctions, une polyvalence et une facilit\u00e9 d&rsquo;utilisation.<\/p>\n<p><strong>Caract\u00e9ristiques techniques:<\/strong><\/p>\n<p>M\u00e9canisme de gestion : 7 vitesses<br \/>\nPoints de surjet : Oui<br \/>\nNombre de types de boutonni\u00e8res : 6<br \/>\nNombre de programmes : 10<br \/>\nR\u00e9glage de la longueur des points : jusqu&rsquo;\u00e0 4 mm<br \/>\nR\u00e9glage de la largeur des points : jusqu&rsquo;\u00e0 5 mm<br \/>\nTaille de l&#8217;emballage LxHxL (cm) : 23 x 35 x 46<br \/>\nBlocage rapide du fuseau : oui<br \/>\nType de crochet : rotation<br \/>\nType de boutonni\u00e8re : 4 \u00e9tapes<br \/>\nType d&rsquo;\u00e9clairage : LED \u00e0 1 point<br \/>\nPoids de la machine (kg) : 6.7<br \/>\nBras libre : Oui<br \/>\nDistance entre l&rsquo;aiguille et le cadre (cm) : 16<br \/>\nEnrouleur de canette incorpor\u00e9 : Oui<br \/>\nGarantie (ans) : 2<br \/>\nEnfileur automatique de fil sup\u00e9rieur : Oui<br \/>\nVitesse maximale de couture (points \/ min) : 750<br \/>\nR\u00e9glage de la tension du fil sup\u00e9rieur : Oui<br \/>\nCommande de la machine : m\u00e9canique<br \/>\nNombre de Fe : 4<br \/>\nConsommation \u00e9lectrique (W) : 90<br \/>\nTaille de la machine LxHxB (cm) : 17 x 31 x 40<br \/>\nCoudre avec une 2-aiguille : Oui<br \/>\nType d&rsquo;aiguille : 130 \/ 705H (2020, 2045)<br \/>\nType de bo\u00eetier : textile doux<br \/>\nType de p\u00e9dale : \u00e9lectronique<\/p>\n","protected":false},"excerpt":{"rendered":"<p>Contenu de la livraison: &#8211; 1x Singer Heavy Duty 4411 machine \u00e0 coudre m\u00e9canique Description du produit: La fonction boutonni\u00e8re en 4 \u00e9tapes vous permet de coudre de mani\u00e8re professionnelle des boutonni\u00e8res parfaites de diff\u00e9rentes tailles. Vous pouvez \u00e9galement coudre avec une aiguille double pour cr\u00e9er d&rsquo;impressionnants points d\u00e9coratifs. La fonction d&rsquo;inversion vous permet d&rsquo;inverser&hellip;<\/p>\n","protected":false},"featured_media":10640,"comment_status":"open","ping_status":"closed","template":"","meta":{"om_disable_all_campaigns":false,"_monsterinsights_skip_tracking":false,"_monsterinsights_sitenote_active":false,"_monsterinsights_sitenote_note":"","_monsterinsights_sitenote_category":0,"_uf_show_specific_survey":0,"_uf_disable_surveys":false},"product_brand":[],"product_cat":[29,16,41],"product_tag":[],"giftcard-category":[],"class_list":{"0":"post-10638","1":"product","2":"type-product","3":"status-publish","4":"has-post-thumbnail","6":"product_cat-machines","7":"product_cat-machines-menageres","8":"product_cat-mecanique","10":"first","11":"instock","12":"sale","13":"shipping-taxable","14":"purchasable","15":"product-type-simple"},"aioseo_notices":[],"jetpack_sharing_enabled":true,"_links":{"self":[{"href":"https:\/\/berninabrussels.be\/index.php?rest_route=\/wp\/v2\/product\/10638","targetHints":{"allow":["GET"]}}],"collection":[{"href":"https:\/\/berninabrussels.be\/index.php?rest_route=\/wp\/v2\/product"}],"about":[{"href":"https:\/\/berninabrussels.be\/index.php?rest_route=\/wp\/v2\/types\/product"}],"replies":[{"embeddable":true,"href":"https:\/\/berninabrussels.be\/index.php?rest_route=%2Fwp%2Fv2%2Fcomments&post=10638"}],"wp:featuredmedia":[{"embeddable":true,"href":"https:\/\/berninabrussels.be\/index.php?rest_route=\/wp\/v2\/media\/10640"}],"wp:attachment":[{"href":"https:\/\/berninabrussels.be\/index.php?rest_route=%2Fwp%2Fv2%2Fmedia&parent=10638"}],"wp:term":[{"taxonomy":"product_brand","embeddable":true,"href":"https:\/\/berninabrussels.be\/index.php?rest_route=%2Fwp%2Fv2%2Fproduct_brand&post=10638"},{"taxonomy":"product_cat","embeddable":true,"href":"https:\/\/berninabrussels.be\/index.php?rest_route=%2Fwp%2Fv2%2Fproduct_cat&post=10638"},{"taxonomy":"product_tag","embeddable":true,"href":"https:\/\/berninabrussels.be\/index.php?rest_route=%2Fwp%2Fv2%2Fproduct_tag&post=10638"},{"taxonomy":"giftcard-category","embeddable":true,"href":"https:\/\/berninabrussels.be\/index.php?rest_route=%2Fwp%2Fv2%2Fgiftcard-category&post=10638"}],"curies":[{"name":"wp","href":"https:\/\/api.w.org\/{rel}","templated":true}]}}