{"id":1063,"date":"2023-05-09T17:08:51","date_gmt":"2023-05-09T15:08:51","guid":{"rendered":"https:\/\/berninabrussels.be\/?post_type=product&#038;p=1063"},"modified":"2023-05-09T20:43:30","modified_gmt":"2023-05-09T18:43:30","slug":"pied-pour-fermeture-glissiere-jb-b77-b79","status":"publish","type":"product","link":"https:\/\/berninabrussels.be\/?product=pied-pour-fermeture-glissiere-jb-b77-b79","title":{"rendered":"Pied pour fermeture glissi\u00e8re \u00ab\u00a0JB\u00a0\u00bb b77\/b79"},"content":{"rendered":"<h3>Pied pour fermeture \u00e0 glissi\u00e8re pour l&rsquo;entra\u00eenement biface BERNETTE<\/h3>\n<div class=\"container\">\n<div class=\"row irow-xs cards\">\n<div class=\"col-sm-6\">\n<p>Sa forme \u00e9troite permet de coudre facilement tous types de zips. Le tissu est entra\u00een\u00e9 de fa\u00e7on uniforme. Vous pouvez piquer au ras des dents. Le pied pour fermeture \u00e0 glissi\u00e8re pour l&rsquo;entra\u00eenement biface int\u00e8gre une petite rainure sur la partie arri\u00e8re du pied-de-biche pour activer l&rsquo;entra\u00eenement biface int\u00e9gr\u00e9. Ceci permet l&rsquo;entra\u00eenement uniforme de plusieurs couches de tissus et de mati\u00e8res \u00abcollantes\u00bb, par exemple le cuir et le plastique.<\/p>\n<\/div>\n<\/div>\n<\/div>\n","protected":false},"excerpt":{"rendered":"<p>Pied pour fermeture \u00e0 glissi\u00e8re pour l&rsquo;entra\u00eenement biface BERNETTE Sa forme \u00e9troite permet de coudre facilement tous types de zips. Le tissu est entra\u00een\u00e9 de fa\u00e7on uniforme. Vous pouvez piquer au ras des dents. Le pied pour fermeture \u00e0 glissi\u00e8re pour l&rsquo;entra\u00eenement biface int\u00e8gre une petite rainure sur la partie arri\u00e8re du pied-de-biche pour activer&hellip;<\/p>\n","protected":false},"featured_media":1064,"comment_status":"open","ping_status":"closed","template":"","meta":{"om_disable_all_campaigns":false,"_monsterinsights_skip_tracking":false,"_monsterinsights_sitenote_active":false,"_monsterinsights_sitenote_note":"","_monsterinsights_sitenote_category":0,"_uf_show_specific_survey":0,"_uf_disable_surveys":false},"product_brand":[],"product_cat":[42,44,240,191],"product_tag":[],"giftcard-category":[],"class_list":{"0":"post-1063","1":"product","2":"type-product","3":"status-publish","4":"has-post-thumbnail","6":"product_cat-accesoires","7":"product_cat-machine-a-coudre","8":"product_cat-pieds-presseurs","9":"product_cat-pied-fermeture-a-glissiere","10":"pa_marque-bernette","12":"first","13":"instock","14":"sale","15":"shipping-taxable","16":"purchasable","17":"product-type-simple"},"aioseo_notices":[],"jetpack_sharing_enabled":true,"_links":{"self":[{"href":"https:\/\/berninabrussels.be\/index.php?rest_route=\/wp\/v2\/product\/1063","targetHints":{"allow":["GET"]}}],"collection":[{"href":"https:\/\/berninabrussels.be\/index.php?rest_route=\/wp\/v2\/product"}],"about":[{"href":"https:\/\/berninabrussels.be\/index.php?rest_route=\/wp\/v2\/types\/product"}],"replies":[{"embeddable":true,"href":"https:\/\/berninabrussels.be\/index.php?rest_route=%2Fwp%2Fv2%2Fcomments&post=1063"}],"wp:featuredmedia":[{"embeddable":true,"href":"https:\/\/berninabrussels.be\/index.php?rest_route=\/wp\/v2\/media\/1064"}],"wp:attachment":[{"href":"https:\/\/berninabrussels.be\/index.php?rest_route=%2Fwp%2Fv2%2Fmedia&parent=1063"}],"wp:term":[{"taxonomy":"product_brand","embeddable":true,"href":"https:\/\/berninabrussels.be\/index.php?rest_route=%2Fwp%2Fv2%2Fproduct_brand&post=1063"},{"taxonomy":"product_cat","embeddable":true,"href":"https:\/\/berninabrussels.be\/index.php?rest_route=%2Fwp%2Fv2%2Fproduct_cat&post=1063"},{"taxonomy":"product_tag","embeddable":true,"href":"https:\/\/berninabrussels.be\/index.php?rest_route=%2Fwp%2Fv2%2Fproduct_tag&post=1063"},{"taxonomy":"giftcard-category","embeddable":true,"href":"https:\/\/berninabrussels.be\/index.php?rest_route=%2Fwp%2Fv2%2Fgiftcard-category&post=1063"}],"curies":[{"name":"wp","href":"https:\/\/api.w.org\/{rel}","templated":true}]}}