{"id":10621,"date":"2026-01-17T20:24:40","date_gmt":"2026-01-17T19:24:40","guid":{"rendered":"https:\/\/berninabrussels.be\/?post_type=product&#038;p=10621"},"modified":"2026-01-17T20:26:00","modified_gmt":"2026-01-17T19:26:00","slug":"pedale-rheostat-standard-electronique-demeyere","status":"publish","type":"product","link":"https:\/\/berninabrussels.be\/?product=pedale-rheostat-standard-electronique-demeyere","title":{"rendered":"PEDALE RHEOSTAT STANDARD ELECTRONIQUE Demeyere"},"content":{"rendered":"","protected":false},"excerpt":{"rendered":"<p>RH\u00c9OSTAT ERGONOMIQUE NOUVELLE G\u00c9N\u00c9RATION, BREVET\u00c9, ROBUSTE, AU DESIGN SOIGN\u00c9<br \/>\nVARIATION VITESSE EXTREMEMENT SOUPLE, SYSTEME DE CONNEXION EXTERNE (PAS BESOIN D&rsquo;OUVRIR LA PEDALE)<br \/>\nSYSTEME D&rsquo;\u00c9CLAIRAGE INCORPOR\u00c9, ANTID\u00c9RAPANT<br \/>\nPERMET DE REMPLACER LA PLUPART DES ANCIENS RH\u00c9OSTATS<br \/>\nSON SYSTEME DE CONNECTIQUE UNIQUE PERMET D&rsquo;UTILISER UNE SEULE P\u00c9DALE POUR PLUSIEURS MACHINES<br \/>\nDECORATION PERSONNALISABLE<br \/>\nCONNECTEUR REF 5310200 POUR CORDON 2 FILS INCLUS<br \/>\nCOQUES EN POLYURETANE (EXTR\u00caMEMENT RESISTANT)<br \/>\nPAS DE SURCHAUFFE LORS DE L&rsquo;UTILISATION, M\u00caME SUR ANCIENNES BERNINA &amp; ELNA<\/p>\n","protected":false},"featured_media":10627,"comment_status":"open","ping_status":"closed","template":"","meta":{"om_disable_all_campaigns":false,"_monsterinsights_skip_tracking":false,"_monsterinsights_sitenote_active":false,"_monsterinsights_sitenote_note":"","_monsterinsights_sitenote_category":0,"_uf_show_specific_survey":0,"_uf_disable_surveys":false},"product_brand":[],"product_cat":[267],"product_tag":[],"giftcard-category":[],"class_list":{"0":"post-10621","1":"product","2":"type-product","3":"status-publish","4":"has-post-thumbnail","6":"product_cat-pedale-rehostat","8":"first","9":"instock","10":"shipping-taxable","11":"purchasable","12":"product-type-simple"},"aioseo_notices":[],"jetpack_sharing_enabled":true,"_links":{"self":[{"href":"https:\/\/berninabrussels.be\/index.php?rest_route=\/wp\/v2\/product\/10621","targetHints":{"allow":["GET"]}}],"collection":[{"href":"https:\/\/berninabrussels.be\/index.php?rest_route=\/wp\/v2\/product"}],"about":[{"href":"https:\/\/berninabrussels.be\/index.php?rest_route=\/wp\/v2\/types\/product"}],"replies":[{"embeddable":true,"href":"https:\/\/berninabrussels.be\/index.php?rest_route=%2Fwp%2Fv2%2Fcomments&post=10621"}],"wp:featuredmedia":[{"embeddable":true,"href":"https:\/\/berninabrussels.be\/index.php?rest_route=\/wp\/v2\/media\/10627"}],"wp:attachment":[{"href":"https:\/\/berninabrussels.be\/index.php?rest_route=%2Fwp%2Fv2%2Fmedia&parent=10621"}],"wp:term":[{"taxonomy":"product_brand","embeddable":true,"href":"https:\/\/berninabrussels.be\/index.php?rest_route=%2Fwp%2Fv2%2Fproduct_brand&post=10621"},{"taxonomy":"product_cat","embeddable":true,"href":"https:\/\/berninabrussels.be\/index.php?rest_route=%2Fwp%2Fv2%2Fproduct_cat&post=10621"},{"taxonomy":"product_tag","embeddable":true,"href":"https:\/\/berninabrussels.be\/index.php?rest_route=%2Fwp%2Fv2%2Fproduct_tag&post=10621"},{"taxonomy":"giftcard-category","embeddable":true,"href":"https:\/\/berninabrussels.be\/index.php?rest_route=%2Fwp%2Fv2%2Fgiftcard-category&post=10621"}],"curies":[{"name":"wp","href":"https:\/\/api.w.org\/{rel}","templated":true}]}}