{"id":10619,"date":"2026-01-17T20:19:16","date_gmt":"2026-01-17T19:19:16","guid":{"rendered":"https:\/\/berninabrussels.be\/?post_type=product&#038;p=10619"},"modified":"2026-01-17T20:19:16","modified_gmt":"2026-01-17T19:19:16","slug":"pedale-rheostat-complete-2","status":"publish","type":"product","link":"https:\/\/berninabrussels.be\/?product=pedale-rheostat-complete-2","title":{"rendered":"P\u00e9dale, rh\u00e9ostat compl\u00e8te"},"content":{"rendered":"","protected":false},"excerpt":{"rendered":"<p><b><span style=\"color: #ba213d;\">Cet accessoire ou pi\u00e8ce est compatible avec le(s) produit(s) suivant(s) :<\/span><\/b><\/p>\n<p><b>Pour JUKI :<\/b>\u00a0G110HZL &#8211;\u00a0 G120HZL &#8211; G210HZL &#8211;\u00a0G220HZL<\/p>\n","protected":false},"featured_media":10620,"comment_status":"open","ping_status":"closed","template":"","meta":{"om_disable_all_campaigns":false,"_monsterinsights_skip_tracking":false,"_monsterinsights_sitenote_active":false,"_monsterinsights_sitenote_note":"","_monsterinsights_sitenote_category":0,"_uf_show_specific_survey":0,"_uf_disable_surveys":false},"product_brand":[],"product_cat":[267],"product_tag":[],"giftcard-category":[],"class_list":{"0":"post-10619","1":"product","2":"type-product","3":"status-publish","4":"has-post-thumbnail","6":"product_cat-pedale-rehostat","8":"first","9":"instock","10":"shipping-taxable","11":"purchasable","12":"product-type-simple"},"aioseo_notices":[],"jetpack_sharing_enabled":true,"_links":{"self":[{"href":"https:\/\/berninabrussels.be\/index.php?rest_route=\/wp\/v2\/product\/10619","targetHints":{"allow":["GET"]}}],"collection":[{"href":"https:\/\/berninabrussels.be\/index.php?rest_route=\/wp\/v2\/product"}],"about":[{"href":"https:\/\/berninabrussels.be\/index.php?rest_route=\/wp\/v2\/types\/product"}],"replies":[{"embeddable":true,"href":"https:\/\/berninabrussels.be\/index.php?rest_route=%2Fwp%2Fv2%2Fcomments&post=10619"}],"wp:featuredmedia":[{"embeddable":true,"href":"https:\/\/berninabrussels.be\/index.php?rest_route=\/wp\/v2\/media\/10620"}],"wp:attachment":[{"href":"https:\/\/berninabrussels.be\/index.php?rest_route=%2Fwp%2Fv2%2Fmedia&parent=10619"}],"wp:term":[{"taxonomy":"product_brand","embeddable":true,"href":"https:\/\/berninabrussels.be\/index.php?rest_route=%2Fwp%2Fv2%2Fproduct_brand&post=10619"},{"taxonomy":"product_cat","embeddable":true,"href":"https:\/\/berninabrussels.be\/index.php?rest_route=%2Fwp%2Fv2%2Fproduct_cat&post=10619"},{"taxonomy":"product_tag","embeddable":true,"href":"https:\/\/berninabrussels.be\/index.php?rest_route=%2Fwp%2Fv2%2Fproduct_tag&post=10619"},{"taxonomy":"giftcard-category","embeddable":true,"href":"https:\/\/berninabrussels.be\/index.php?rest_route=%2Fwp%2Fv2%2Fgiftcard-category&post=10619"}],"curies":[{"name":"wp","href":"https:\/\/api.w.org\/{rel}","templated":true}]}}