{"id":10616,"date":"2026-01-17T20:16:05","date_gmt":"2026-01-17T19:16:05","guid":{"rendered":"https:\/\/berninabrussels.be\/?post_type=product&#038;p=10616"},"modified":"2026-01-17T20:16:05","modified_gmt":"2026-01-17T19:16:05","slug":"pedale-rheostat-complete","status":"publish","type":"product","link":"https:\/\/berninabrussels.be\/?product=pedale-rheostat-complete","title":{"rendered":"P\u00e9dale, rh\u00e9ostat compl\u00e8te"},"content":{"rendered":"","protected":false},"excerpt":{"rendered":"<div id=\"ctl00_ContentPlaceHolder1_ctl00_ContentPlaceHolder1_RadAjaxPanelItemInfoPanel\" class=\"RadAjaxPanel\">\n<div id=\"ctl00_ContentPlaceHolder1_RadAjaxPanelItemInfo\" class=\"container\">\n<div class=\"container\">\n<div class=\"tabs tabs-border-highlight\">\n<div class=\"tab-content no-border\">\n<div id=\"description\" class=\"tab-pane fade in active\">\n<div class=\"row irow-sm\">\n<div class=\"col-md-12\">\n<p><b><span style=\"color: #ba213d;\">Cet accessoire ou pi\u00e8ce est compatible avec le(s) produit(s) suivant(s) :<\/span><\/b><\/p>\n<p><b>Pour machine \u00e0 coudre SINGER :\u00a0<\/b>3221 Simple &#8211; 3223 Simple &#8211; 3229 Simple &#8211; 3232 Simple &#8211; 3321 Talent -3323 Talent &#8211; 4411 Heavy Duty &#8211; 4423 Heavy Duty<br \/>\n<b>Pour surjeteuse SINGER :\u00a0<\/b>Elite SE017 &#8211; S0105<\/p>\n<p><b>Pour machine \u00e0 coudre JANOME :\u00a0<\/b>JR1012 &#8211; 2039SN Harmony &#8211; 920 &#8211; 920 90e anniversaire &#8211; Jubilee 60308 &#8211; 405 &#8211; 415 &#8211; 419S &#8211; 423 &#8211; 521 &#8211; 525S sewist &#8211; 625 &#8211; 6021 &#8211; Jubilee 60507 &#8211; 8318 &#8211; 7318 Magnolia &#8211; Jem Gold Plus &#8211; 720 &#8211; 725 &#8211; Easy Jeans &#8211; New my style (Newmystyle) &#8211; FD216 &#8211; FD212 &#8211; FD206 &#8211; Sew Mini Platinum &#8211; 1522RD &#8211; 1522BL &#8211; Sewist 721 &#8211; Sewist 725S<\/p>\n<p><b>Pour surjeteuse JANOME :\u00a0<\/b>990D &#8211; ML644D &#8211; 644D &#8211; ML734D &#8211; 1110DX &#8211; EZY604D &#8211; ML634D &#8211; ML744D\u00a0 &#8211; 8002 &#8211; 8002DX &#8211; DM234 &#8211; 7034D &#8211; ML184D &#8211; ML204D &#8211; H9000D &#8211; H9002D &#8211; H9102D &#8211; ML504D &#8211; ML103 &#8211; ML104 &#8211; ML134D &#8211; ML234 &#8211; ML234D &#8211; ML303 &#8211; ML304 &#8211; EZY304D\u00a0&#8211; ML334 &#8211; ML434D &#8211; MyLock 454D &#8211; ML534 &#8211; ML534D &#8211; Airthread 2000D Professional<\/p>\n<p><b>Pour recouvreuse JANOME :<\/b>\u00a0900CP &#8211; 1000CPX &#8211; CPro1000CP &#8211; 1000CPX Limited edition &#8211; Cover Pro 2000CPX &#8211; Cover Pro 3000P<\/p>\n<p><b>Pour machine \u00e0 coudre ELNA :\u00a0<\/b>2100 &#8211; 2110 &#8211; 2130 &#8211; 2300 &#8211; 3210 &#8211;\u00a0eXplore 220 &#8211; eXplore 240 &#8211; 2002 &#8211; 2003 &#8211; 2004 &#8211; 2005 &#8211; 2006 &#8211; 2007 &#8211; Sew Green &#8211; Sew Fun &#8211; 1000 &#8211; 1000 sew zebra<\/p>\n<p><b>Pour surjeteuse ELNA :\u00a0<\/b>434 &#8211; 444 &#8211; 664 &#8211; 664PRO &#8211; 864 air eXtend<\/p>\n<p><b>Pour machine \u00e0 coudre BERNETTE :\u00a0<\/b>B33 &#8211; B35<\/p>\n<p><b>Pour machine \u00e0 coudre HUSQVARNA :\u00a0<\/b>10E\u00a0&#8211; 20E &#8211; 116 emerald<\/p>\n<p><b>Pour surjeteuse HUSKYLOCK :\u00a0<\/b>S15<\/p>\n<p><b>Pour machine \u00e0 coudre PFAFF :\u00a0<\/b>619 hobby &#8211; 1122 &#8211; 1132 hobby &#8211; 1142 hobby &#8211; 301 &#8211; 303 &#8211; 307 &#8211; 309 &#8211; 317 &#8211; 340 &#8211; 342 &#8211; 350 &#8211; 370 &#8211; 380 &#8211; 382 &#8211; 422 &#8211; 521 &#8211; 541 &#8211; 721 &#8211; 741 hobby &#8211; Smart 100S &#8211; 1020 &#8211; 1022 &#8211; 1030 &#8211; 1032 &#8211; 1040 &#8211; 1042 -1120 &#8211; 1122 &#8211; 1130 &#8211; 1132 &#8211; 1140 &#8211; 1142 &#8211; 4228 &#8211; 4240 &#8211; 4250 &#8211; 4260 &#8211; 4270 hobby<\/p>\n<p><b>Pour surjeteuse PFAFF :\u00a0<\/b>Admire Air 7000 &#8211; Admire Air 5000 &#8211; Hobbylock 4752 &#8211; Hobbylock 2.0 &#8211; 1230OL Element<\/p>\n<\/div>\n<\/div>\n<\/div>\n<\/div>\n<\/div>\n<\/div>\n<\/div>\n<\/div>\n<div class=\"container-wrap\">\n<div class=\"page-header text-center\"><\/div>\n<\/div>\n","protected":false},"featured_media":10617,"comment_status":"open","ping_status":"closed","template":"","meta":{"om_disable_all_campaigns":false,"_monsterinsights_skip_tracking":false,"_monsterinsights_sitenote_active":false,"_monsterinsights_sitenote_note":"","_monsterinsights_sitenote_category":0,"_uf_show_specific_survey":0,"_uf_disable_surveys":false},"product_brand":[],"product_cat":[267],"product_tag":[],"giftcard-category":[],"class_list":{"0":"post-10616","1":"product","2":"type-product","3":"status-publish","4":"has-post-thumbnail","6":"product_cat-pedale-rehostat","8":"first","9":"instock","10":"shipping-taxable","11":"purchasable","12":"product-type-simple"},"aioseo_notices":[],"jetpack_sharing_enabled":true,"_links":{"self":[{"href":"https:\/\/berninabrussels.be\/index.php?rest_route=\/wp\/v2\/product\/10616","targetHints":{"allow":["GET"]}}],"collection":[{"href":"https:\/\/berninabrussels.be\/index.php?rest_route=\/wp\/v2\/product"}],"about":[{"href":"https:\/\/berninabrussels.be\/index.php?rest_route=\/wp\/v2\/types\/product"}],"replies":[{"embeddable":true,"href":"https:\/\/berninabrussels.be\/index.php?rest_route=%2Fwp%2Fv2%2Fcomments&post=10616"}],"wp:featuredmedia":[{"embeddable":true,"href":"https:\/\/berninabrussels.be\/index.php?rest_route=\/wp\/v2\/media\/10617"}],"wp:attachment":[{"href":"https:\/\/berninabrussels.be\/index.php?rest_route=%2Fwp%2Fv2%2Fmedia&parent=10616"}],"wp:term":[{"taxonomy":"product_brand","embeddable":true,"href":"https:\/\/berninabrussels.be\/index.php?rest_route=%2Fwp%2Fv2%2Fproduct_brand&post=10616"},{"taxonomy":"product_cat","embeddable":true,"href":"https:\/\/berninabrussels.be\/index.php?rest_route=%2Fwp%2Fv2%2Fproduct_cat&post=10616"},{"taxonomy":"product_tag","embeddable":true,"href":"https:\/\/berninabrussels.be\/index.php?rest_route=%2Fwp%2Fv2%2Fproduct_tag&post=10616"},{"taxonomy":"giftcard-category","embeddable":true,"href":"https:\/\/berninabrussels.be\/index.php?rest_route=%2Fwp%2Fv2%2Fgiftcard-category&post=10616"}],"curies":[{"name":"wp","href":"https:\/\/api.w.org\/{rel}","templated":true}]}}