{"id":10603,"date":"2026-01-16T20:53:24","date_gmt":"2026-01-16T19:53:24","guid":{"rendered":"https:\/\/berninabrussels.be\/?post_type=product&#038;p=10603"},"modified":"2026-01-16T20:53:24","modified_gmt":"2026-01-16T19:53:24","slug":"pedale-rheostat-complete-avec-cordon-bernina","status":"publish","type":"product","link":"https:\/\/berninabrussels.be\/?product=pedale-rheostat-complete-avec-cordon-bernina","title":{"rendered":"P\u00e9dale, rh\u00e9ostat compl\u00e8te avec cordon Bernina"},"content":{"rendered":"","protected":false},"excerpt":{"rendered":"<h3>P\u00e9dale, rh\u00e9ostat compl\u00e8te avec cordon BERNINA<\/h3>\n<p><b>Article d&rsquo;origine Bernina<\/b><\/p>\n<p>&nbsp;<\/p>\n<p><b><span style=\"color: #ba213d;\">Cet accessoire est compatible avec le(s) produit(s) suivant(s) :<\/span><\/b><br \/>\n<b>Pour BERNINA :\u00a0<\/b>801 &#8211; 802 &#8211; 803 &#8211; 801S &#8211; 802S &#8211; 803S &#8211;\u00a01000 &#8211; 1000S &#8211; 1001 &#8211; 1000+ &#8211; 1000S &#8211;\u00a01004 &#8211; 1005 &#8211; 1006 &#8211; 1008 &#8211; 1010 &#8211; 1011 &amp; 1015.<\/p>\n","protected":false},"featured_media":10604,"comment_status":"open","ping_status":"closed","template":"","meta":{"om_disable_all_campaigns":false,"_monsterinsights_skip_tracking":false,"_monsterinsights_sitenote_active":false,"_monsterinsights_sitenote_note":"","_monsterinsights_sitenote_category":0,"_uf_show_specific_survey":0,"_uf_disable_surveys":false},"product_brand":[],"product_cat":[267],"product_tag":[],"giftcard-category":[],"class_list":{"0":"post-10603","1":"product","2":"type-product","3":"status-publish","4":"has-post-thumbnail","6":"product_cat-pedale-rehostat","8":"first","9":"instock","10":"shipping-taxable","11":"purchasable","12":"product-type-simple"},"aioseo_notices":[],"jetpack_sharing_enabled":true,"_links":{"self":[{"href":"https:\/\/berninabrussels.be\/index.php?rest_route=\/wp\/v2\/product\/10603","targetHints":{"allow":["GET"]}}],"collection":[{"href":"https:\/\/berninabrussels.be\/index.php?rest_route=\/wp\/v2\/product"}],"about":[{"href":"https:\/\/berninabrussels.be\/index.php?rest_route=\/wp\/v2\/types\/product"}],"replies":[{"embeddable":true,"href":"https:\/\/berninabrussels.be\/index.php?rest_route=%2Fwp%2Fv2%2Fcomments&post=10603"}],"wp:featuredmedia":[{"embeddable":true,"href":"https:\/\/berninabrussels.be\/index.php?rest_route=\/wp\/v2\/media\/10604"}],"wp:attachment":[{"href":"https:\/\/berninabrussels.be\/index.php?rest_route=%2Fwp%2Fv2%2Fmedia&parent=10603"}],"wp:term":[{"taxonomy":"product_brand","embeddable":true,"href":"https:\/\/berninabrussels.be\/index.php?rest_route=%2Fwp%2Fv2%2Fproduct_brand&post=10603"},{"taxonomy":"product_cat","embeddable":true,"href":"https:\/\/berninabrussels.be\/index.php?rest_route=%2Fwp%2Fv2%2Fproduct_cat&post=10603"},{"taxonomy":"product_tag","embeddable":true,"href":"https:\/\/berninabrussels.be\/index.php?rest_route=%2Fwp%2Fv2%2Fproduct_tag&post=10603"},{"taxonomy":"giftcard-category","embeddable":true,"href":"https:\/\/berninabrussels.be\/index.php?rest_route=%2Fwp%2Fv2%2Fgiftcard-category&post=10603"}],"curies":[{"name":"wp","href":"https:\/\/api.w.org\/{rel}","templated":true}]}}