{"id":1059,"date":"2023-05-09T17:05:30","date_gmt":"2023-05-09T15:05:30","guid":{"rendered":"https:\/\/berninabrussels.be\/?post_type=product&#038;p=1059"},"modified":"2023-05-09T20:43:40","modified_gmt":"2023-05-09T18:43:40","slug":"pied-anti-adherents-teflon-jq-bernette","status":"publish","type":"product","link":"https:\/\/berninabrussels.be\/?product=pied-anti-adherents-teflon-jq-bernette","title":{"rendered":"Pied anti-adh\u00e9rents, t\u00e9flon JQ Bernette"},"content":{"rendered":"<h3>Pied anti-adh\u00e9rents, t\u00e9flon JQ BERNETTE<\/h3>\n<p><b>Original Bernette<\/b><\/p>\n<p>Ce pied est id\u00e9alement indiqu\u00e9 pour l&rsquo;ex\u00e9cution de toute couture utilitaire au point droit ou point zigzag. (sauf les boutonni\u00e8res ou les points satins)<\/p>\n<p>Ce pied est dot\u00e9 d\u2019un rev\u00eatement sp\u00e9cial au niveau de sa semelle, vous pouvez dor\u00e9navant travailler des mati\u00e8res tr\u00e8s contraignantes au niveau de l\u2018entra\u00eenement, comme le cuir, la mousse, le vinyle, les su\u00e9dines et les mati\u00e8res imperm\u00e9ables.<\/p>\n","protected":false},"excerpt":{"rendered":"<p>Pied anti-adh\u00e9rents, t\u00e9flon JQ BERNETTE Original Bernette Ce pied est id\u00e9alement indiqu\u00e9 pour l&rsquo;ex\u00e9cution de toute couture utilitaire au point droit ou point zigzag. (sauf les boutonni\u00e8res ou les points satins) Ce pied est dot\u00e9 d\u2019un rev\u00eatement sp\u00e9cial au niveau de sa semelle, vous pouvez dor\u00e9navant travailler des mati\u00e8res tr\u00e8s contraignantes au niveau de l\u2018entra\u00eenement,&hellip;<\/p>\n","protected":false},"featured_media":1060,"comment_status":"open","ping_status":"closed","template":"","meta":{"om_disable_all_campaigns":false,"_monsterinsights_skip_tracking":false,"_monsterinsights_sitenote_active":false,"_monsterinsights_sitenote_note":"","_monsterinsights_sitenote_category":0,"_uf_show_specific_survey":0,"_uf_disable_surveys":false},"product_brand":[],"product_cat":[42,44,240,192],"product_tag":[],"giftcard-category":[],"class_list":{"0":"post-1059","1":"product","2":"type-product","3":"status-publish","4":"has-post-thumbnail","6":"product_cat-accesoires","7":"product_cat-machine-a-coudre","8":"product_cat-pieds-presseurs","9":"product_cat-autres","10":"pa_marque-bernette","12":"first","13":"instock","14":"sale","15":"shipping-taxable","16":"purchasable","17":"product-type-simple"},"aioseo_notices":[],"jetpack_sharing_enabled":true,"_links":{"self":[{"href":"https:\/\/berninabrussels.be\/index.php?rest_route=\/wp\/v2\/product\/1059","targetHints":{"allow":["GET"]}}],"collection":[{"href":"https:\/\/berninabrussels.be\/index.php?rest_route=\/wp\/v2\/product"}],"about":[{"href":"https:\/\/berninabrussels.be\/index.php?rest_route=\/wp\/v2\/types\/product"}],"replies":[{"embeddable":true,"href":"https:\/\/berninabrussels.be\/index.php?rest_route=%2Fwp%2Fv2%2Fcomments&post=1059"}],"wp:featuredmedia":[{"embeddable":true,"href":"https:\/\/berninabrussels.be\/index.php?rest_route=\/wp\/v2\/media\/1060"}],"wp:attachment":[{"href":"https:\/\/berninabrussels.be\/index.php?rest_route=%2Fwp%2Fv2%2Fmedia&parent=1059"}],"wp:term":[{"taxonomy":"product_brand","embeddable":true,"href":"https:\/\/berninabrussels.be\/index.php?rest_route=%2Fwp%2Fv2%2Fproduct_brand&post=1059"},{"taxonomy":"product_cat","embeddable":true,"href":"https:\/\/berninabrussels.be\/index.php?rest_route=%2Fwp%2Fv2%2Fproduct_cat&post=1059"},{"taxonomy":"product_tag","embeddable":true,"href":"https:\/\/berninabrussels.be\/index.php?rest_route=%2Fwp%2Fv2%2Fproduct_tag&post=1059"},{"taxonomy":"giftcard-category","embeddable":true,"href":"https:\/\/berninabrussels.be\/index.php?rest_route=%2Fwp%2Fv2%2Fgiftcard-category&post=1059"}],"curies":[{"name":"wp","href":"https:\/\/api.w.org\/{rel}","templated":true}]}}