{"id":10587,"date":"2025-12-26T15:47:51","date_gmt":"2025-12-26T14:47:51","guid":{"rendered":"https:\/\/berninabrussels.be\/?post_type=product&#038;p=10587"},"modified":"2025-12-26T15:47:51","modified_gmt":"2025-12-26T14:47:51","slug":"aiguille-universelle-bernina-60-110","status":"publish","type":"product","link":"https:\/\/berninabrussels.be\/?product=aiguille-universelle-bernina-60-110","title":{"rendered":"Aiguille universelle Bernina (60->110)"},"content":{"rendered":"<div class=\"r-container r-text-block inverted-ltd\">\n<h1>Aiguille universelle<\/h1>\n<p>pour tissus synth\u00e9tiques et naturels.<\/p>\n<\/div>\n<div class=\"r-container r-text-block\">\n<div id=\"p_lt_zoneContent_pageplaceholder_p_lt_ctl00_zoneContent_BerninaNeedleFinderNeedleDetails_pnlContainer\" class=\"r-table-container\">\n<table>\n<tbody>\n<tr>\n<td>Machines adapt\u00e9es<\/td>\n<td>\u00a0Surjet, BERNINA S\u00e9rie 8, Quilter \u00e0 bras long, BERNINA S\u00e9rie 7, BERNINA S\u00e9rie 5, BERNINA S\u00e9rie 5, BERNINA artista, BERNINA activa, BERNINA S\u00e9rie 4, BERNINA S\u00e9rie 3, BERNINA S\u00e9rie 3, BERNINA S\u00e9rie 2, BERNINA S\u00e9rie Classic<\/td>\n<\/tr>\n<tr>\n<td>Mati\u00e8res adapt\u00e9es<\/td>\n<td>Jersey (l\u00e9ger, mi-lourd, lourd), Maille, Cuir, Plastique, Jeans \/ Denim<\/td>\n<\/tr>\n<tr>\n<td>Ouvrages adapt\u00e9s<\/td>\n<td>G\u00e9n\u00e9ralit\u00e9s sur la couture, Coudre des boutons et des boutonni\u00e8res, Mat\u00e9riaux \u00e9lastiques \/ extensibles, Fermetures \u00e0 glissi\u00e8re, Ourlets et surpiq\u00fbres, Couture d\u00e9corative, Broder, Faire du patchwork, Quilter<\/td>\n<\/tr>\n<tr>\n<td>\u00c9paisseur de l&rsquo;aiguille NM<\/td>\n<td>90\/14 &#8211; 110\/18<\/td>\n<\/tr>\n<\/tbody>\n<\/table>\n<\/div>\n<\/div>\n","protected":false},"excerpt":{"rendered":"<p>Aiguille universelle pour tissus synth\u00e9tiques et naturels. Machines adapt\u00e9es \u00a0Surjet, BERNINA S\u00e9rie 8, Quilter \u00e0 bras long, BERNINA S\u00e9rie 7, BERNINA S\u00e9rie 5, BERNINA S\u00e9rie 5, BERNINA artista, BERNINA activa, BERNINA S\u00e9rie 4, BERNINA S\u00e9rie 3, BERNINA S\u00e9rie 3, BERNINA S\u00e9rie 2, BERNINA S\u00e9rie Classic Mati\u00e8res adapt\u00e9es Jersey (l\u00e9ger, mi-lourd, lourd), Maille, Cuir, Plastique, Jeans&hellip;<\/p>\n","protected":false},"featured_media":10588,"comment_status":"open","ping_status":"closed","template":"","meta":{"om_disable_all_campaigns":false,"_monsterinsights_skip_tracking":false,"_monsterinsights_sitenote_active":false,"_monsterinsights_sitenote_note":"","_monsterinsights_sitenote_category":0,"_uf_show_specific_survey":0,"_uf_disable_surveys":false},"product_brand":[],"product_cat":[105],"product_tag":[],"giftcard-category":[],"class_list":{"0":"post-10587","1":"product","2":"type-product","3":"status-publish","4":"has-post-thumbnail","6":"product_cat-aiguille-machine-a-coudre","8":"first","9":"instock","10":"shipping-taxable","11":"purchasable","12":"product-type-variable"},"aioseo_notices":[],"jetpack_sharing_enabled":true,"_links":{"self":[{"href":"https:\/\/berninabrussels.be\/index.php?rest_route=\/wp\/v2\/product\/10587","targetHints":{"allow":["GET"]}}],"collection":[{"href":"https:\/\/berninabrussels.be\/index.php?rest_route=\/wp\/v2\/product"}],"about":[{"href":"https:\/\/berninabrussels.be\/index.php?rest_route=\/wp\/v2\/types\/product"}],"replies":[{"embeddable":true,"href":"https:\/\/berninabrussels.be\/index.php?rest_route=%2Fwp%2Fv2%2Fcomments&post=10587"}],"wp:featuredmedia":[{"embeddable":true,"href":"https:\/\/berninabrussels.be\/index.php?rest_route=\/wp\/v2\/media\/10588"}],"wp:attachment":[{"href":"https:\/\/berninabrussels.be\/index.php?rest_route=%2Fwp%2Fv2%2Fmedia&parent=10587"}],"wp:term":[{"taxonomy":"product_brand","embeddable":true,"href":"https:\/\/berninabrussels.be\/index.php?rest_route=%2Fwp%2Fv2%2Fproduct_brand&post=10587"},{"taxonomy":"product_cat","embeddable":true,"href":"https:\/\/berninabrussels.be\/index.php?rest_route=%2Fwp%2Fv2%2Fproduct_cat&post=10587"},{"taxonomy":"product_tag","embeddable":true,"href":"https:\/\/berninabrussels.be\/index.php?rest_route=%2Fwp%2Fv2%2Fproduct_tag&post=10587"},{"taxonomy":"giftcard-category","embeddable":true,"href":"https:\/\/berninabrussels.be\/index.php?rest_route=%2Fwp%2Fv2%2Fgiftcard-category&post=10587"}],"curies":[{"name":"wp","href":"https:\/\/api.w.org\/{rel}","templated":true}]}}